{"id":836,"date":"2021-02-26T13:11:09","date_gmt":"2021-02-26T13:11:09","guid":{"rendered":"https:\/\/marina-kremik.com\/kids-club\/"},"modified":"2023-04-10T17:55:25","modified_gmt":"2023-04-10T15:55:25","slug":"hajos-bolt","status":"publish","type":"page","link":"https:\/\/marina-kremik.com\/hu\/ajanlat\/hajos-bolt\/","title":{"rendered":"Haj\u00f3s bolt (Boat Shop)"},"content":{"rendered":"<div class=\"wpb-content-wrapper\"><p>[vc_row row_height_percent=&#8221;0&#8243; override_padding=&#8221;yes&#8221; h_padding=&#8221;2&#8243; top_padding=&#8221;3&#8243; bottom_padding=&#8221;2&#8243; overlay_alpha=&#8221;50&#8243; gutter_size=&#8221;3&#8243; column_width_percent=&#8221;100&#8243; shift_y=&#8221;0&#8243; z_index=&#8221;0&#8243;][vc_column column_width_use_pixel=&#8221;yes&#8221; position_horizontal=&#8221;left&#8221; gutter_size=&#8221;2&#8243; back_color=&#8221;color-207971&#8243; overlay_alpha=&#8221;50&#8243; border_color=&#8221;color-platinum&#8221; border_style=&#8221;solid&#8221; shift_x=&#8221;0&#8243; shift_y=&#8221;0&#8243; shift_y_down=&#8221;0&#8243; z_index=&#8221;0&#8243; medium_width=&#8221;0&#8243; mobile_width=&#8221;0&#8243; radius=&#8221;xs&#8221; width=&#8221;1\/1&#8243; column_width_pixel=&#8221;900&#8243; css=&#8221;.vc_custom_1621594307609{border-left-width: 3px !important;}&#8221;][uncode_breadcrumbs text_lead=&#8221;small&#8221;][vc_custom_heading auto_text=&#8221;yes&#8221; heading_semantic=&#8221;h1&#8243; text_size=&#8221;h1&#8243; text_weight=&#8221;700&#8243;][\/vc_custom_heading][vc_column_text uncode_shortcode_id=&#8221;212302&#8243;]<\/p>\n<p class=\"p1\">A Kremik Jachtkik\u00f6t\u0151ben egy haj\u00f3z\u00e1si felszerel\u00e9sek boltja is tal\u00e1lhat\u00f3, ahol felszerelheti haj\u00f3j\u00e1t \u00e9s saj\u00e1t r\u00e9sz\u00e9re is neves gy\u00e1rt\u00f3k felszerel\u00e9seit tal\u00e1lhatja meg, amelyekb\u0151l kiemelj\u00fck a k\u00f6vetkez\u0151ket:<\/p>\n<ul class=\"ul1\">\n<li class=\"li1\">\u201eHARKEN\u201d \u00e9s \u201eSPINLOK\u201d, a vil\u00e1g legjobb csig\u00e1inak \u00e9s \u00fctk\u00f6z\u0151inek gy\u00e1rt\u00f3i<\/li>\n<li class=\"li1\">\u201eWHALE\u201d \u00e9s \u201eJABSCO\u201d, a mindenf\u00e9le rendeltet\u00e9s\u0171 haj\u00f3 szivatty\u00fak elismert gy\u00e1rt\u00f3i,<\/li>\n<li class=\"li1\">\u201eMUSTO\u201d, \u201eRUSTO\u201d \u00e9s \u201eTBS\u201d cs\u00facs haj\u00f3s ruh\u00e1zat \u00e9s l\u00e1bbeli<\/li>\n<li class=\"li1\">\u201eYAHTICON\u201d haj\u00f3kozmetika<\/li>\n<li class=\"li1\">\u201eHEMPEL\u201d fest\u00e9kek<\/li>\n<li class=\"li1\">\u201eHONDA\u201d haj\u00f3n k\u00edv\u00fcli motorok<\/li>\n<\/ul>\n<p>Tov\u00e1bbi inform\u00e1ci\u00f3kat a weboldalon tal\u00e1lhat.[\/vc_column_text][\/vc_column][\/vc_row]<\/p>\n<\/div>","protected":false},"excerpt":{"rendered":"<p>[vc_row row_height_percent=&#8221;0&#8243; override_padding=&#8221;yes&#8221; h_padding=&#8221;2&#8243; top_padding=&#8221;3&#8243; bottom_padding=&#8221;2&#8243; overlay_alpha=&#8221;50&#8243; gutter_size=&#8221;3&#8243; column_width_percent=&#8221;100&#8243; shift_y=&#8221;0&#8243; z_index=&#8221;0&#8243;][vc_column column_width_use_pixel=&#8221;yes&#8221; position_horizontal=&#8221;left&#8221; gutter_size=&#8221;2&#8243; back_color=&#8221;color-207971&#8243; overlay_alpha=&#8221;50&#8243; border_color=&#8221;color-platinum&#8221; border_style=&#8221;solid&#8221; shift_x=&#8221;0&#8243; shift_y=&#8221;0&#8243; [&hellip;]<\/p>\n","protected":false},"author":1,"featured_media":5736,"parent":2301,"menu_order":0,"comment_status":"closed","ping_status":"closed","template":"","meta":{"footnotes":""},"class_list":["post-836","page","type-page","status-publish","has-post-thumbnail","hentry","page_category-offer-hu"],"_links":{"self":[{"href":"https:\/\/marina-kremik.com\/hu\/wp-json\/wp\/v2\/pages\/836","targetHints":{"allow":["GET"]}}],"collection":[{"href":"https:\/\/marina-kremik.com\/hu\/wp-json\/wp\/v2\/pages"}],"about":[{"href":"https:\/\/marina-kremik.com\/hu\/wp-json\/wp\/v2\/types\/page"}],"author":[{"embeddable":true,"href":"https:\/\/marina-kremik.com\/hu\/wp-json\/wp\/v2\/users\/1"}],"replies":[{"embeddable":true,"href":"https:\/\/marina-kremik.com\/hu\/wp-json\/wp\/v2\/comments?post=836"}],"version-history":[{"count":2,"href":"https:\/\/marina-kremik.com\/hu\/wp-json\/wp\/v2\/pages\/836\/revisions"}],"predecessor-version":[{"id":6855,"href":"https:\/\/marina-kremik.com\/hu\/wp-json\/wp\/v2\/pages\/836\/revisions\/6855"}],"up":[{"embeddable":true,"href":"https:\/\/marina-kremik.com\/hu\/wp-json\/wp\/v2\/pages\/2301"}],"wp:featuredmedia":[{"embeddable":true,"href":"https:\/\/marina-kremik.com\/hu\/wp-json\/wp\/v2\/media\/5736"}],"wp:attachment":[{"href":"https:\/\/marina-kremik.com\/hu\/wp-json\/wp\/v2\/media?parent=836"}],"curies":[{"name":"wp","href":"https:\/\/api.w.org\/{rel}","templated":true}]}}