{"id":4545,"date":"2021-04-19T08:58:59","date_gmt":"2021-04-19T08:58:59","guid":{"rendered":"https:\/\/marina-kremik.com\/?page_id=4545"},"modified":"2025-03-20T12:40:29","modified_gmt":"2025-03-20T10:40:29","slug":"hirek-informaciok","status":"publish","type":"page","link":"https:\/\/marina-kremik.com\/hu\/hirek-informaciok\/","title":{"rendered":"H\u00edrek &#038; Inform\u00e1ci\u00f3k"},"content":{"rendered":"<div class=\"wpb-content-wrapper\"><p>[vc_row row_height_percent=&#8221;0&#8243; override_padding=&#8221;yes&#8221; h_padding=&#8221;2&#8243; top_padding=&#8221;3&#8243; bottom_padding=&#8221;2&#8243; overlay_alpha=&#8221;50&#8243; gutter_size=&#8221;3&#8243; column_width_percent=&#8221;100&#8243; shift_y=&#8221;0&#8243; z_index=&#8221;0&#8243;][vc_column column_width_percent=&#8221;100&#8243; position_horizontal=&#8221;left&#8221; gutter_size=&#8221;2&#8243; back_color=&#8221;color-207971&#8243; overlay_alpha=&#8221;50&#8243; radius=&#8221;xs&#8221; border_color=&#8221;color-platinum&#8221; border_style=&#8221;solid&#8221; shift_x=&#8221;0&#8243; shift_y=&#8221;0&#8243; shift_y_down=&#8221;0&#8243; z_index=&#8221;0&#8243; medium_width=&#8221;0&#8243; mobile_width=&#8221;0&#8243; width=&#8221;1\/1&#8243; css=&#8221;.vc_custom_1621594427235{border-left-width: 3px !important;}&#8221;][uncode_breadcrumbs text_lead=&#8221;small&#8221;][vc_custom_heading auto_text=&#8221;yes&#8221; heading_semantic=&#8221;h3&#8243; text_size=&#8221;h1&#8243; text_weight=&#8221;700&#8243;][\/vc_custom_heading][vc_row_inner row_inner_height_percent=&#8221;0&#8243; overlay_alpha=&#8221;50&#8243; equal_height=&#8221;yes&#8221; gutter_size=&#8221;3&#8243; shift_y=&#8221;0&#8243; z_index=&#8221;0&#8243; limit_content=&#8221;&#8221;][vc_column_inner column_width_percent=&#8221;100&#8243; gutter_size=&#8221;2&#8243; back_color=&#8221;color-xsdn&#8221; overlay_alpha=&#8221;50&#8243; border_color=&#8221;color-gyho&#8221; border_style=&#8221;solid&#8221; shift_x=&#8221;0&#8243; shift_y=&#8221;0&#8243; shift_y_down=&#8221;0&#8243; z_index=&#8221;0&#8243; medium_width=&#8221;0&#8243; mobile_width=&#8221;0&#8243; width=&#8221;1\/2&#8243; css=&#8221;.vc_custom_1620989580441{border-top-width: 1px !important;border-right-width: 1px !important;border-bottom-width: 1px !important;border-left-width: 1px !important;}&#8221;][vc_column_text uncode_shortcode_id=&#8221;125434&#8243;]<strong>SZERVIZ SZOLG\u00c1LTAT\u00c1S<\/strong><\/p>\n<p>A szerviz szolg\u00e1ltat\u00e1st a Kremik jachtkik\u00f6t\u0151ben a 2022-es \u00e9v v\u00e9g\u00e9t\u0151l a Kremik Nautic Center d.o.o. ny\u00fajtja, amely minden t\u00edpus\u00fa haj\u00f3 jav\u00edt\u00e1s\u00e1ra, karbantart\u00e1s\u00e1ra \u00e9s korszer\u0171s\u00edt\u00e9s\u00e9re szakosodott.<\/p>\n<p>T\u00f6bb inform\u00e1ci\u00f3t a k\u00f6vetkez\u0151 weboldalon tal\u00e1lhat:<\/p>\n<p><a href=\"https:\/\/kremik-nautic-center.com\/\" target=\"_blank\" rel=\"noopener\"><em>https:\/\/kremik-nautic-center.com\/<\/em><\/a>[\/vc_column_text][vc_button button_color=&#8221;color-oxford&#8221; border_width=&#8221;0&#8243; icon_position=&#8221;right&#8221; link=&#8221;url:https%3A%2F%2Fkremik-nautic-center.com%2F|target:_blank&#8221; icon=&#8221;fa fa-open&#8221; button_color_type=&#8221;uncode-palette&#8221; uncode_shortcode_id=&#8221;132988&#8243;]More details[\/vc_button][\/vc_column_inner][vc_column_inner column_width_percent=&#8221;100&#8243; gutter_size=&#8221;3&#8243; back_color=&#8221;color-xsdn&#8221; overlay_alpha=&#8221;50&#8243; border_color=&#8221;color-gyho&#8221; border_style=&#8221;solid&#8221; shift_x=&#8221;0&#8243; shift_y=&#8221;0&#8243; shift_y_down=&#8221;0&#8243; z_index=&#8221;0&#8243; medium_width=&#8221;0&#8243; mobile_width=&#8221;0&#8243; width=&#8221;1\/2&#8243; uncode_shortcode_id=&#8221;103033&#8243; back_color_type=&#8221;uncode-palette&#8221; border_color_type=&#8221;uncode-palette&#8221; css=&#8221;.vc_custom_1682417444641{border-top-width: 1px !important;border-right-width: 1px !important;border-bottom-width: 1px !important;border-left-width: 1px !important;}&#8221;][vc_column_text uncode_shortcode_id=&#8221;149050&#8243;]<strong>SZERVIZ PLATFORM FEL\u00daJ\u00cdT\u00c1SA<\/strong><\/p>\n<p>A Kremik jachtkik\u00f6t\u0151 infrastruktur\u00e1lis fejleszt\u00e9si strat\u00e9gi\u00e1j\u00e1nak megfelel\u0151en megkezdt\u00fck a jachtkik\u00f6t\u0151 szerviz platformj\u00e1nak fel\u00faj\u00edt\u00e1s\u00e1t. A fel\u00faj\u00edt\u00e1s keret\u00e9n bel\u00fcl a betonalap megemel\u00e9se, az \u00f6sszes csapad\u00e9kelvezet\u0151 elem, energiacsatorna elt\u00e1vol\u00edt\u00e1sa, valamint a sz\u00f3ban forg\u00f3 projektet behat\u00e1rol\u00f3 megl\u00e9v\u0151 ker\u00edt\u00e9s elt\u00e1vol\u00edt\u00e1sa van tervben. A platform \u00faj elektromos szekr\u00e9nyekkel lesz felszerelve a berendez\u00e9sek csatlakoztat\u00e1sa c\u00e9lj\u00e1b\u00f3l, \u00faj vil\u00e1g\u00edt\u00f3oszlopokkal, amelyek a m\u0171szaki k\u00f6vetelm\u00e9nyeknek \u00e9s szabv\u00e1nyoknak megfelel\u0151en magas szint\u0171 biztons\u00e1got ny\u00fajtanak a szerviz platform ter\u00fclet\u00e9n. Egy tov\u00e1bbi szepar\u00e1tort is be\u00e9p\u00edtenek, amely magas szint\u0171 k\u00f6rnyezetv\u00e9delmi el\u0151\u00edr\u00e1sokat biztos\u00edt a szennyv\u00edz elvezet\u00e9s\u00e9re a szerviz ter\u00fclet\u00e9nek haj\u00f3mos\u00f3j\u00e1ban.[\/vc_column_text][\/vc_column_inner][\/vc_row_inner][vc_row_inner row_inner_height_percent=&#8221;0&#8243; overlay_alpha=&#8221;50&#8243; equal_height=&#8221;yes&#8221; gutter_size=&#8221;3&#8243; shift_y=&#8221;0&#8243; z_index=&#8221;0&#8243; limit_content=&#8221;&#8221;][vc_column_inner column_width_percent=&#8221;100&#8243; gutter_size=&#8221;2&#8243; back_color=&#8221;color-xsdn&#8221; overlay_alpha=&#8221;50&#8243; border_color=&#8221;color-gyho&#8221; border_style=&#8221;solid&#8221; shift_x=&#8221;0&#8243; shift_y=&#8221;0&#8243; shift_y_down=&#8221;0&#8243; z_index=&#8221;0&#8243; medium_width=&#8221;0&#8243; mobile_width=&#8221;0&#8243; width=&#8221;1\/2&#8243; css=&#8221;.vc_custom_1620989570663{border-top-width: 1px !important;border-right-width: 1px !important;border-bottom-width: 1px !important;border-left-width: 1px !important;}&#8221;][vc_column_text]<strong>Kornati Nemzeti Park:<\/strong>[\/vc_column_text][vc_button button_color=&#8221;color-oxford&#8221; border_width=&#8221;0&#8243; icon_position=&#8221;right&#8221; link=&#8221;url:https%3A%2F%2Fshop.np-kornati.hr%2Fen|target:_blank&#8221; icon=&#8221;fa fa-open&#8221;]More details[\/vc_button][\/vc_column_inner][vc_column_inner column_width_percent=&#8221;100&#8243; gutter_size=&#8221;2&#8243; back_color=&#8221;color-xsdn&#8221; overlay_alpha=&#8221;50&#8243; border_color=&#8221;color-gyho&#8221; border_style=&#8221;solid&#8221; shift_x=&#8221;0&#8243; shift_y=&#8221;0&#8243; shift_y_down=&#8221;0&#8243; z_index=&#8221;0&#8243; medium_width=&#8221;0&#8243; mobile_width=&#8221;0&#8243; width=&#8221;1\/2&#8243; css=&#8221;.vc_custom_1620989580441{border-top-width: 1px !important;border-right-width: 1px !important;border-bottom-width: 1px !important;border-left-width: 1px !important;}&#8221;][vc_column_text]<strong>Horg\u00e1szenged\u00e9ly sporthorg\u00e1szoknak:<\/strong>[\/vc_column_text][vc_button button_color=&#8221;color-oxford&#8221; border_width=&#8221;0&#8243; icon_position=&#8221;right&#8221; link=&#8221;url:https%3A%2F%2Fribarstvo.mps.hr%2Fdefault.aspx%3Fid%3D5010|target:_blank&#8221; icon=&#8221;fa fa-open&#8221;]More details[\/vc_button][\/vc_column_inner][\/vc_row_inner][vc_row_inner row_inner_height_percent=&#8221;0&#8243; overlay_alpha=&#8221;50&#8243; equal_height=&#8221;yes&#8221; gutter_size=&#8221;3&#8243; shift_y=&#8221;0&#8243; z_index=&#8221;0&#8243; limit_content=&#8221;&#8221;][vc_column_inner column_width_percent=&#8221;100&#8243; gutter_size=&#8221;2&#8243; back_color=&#8221;color-xsdn&#8221; overlay_alpha=&#8221;50&#8243; border_color=&#8221;color-gyho&#8221; border_style=&#8221;solid&#8221; shift_x=&#8221;0&#8243; shift_y=&#8221;0&#8243; shift_y_down=&#8221;0&#8243; z_index=&#8221;0&#8243; medium_width=&#8221;0&#8243; mobile_width=&#8221;0&#8243; width=&#8221;1\/2&#8243; css=&#8221;.vc_custom_1620989570663{border-top-width: 1px !important;border-right-width: 1px !important;border-bottom-width: 1px !important;border-left-width: 1px !important;}&#8221;][vc_column_text]<strong>\u00dcd\u00fcl\u0151helyi illet\u00e9k haj\u00f3z\u00f3knak:<\/strong>[\/vc_column_text][vc_button button_color=&#8221;color-oxford&#8221; border_width=&#8221;0&#8243; icon_position=&#8221;right&#8221; link=&#8221;url:https%3A%2F%2Fwww.nautika.evisitor.hr%2F%3Flang%3Den|target:_blank&#8221; icon=&#8221;fa fa-open&#8221;]More details[\/vc_button][\/vc_column_inner][vc_column_inner column_width_percent=&#8221;100&#8243; gutter_size=&#8221;2&#8243; back_color=&#8221;color-xsdn&#8221; overlay_alpha=&#8221;50&#8243; border_color=&#8221;color-gyho&#8221; border_style=&#8221;solid&#8221; shift_x=&#8221;0&#8243; shift_y=&#8221;0&#8243; shift_y_down=&#8221;0&#8243; z_index=&#8221;0&#8243; medium_width=&#8221;0&#8243; mobile_width=&#8221;0&#8243; width=&#8221;1\/2&#8243; css=&#8221;.vc_custom_1620989580441{border-top-width: 1px !important;border-right-width: 1px !important;border-bottom-width: 1px !important;border-left-width: 1px !important;}&#8221;][vc_column_text uncode_shortcode_id=&#8221;166458&#8243;]<strong>Id\u0151j\u00e1r\u00e1s el\u0151rejelz\u00e9s:<\/strong>[\/vc_column_text][vc_button button_color=&#8221;color-oxford&#8221; border_width=&#8221;0&#8243; icon_position=&#8221;right&#8221; link=&#8221;url:https%3A%2F%2Fmeteo.hr%2Fprognoze.php%3Fsection%3Dprognoze_specp%26param%3Djadran%26el%3Djadran_e|target:_blank&#8221; icon=&#8221;fa fa-open&#8221; button_color_type=&#8221;uncode-palette&#8221; uncode_shortcode_id=&#8221;163030&#8243;]More details[\/vc_button][\/vc_column_inner][\/vc_row_inner][\/vc_column][\/vc_row]<\/p>\n<\/div>","protected":false},"excerpt":{"rendered":"<p>[vc_row row_height_percent=&#8221;0&#8243; override_padding=&#8221;yes&#8221; h_padding=&#8221;2&#8243; top_padding=&#8221;3&#8243; bottom_padding=&#8221;2&#8243; overlay_alpha=&#8221;50&#8243; gutter_size=&#8221;3&#8243; column_width_percent=&#8221;100&#8243; shift_y=&#8221;0&#8243; z_index=&#8221;0&#8243;][vc_column column_width_percent=&#8221;100&#8243; position_horizontal=&#8221;left&#8221; gutter_size=&#8221;2&#8243; back_color=&#8221;color-207971&#8243; overlay_alpha=&#8221;50&#8243; radius=&#8221;xs&#8221; border_color=&#8221;color-platinum&#8221; border_style=&#8221;solid&#8221; shift_x=&#8221;0&#8243; [&hellip;]<\/p>\n","protected":false},"author":1,"featured_media":0,"parent":0,"menu_order":0,"comment_status":"closed","ping_status":"closed","template":"","meta":{"footnotes":""},"class_list":["post-4545","page","type-page","status-publish","hentry","page_category-subpage-hu"],"_links":{"self":[{"href":"https:\/\/marina-kremik.com\/hu\/wp-json\/wp\/v2\/pages\/4545","targetHints":{"allow":["GET"]}}],"collection":[{"href":"https:\/\/marina-kremik.com\/hu\/wp-json\/wp\/v2\/pages"}],"about":[{"href":"https:\/\/marina-kremik.com\/hu\/wp-json\/wp\/v2\/types\/page"}],"author":[{"embeddable":true,"href":"https:\/\/marina-kremik.com\/hu\/wp-json\/wp\/v2\/users\/1"}],"replies":[{"embeddable":true,"href":"https:\/\/marina-kremik.com\/hu\/wp-json\/wp\/v2\/comments?post=4545"}],"version-history":[{"count":6,"href":"https:\/\/marina-kremik.com\/hu\/wp-json\/wp\/v2\/pages\/4545\/revisions"}],"predecessor-version":[{"id":7114,"href":"https:\/\/marina-kremik.com\/hu\/wp-json\/wp\/v2\/pages\/4545\/revisions\/7114"}],"wp:attachment":[{"href":"https:\/\/marina-kremik.com\/hu\/wp-json\/wp\/v2\/media?parent=4545"}],"curies":[{"name":"wp","href":"https:\/\/api.w.org\/{rel}","templated":true}]}}