{"id":340,"date":"2021-02-26T13:11:20","date_gmt":"2021-02-26T13:11:20","guid":{"rendered":"https:\/\/marina-kremik.com\/wellness\/"},"modified":"2023-04-10T17:52:43","modified_gmt":"2023-04-10T15:52:43","slug":"etterem","status":"publish","type":"page","link":"https:\/\/marina-kremik.com\/hu\/ajanlat\/etterem\/","title":{"rendered":"\u00c9tterem"},"content":{"rendered":"<div class=\"wpb-content-wrapper\"><p>[vc_row row_height_percent=&#8221;0&#8243; override_padding=&#8221;yes&#8221; h_padding=&#8221;2&#8243; top_padding=&#8221;3&#8243; bottom_padding=&#8221;2&#8243; overlay_alpha=&#8221;50&#8243; gutter_size=&#8221;3&#8243; column_width_percent=&#8221;100&#8243; shift_y=&#8221;0&#8243; z_index=&#8221;0&#8243;][vc_column column_width_use_pixel=&#8221;yes&#8221; position_horizontal=&#8221;left&#8221; gutter_size=&#8221;2&#8243; back_color=&#8221;color-207971&#8243; overlay_alpha=&#8221;50&#8243; border_color=&#8221;color-platinum&#8221; border_style=&#8221;solid&#8221; shift_x=&#8221;0&#8243; shift_y=&#8221;0&#8243; shift_y_down=&#8221;0&#8243; z_index=&#8221;0&#8243; medium_width=&#8221;0&#8243; mobile_width=&#8221;0&#8243; radius=&#8221;xs&#8221; width=&#8221;1\/1&#8243; column_width_pixel=&#8221;900&#8243; css=&#8221;.vc_custom_1621594300112{border-left-width: 3px !important;}&#8221;][uncode_breadcrumbs text_lead=&#8221;small&#8221;][vc_custom_heading auto_text=&#8221;yes&#8221; heading_semantic=&#8221;h3&#8243; text_size=&#8221;h1&#8243; text_weight=&#8221;700&#8243;][\/vc_custom_heading][vc_column_text uncode_shortcode_id=&#8221;172205&#8243;]Kezdje a napot laz\u00e1n a reggeli k\u00e1v\u00e9 \u00e9s egy friss croissant illat\u00e1val a \u201eDomina\u201d \u00e9tterem terasz\u00e1n, ahonnan megnyugtat\u00f3 kil\u00e1t\u00e1s ny\u00edlik a vitorl\u00e1sokra, a ny\u00edlt tengerre \u00e9s a reggeli naps\u00fct\u00e9sre.<\/p>\n<p>A \u201eDomina\u201d \u00e9tterem a hagyom\u00e1nyos dalm\u00e1t konyh\u00e1val k\u00e9nyezteti a vend\u00e9gek \u00edzlel\u0151bimb\u00f3it, egy korszer\u0171bb form\u00e1ban, kiv\u00e1l\u00f3 desszertekkel, k\u00f6zt\u00fck h\u00e1zi palacsint\u00e1val \u00e9s t\u00f6kolajos van\u00edlia fagylalttal, valamint helyi \u00e9s region\u00e1lis borok gazdag v\u00e1laszt\u00e9k\u00e1val.<\/p>\n<p>Ha esetleg reggelihez, vill\u00e1s reggelihez, eb\u00e9dhez, vacsor\u00e1hoz vagy egyszer\u0171en csak egy kokt\u00e9lhoz lenne kedve, a fedett teraszon k\u00f6zben \u00e9lvezheti a naplement\u00e9t, a \u201eDomina\u201d \u00e9tterem pedig minden k\u00edv\u00e1ns\u00e1g\u00e1t \u00e9s ig\u00e9ny\u00e9t kiel\u00e9g\u00edti, bele\u00e9rtve a glut\u00e9nmentes \u00e9s veget\u00e1ri\u00e1nus \u00e9telek elk\u00e9sz\u00edt\u00e9s\u00e9t is, v\u00e1ltozatos \u00e9s \u00f6tletes m\u00f3don.<\/p>\n<p>A \u201eDomina\u201d \u00e9tterem b\u00fcszke arra, hogy az \u00e9telek elk\u00e9sz\u00edt\u00e9s\u00e9hez csak friss \u00e9s j\u00f3 min\u0151s\u00e9g\u0171 alapanyagokat \u00e9s halat haszn\u00e1l, valamint a mediterr\u00e1n konyh\u00e1n alapul\u00f3 innovat\u00edv \u00edzkombin\u00e1ci\u00f3kat, mik\u00f6zben k\u00edn\u00e1lat\u00e1ban a hagyom\u00e1nyos dalm\u00e1t \u00e9teleket tartja meg, amelyek k\u00edn\u00e1lat\u00e1nak b\u00e1zis\u00e1t alkotj\u00e1k.<\/p>\n<p>Az \u00e9tteremben tal\u00e1lhat\u00f3 egy boroz\u00f3, ahol a dalm\u00e1t borok sz\u00e9les k\u00edn\u00e1lat\u00e1b\u00f3l, szakk\u00e9pzett munkat\u00e1rs seg\u00edts\u00e9g\u00e9vel v\u00e1logathat a kiv\u00e1lasztott \u00e9telhez t\u00f6k\u00e9letesen ill\u0151 borok k\u00f6z\u00fcl.<\/p>\n<p>A \u201eDomina\u201d \u00e9tteremben regatt\u00e1k, fogad\u00e1sok, esk\u00fcv\u0151k \u00e9s egy\u00e9b priv\u00e1t \u00fcnnepl\u00e9sek is megszervezhet\u0151k. A z\u00e1rt r\u00e9szben 130, a teraszon ugyanennyi f\u00e9r\u0151hely tal\u00e1lhat\u00f3. Teljesen klimatiz\u00e1lt, \u00e9s k\u00fcl\u00f6n doh\u00e1nyz\u00f3r\u00e9sszel rendelkezik.<\/p>\n<p class=\"p2\">A \u201eDomina\u201d \u00e9tterem \u00ednyenc alkot\u00e1sait \u00e9s tov\u00e1bbi inform\u00e1ci\u00f3kat a k\u00edn\u00e1latr\u00f3l \u00e9s a szolg\u00e1ltat\u00e1sokr\u00f3l a k\u00f6vetkez\u0151 weboldalon tekintheti meg: <a href=\"https:\/\/restaurant-domina.eatbu.com\/?lang=hr\" target=\"_blank\" rel=\"noopener\"><span class=\"s1\">https:\/\/restaurant-domina.eatbu.com\/?lang=hr<\/span><\/a>.<\/p>\n<p>[\/vc_column_text][\/vc_column][\/vc_row][vc_row row_height_percent=&#8221;0&#8243; override_padding=&#8221;yes&#8221; h_padding=&#8221;2&#8243; top_padding=&#8221;2&#8243; bottom_padding=&#8221;4&#8243; overlay_alpha=&#8221;50&#8243; gutter_size=&#8221;3&#8243; column_width_percent=&#8221;100&#8243; shift_y=&#8221;0&#8243; z_index=&#8221;0&#8243;][vc_column width=&#8221;1\/1&#8243;][vc_gallery el_id=&#8221;gallery-221603&#8243; medias=&#8221;5591&#8243; explode_albums=&#8221;yes&#8221; gutter_size=&#8221;2&#8243; media_items=&#8221;media|lightbox|original&#8221; screen_lg=&#8221;1000&#8243; screen_md=&#8221;600&#8243; screen_sm=&#8221;480&#8243; images_size=&#8221;four-three&#8221; single_shape=&#8221;round&#8221; radius=&#8221;std&#8221; single_overlay_color=&#8221;color-jevc&#8221; single_overlay_coloration=&#8221;bottom_gradient&#8221; single_overlay_opacity=&#8221;50&#8243; single_padding=&#8221;2&#8243; single_shadow=&#8221;yes&#8221; shadow_weight=&#8221;sm&#8221; single_border=&#8221;yes&#8221; uncode_shortcode_id=&#8221;179259&#8243;][\/vc_column][\/vc_row]<\/p>\n<\/div>","protected":false},"excerpt":{"rendered":"<p>[vc_row row_height_percent=&#8221;0&#8243; override_padding=&#8221;yes&#8221; h_padding=&#8221;2&#8243; top_padding=&#8221;3&#8243; bottom_padding=&#8221;2&#8243; overlay_alpha=&#8221;50&#8243; gutter_size=&#8221;3&#8243; column_width_percent=&#8221;100&#8243; shift_y=&#8221;0&#8243; z_index=&#8221;0&#8243;][vc_column column_width_use_pixel=&#8221;yes&#8221; position_horizontal=&#8221;left&#8221; gutter_size=&#8221;2&#8243; back_color=&#8221;color-207971&#8243; overlay_alpha=&#8221;50&#8243; border_color=&#8221;color-platinum&#8221; border_style=&#8221;solid&#8221; shift_x=&#8221;0&#8243; shift_y=&#8221;0&#8243; [&hellip;]<\/p>\n","protected":false},"author":1,"featured_media":5501,"parent":2301,"menu_order":0,"comment_status":"closed","ping_status":"closed","template":"","meta":{"footnotes":""},"class_list":["post-340","page","type-page","status-publish","has-post-thumbnail","hentry","page_category-offer-hu"],"_links":{"self":[{"href":"https:\/\/marina-kremik.com\/hu\/wp-json\/wp\/v2\/pages\/340","targetHints":{"allow":["GET"]}}],"collection":[{"href":"https:\/\/marina-kremik.com\/hu\/wp-json\/wp\/v2\/pages"}],"about":[{"href":"https:\/\/marina-kremik.com\/hu\/wp-json\/wp\/v2\/types\/page"}],"author":[{"embeddable":true,"href":"https:\/\/marina-kremik.com\/hu\/wp-json\/wp\/v2\/users\/1"}],"replies":[{"embeddable":true,"href":"https:\/\/marina-kremik.com\/hu\/wp-json\/wp\/v2\/comments?post=340"}],"version-history":[{"count":2,"href":"https:\/\/marina-kremik.com\/hu\/wp-json\/wp\/v2\/pages\/340\/revisions"}],"predecessor-version":[{"id":6854,"href":"https:\/\/marina-kremik.com\/hu\/wp-json\/wp\/v2\/pages\/340\/revisions\/6854"}],"up":[{"embeddable":true,"href":"https:\/\/marina-kremik.com\/hu\/wp-json\/wp\/v2\/pages\/2301"}],"wp:featuredmedia":[{"embeddable":true,"href":"https:\/\/marina-kremik.com\/hu\/wp-json\/wp\/v2\/media\/5501"}],"wp:attachment":[{"href":"https:\/\/marina-kremik.com\/hu\/wp-json\/wp\/v2\/media?parent=340"}],"curies":[{"name":"wp","href":"https:\/\/api.w.org\/{rel}","templated":true}]}}