{"id":2314,"date":"2021-02-24T12:21:32","date_gmt":"2021-02-24T12:21:32","guid":{"rendered":"https:\/\/marina-kremik.com\/leisure-activities\/"},"modified":"2023-07-26T22:35:52","modified_gmt":"2023-07-26T20:35:52","slug":"benzinkut","status":"publish","type":"page","link":"https:\/\/marina-kremik.com\/hu\/ajanlat\/benzinkut\/","title":{"rendered":"Benzink\u00fat"},"content":{"rendered":"<div class=\"wpb-content-wrapper\"><p>[vc_row row_height_percent=&#8221;0&#8243; override_padding=&#8221;yes&#8221; h_padding=&#8221;2&#8243; top_padding=&#8221;3&#8243; bottom_padding=&#8221;2&#8243; overlay_alpha=&#8221;50&#8243; gutter_size=&#8221;3&#8243; column_width_percent=&#8221;100&#8243; shift_y=&#8221;0&#8243; z_index=&#8221;0&#8243;][vc_column column_width_use_pixel=&#8221;yes&#8221; position_horizontal=&#8221;left&#8221; gutter_size=&#8221;2&#8243; back_color=&#8221;color-207971&#8243; overlay_alpha=&#8221;50&#8243; border_color=&#8221;color-platinum&#8221; border_style=&#8221;solid&#8221; shift_x=&#8221;0&#8243; shift_y=&#8221;0&#8243; shift_y_down=&#8221;0&#8243; z_index=&#8221;0&#8243; medium_width=&#8221;0&#8243; mobile_width=&#8221;0&#8243; radius=&#8221;xs&#8221; width=&#8221;1\/1&#8243; column_width_pixel=&#8221;900&#8243; css=&#8221;.vc_custom_1621594400057{border-left-width: 3px !important;}&#8221;][uncode_breadcrumbs text_lead=&#8221;small&#8221;][vc_custom_heading auto_text=&#8221;yes&#8221; heading_semantic=&#8221;h3&#8243; text_size=&#8221;h1&#8243; text_weight=&#8221;700&#8243;][\/vc_custom_heading][vc_column_text uncode_shortcode_id=&#8221;131114&#8243;]<\/p>\n<p class=\"p1\">A \u201ePETROL\u201d benzink\u00faton benzinnel \u00e9s d\u00edzellel tankolhatja meg a haj\u00f3j\u00e1t.<\/p>\n<p class=\"p1\"><strong>A benzink\u00fat nyitvatart\u00e1si ideje:<\/strong><\/p>\n<ul>\n<li>m\u00e1jus 1-t\u0151l szeptember 30-ig minden nap 08:00-t\u00f3l 16:00 \u00f3r\u00e1ig \/ P\u00e9nteken 07:00 \u00e9s 19:00 \u00f3ra k\u00f6z\u00f6tt<\/li>\n<li>okt\u00f3ber 1-t\u0151l \u00e1prilis 30-ig minden nap 8:00-t\u00f3l 16:00 \u00f3r\u00e1ig<\/li>\n<\/ul>\n<p class=\"p1\">T\u00f6bb inform\u00e1ci\u00f3t a k\u00f6vetkez\u0151 weboldalon tal\u00e1lhat:<span class=\"s1\"> <a href=\"https:\/\/www.petrol.hr\/\" target=\"_blank\" rel=\"noopener\"><span class=\"s2\">https:\/\/www.petrol.hr\/<\/span><\/a><\/span><\/p>\n<p>[\/vc_column_text][\/vc_column][\/vc_row][vc_row row_height_percent=&#8221;0&#8243; override_padding=&#8221;yes&#8221; h_padding=&#8221;2&#8243; top_padding=&#8221;2&#8243; bottom_padding=&#8221;3&#8243; overlay_alpha=&#8221;50&#8243; gutter_size=&#8221;3&#8243; column_width_percent=&#8221;100&#8243; shift_y=&#8221;0&#8243; z_index=&#8221;0&#8243; uncode_shortcode_id=&#8221;134967&#8243;][vc_column width=&#8221;1\/1&#8243;][vc_single_image media=&#8221;5369&#8243; media_width_percent=&#8221;100&#8243; shape=&#8221;img-round&#8221; radius=&#8221;std&#8221; shadow=&#8221;yes&#8221; shadow_weight=&#8221;sm&#8221; uncode_shortcode_id=&#8221;184449&#8243;][\/vc_column][\/vc_row]<\/p>\n<\/div>","protected":false},"excerpt":{"rendered":"<p>[vc_row row_height_percent=&#8221;0&#8243; override_padding=&#8221;yes&#8221; h_padding=&#8221;2&#8243; top_padding=&#8221;3&#8243; bottom_padding=&#8221;2&#8243; overlay_alpha=&#8221;50&#8243; gutter_size=&#8221;3&#8243; column_width_percent=&#8221;100&#8243; shift_y=&#8221;0&#8243; z_index=&#8221;0&#8243;][vc_column column_width_use_pixel=&#8221;yes&#8221; position_horizontal=&#8221;left&#8221; gutter_size=&#8221;2&#8243; back_color=&#8221;color-207971&#8243; overlay_alpha=&#8221;50&#8243; border_color=&#8221;color-platinum&#8221; border_style=&#8221;solid&#8221; shift_x=&#8221;0&#8243; shift_y=&#8221;0&#8243; [&hellip;]<\/p>\n","protected":false},"author":1,"featured_media":5369,"parent":2301,"menu_order":0,"comment_status":"closed","ping_status":"closed","template":"","meta":{"footnotes":""},"class_list":["post-2314","page","type-page","status-publish","has-post-thumbnail","hentry","page_category-offer-hu"],"_links":{"self":[{"href":"https:\/\/marina-kremik.com\/hu\/wp-json\/wp\/v2\/pages\/2314","targetHints":{"allow":["GET"]}}],"collection":[{"href":"https:\/\/marina-kremik.com\/hu\/wp-json\/wp\/v2\/pages"}],"about":[{"href":"https:\/\/marina-kremik.com\/hu\/wp-json\/wp\/v2\/types\/page"}],"author":[{"embeddable":true,"href":"https:\/\/marina-kremik.com\/hu\/wp-json\/wp\/v2\/users\/1"}],"replies":[{"embeddable":true,"href":"https:\/\/marina-kremik.com\/hu\/wp-json\/wp\/v2\/comments?post=2314"}],"version-history":[{"count":3,"href":"https:\/\/marina-kremik.com\/hu\/wp-json\/wp\/v2\/pages\/2314\/revisions"}],"predecessor-version":[{"id":6918,"href":"https:\/\/marina-kremik.com\/hu\/wp-json\/wp\/v2\/pages\/2314\/revisions\/6918"}],"up":[{"embeddable":true,"href":"https:\/\/marina-kremik.com\/hu\/wp-json\/wp\/v2\/pages\/2301"}],"wp:featuredmedia":[{"embeddable":true,"href":"https:\/\/marina-kremik.com\/hu\/wp-json\/wp\/v2\/media\/5369"}],"wp:attachment":[{"href":"https:\/\/marina-kremik.com\/hu\/wp-json\/wp\/v2\/media?parent=2314"}],"curies":[{"name":"wp","href":"https:\/\/api.w.org\/{rel}","templated":true}]}}