{"id":2295,"date":"2021-03-09T11:45:54","date_gmt":"2021-03-09T11:45:54","guid":{"rendered":"https:\/\/marina-kremik.com\/accommodation\/"},"modified":"2023-04-06T15:03:18","modified_gmt":"2023-04-06T13:03:18","slug":"szerviz","status":"publish","type":"page","link":"https:\/\/marina-kremik.com\/hu\/szerviz\/","title":{"rendered":"Szerv\u00edz"},"content":{"rendered":"<div class=\"wpb-content-wrapper\"><p>[vc_row row_height_percent=&#8221;0&#8243; override_padding=&#8221;yes&#8221; h_padding=&#8221;2&#8243; top_padding=&#8221;3&#8243; bottom_padding=&#8221;3&#8243; overlay_alpha=&#8221;50&#8243; gutter_size=&#8221;3&#8243; column_width_percent=&#8221;100&#8243; shift_y=&#8221;0&#8243; z_index=&#8221;0&#8243;][vc_column column_width_percent=&#8221;100&#8243; gutter_size=&#8221;2&#8243; back_color=&#8221;color-207971&#8243; overlay_alpha=&#8221;50&#8243; border_color=&#8221;color-platinum&#8221; border_style=&#8221;solid&#8221; shift_x=&#8221;0&#8243; shift_y=&#8221;0&#8243; shift_y_down=&#8221;0&#8243; z_index=&#8221;0&#8243; medium_width=&#8221;0&#8243; mobile_width=&#8221;0&#8243; width=&#8221;1\/1&#8243; css=&#8221;.vc_custom_1620908452685{border-left-width: 3px !important;}&#8221;][uncode_breadcrumbs text_lead=&#8221;small&#8221;][vc_custom_heading auto_text=&#8221;yes&#8221; heading_semantic=&#8221;h1&#8243; text_size=&#8221;h1&#8243; text_weight=&#8221;700&#8243; el_class=&#8221;mobile-size&#8221;][\/vc_custom_heading][vc_column_text uncode_shortcode_id=&#8221;127152&#8243;]<\/p>\n<p class=\"p1\">A szerviz szolg\u00e1ltat\u00e1st a Kremik jachtkik\u00f6t\u0151ben a 2022-es \u00e9v v\u00e9g\u00e9t\u0151l a Kremik Nautic Center d.o.o. ny\u00fajtja, amely minden t\u00edpus\u00fa haj\u00f3 jav\u00edt\u00e1s\u00e1ra, karbantart\u00e1s\u00e1ra \u00e9s korszer\u0171s\u00edt\u00e9s\u00e9re szakosodott.<\/p>\n<p class=\"p1\">T\u00f6bb inform\u00e1ci\u00f3t a k\u00f6vetkez\u0151 weboldalon tal\u00e1lhat:<\/p>\n<p class=\"p3\"><span class=\"s1\"><a href=\"https:\/\/kremik-nautic-center.com\/\" target=\"_blank\" rel=\"noopener\"><i>https:\/\/kremik-nautic-center.com\/<\/i><\/a><\/span><\/p>\n<p class=\"p5\"><b>SZERVIZ PLATFORM FEL\u00daJ\u00cdT\u00c1SA<\/b><\/p>\n<p class=\"p1\">A Kremik jachtkik\u00f6t\u0151 infrastruktur\u00e1lis fejleszt\u00e9si strat\u00e9gi\u00e1j\u00e1nak megfelel\u0151en megkezdt\u00fck a jachtkik\u00f6t\u0151 szerviz platformj\u00e1nak fel\u00faj\u00edt\u00e1s\u00e1t.<\/p>\n<p class=\"p1\">A fel\u00faj\u00edt\u00e1s keret\u00e9n bel\u00fcl a betonalap megemel\u00e9se, az \u00f6sszes csapad\u00e9kelvezet\u0151 elem, energiacsatorna elt\u00e1vol\u00edt\u00e1sa, valamint a sz\u00f3ban forg\u00f3 projektet behat\u00e1rol\u00f3 megl\u00e9v\u0151 ker\u00edt\u00e9s elt\u00e1vol\u00edt\u00e1sa van tervben. A platform \u00faj elektromos szekr\u00e9nyekkel lesz felszerelve a berendez\u00e9sek csatlakoztat\u00e1sa c\u00e9lj\u00e1b\u00f3l, \u00faj vil\u00e1g\u00edt\u00f3oszlopokkal, amelyek a m\u0171szaki k\u00f6vetelm\u00e9nyeknek \u00e9s szabv\u00e1nyoknak megfelel\u0151en magas szint\u0171 biztons\u00e1got ny\u00fajtanak a szerviz platform ter\u00fclet\u00e9n.<\/p>\n<p class=\"p1\">Egy tov\u00e1bbi szepar\u00e1tort is be\u00e9p\u00edtenek, amely magas szint\u0171 k\u00f6rnyezetv\u00e9delmi el\u0151\u00edr\u00e1sokat biztos\u00edt a szennyv\u00edz elvezet\u00e9s\u00e9re a szerviz ter\u00fclet\u00e9nek haj\u00f3mos\u00f3j\u00e1ban.<\/p>\n<p>[\/vc_column_text][\/vc_column][\/vc_row]<\/p>\n<\/div>","protected":false},"excerpt":{"rendered":"<p>[vc_row row_height_percent=&#8221;0&#8243; override_padding=&#8221;yes&#8221; h_padding=&#8221;2&#8243; top_padding=&#8221;3&#8243; bottom_padding=&#8221;3&#8243; overlay_alpha=&#8221;50&#8243; gutter_size=&#8221;3&#8243; column_width_percent=&#8221;100&#8243; shift_y=&#8221;0&#8243; z_index=&#8221;0&#8243;][vc_column column_width_percent=&#8221;100&#8243; gutter_size=&#8221;2&#8243; back_color=&#8221;color-207971&#8243; overlay_alpha=&#8221;50&#8243; border_color=&#8221;color-platinum&#8221; border_style=&#8221;solid&#8221; shift_x=&#8221;0&#8243; shift_y=&#8221;0&#8243; shift_y_down=&#8221;0&#8243; [&hellip;]<\/p>\n","protected":false},"author":1,"featured_media":0,"parent":0,"menu_order":0,"comment_status":"closed","ping_status":"closed","template":"","meta":{"footnotes":""},"class_list":["post-2295","page","type-page","status-publish","hentry"],"_links":{"self":[{"href":"https:\/\/marina-kremik.com\/hu\/wp-json\/wp\/v2\/pages\/2295","targetHints":{"allow":["GET"]}}],"collection":[{"href":"https:\/\/marina-kremik.com\/hu\/wp-json\/wp\/v2\/pages"}],"about":[{"href":"https:\/\/marina-kremik.com\/hu\/wp-json\/wp\/v2\/types\/page"}],"author":[{"embeddable":true,"href":"https:\/\/marina-kremik.com\/hu\/wp-json\/wp\/v2\/users\/1"}],"replies":[{"embeddable":true,"href":"https:\/\/marina-kremik.com\/hu\/wp-json\/wp\/v2\/comments?post=2295"}],"version-history":[{"count":2,"href":"https:\/\/marina-kremik.com\/hu\/wp-json\/wp\/v2\/pages\/2295\/revisions"}],"predecessor-version":[{"id":6834,"href":"https:\/\/marina-kremik.com\/hu\/wp-json\/wp\/v2\/pages\/2295\/revisions\/6834"}],"wp:attachment":[{"href":"https:\/\/marina-kremik.com\/hu\/wp-json\/wp\/v2\/media?parent=2295"}],"curies":[{"name":"wp","href":"https:\/\/api.w.org\/{rel}","templated":true}]}}