{"id":2159,"date":"2021-03-12T11:32:37","date_gmt":"2021-03-12T11:32:37","guid":{"rendered":"https:\/\/marina-kremik.com\/general-info\/"},"modified":"2023-10-11T16:32:36","modified_gmt":"2023-10-11T14:32:36","slug":"rolunk","status":"publish","type":"page","link":"https:\/\/marina-kremik.com\/hu\/rolunk\/","title":{"rendered":"R\u00f3lunk"},"content":{"rendered":"<div class=\"wpb-content-wrapper\"><p>[vc_row row_height_percent=&#8221;0&#8243; override_padding=&#8221;yes&#8221; h_padding=&#8221;2&#8243; top_padding=&#8221;3&#8243; bottom_padding=&#8221;2&#8243; overlay_alpha=&#8221;50&#8243; gutter_size=&#8221;3&#8243; column_width_percent=&#8221;100&#8243; shift_y=&#8221;0&#8243; z_index=&#8221;0&#8243;][vc_column column_width_percent=&#8221;100&#8243; gutter_size=&#8221;2&#8243; override_padding=&#8221;yes&#8221; column_padding=&#8221;2&#8243; back_color=&#8221;color-207971&#8243; overlay_alpha=&#8221;50&#8243; border_color=&#8221;color-platinum&#8221; border_style=&#8221;solid&#8221; shift_x=&#8221;0&#8243; shift_y=&#8221;0&#8243; shift_y_down=&#8221;0&#8243; z_index=&#8221;0&#8243; medium_width=&#8221;0&#8243; mobile_width=&#8221;0&#8243; width=&#8221;1\/1&#8243; css=&#8221;.vc_custom_1616154590204{border-left-width: 3px !important;}&#8221;][uncode_breadcrumbs text_lead=&#8221;small&#8221;][vc_custom_heading heading_semantic=&#8221;h1&#8243; text_size=&#8221;h1&#8243; text_weight=&#8221;700&#8243;]Kremik Marina[\/vc_custom_heading][vc_column_text uncode_shortcode_id=&#8221;997852&#8243;]A \u201eKremik\u201d Jachtkik\u00f6t\u0151 Primo\u0161ten mellett, a fest\u0151i lakatlan Kremik-\u00f6b\u00f6lben helyezkedik el, amelyr\u0151l a nev\u00e9t kapta. Mivel egy \u00f6b\u00f6lben tal\u00e1lhat\u00f3, amely m\u00e9lyen a sz\u00e1razf\u00f6ld belsej\u00e9be ny\u00falik, ez az egyik legterm\u00e9szetesebben v\u00e9dett kik\u00f6t\u0151 az Adri\u00e1n, \u00e9s eg\u00e9sz \u00e9vben magas fok\u00fa biztons\u00e1got \u00e9s v\u00e9delmet ny\u00fajt a vitorl\u00e1z\u00f3knak \u00e9s a motoros haj\u00f3k tulajdonosainak. A jachtkik\u00f6t\u0151 elhelyezked\u00e9se ide\u00e1lis azon vitorl\u00e1z\u00f3k sz\u00e1m\u00e1ra, akik szeretn\u00e9nek elmenek\u00fclni a v\u00e1rosok zaj\u00e1t\u00f3l \u00e9s t\u00falzs\u00fafolt kik\u00f6t\u0151it\u0151l, \u00e9s \u00e9lvezni szeretn\u00e9k a nyugodt mag\u00e1n\u00e9letet egy sz\u0151l\u0151\u00fcltetv\u00e9nyekkel \u00e9s term\u00e9szetes n\u00f6v\u00e9nyzettel k\u00f6r\u00fclvett ter\u00fcleten, m\u00edg Primo\u0161ten v\u00e1rosa csak n\u00e9h\u00e1ny percnyi aut\u00f3\u00fatra tal\u00e1lhat\u00f3. A jachtkik\u00f6t\u0151 elhelyezked\u00e9se ide\u00e1lis kiindul\u00f3pont az Adriai-tenger k\u00f6z\u00e9ps\u0151 \u00e9s d\u00e9li r\u00e9sz\u00e9nek felfedez\u00e9s\u00e9hez is, mivel a Kornati Nemzeti Parkt\u00f3l mind\u00f6ssze 30 tengeri m\u00e9rf\u00f6ldre tal\u00e1lhat\u00f3 az \u00e9szaki oldalon, \u00e9s Vis-szigett\u0151l ugyanilyen t\u00e1vols\u00e1gra, d\u00e9lir\u00e1nyban, ez\u00e9rt k\u00f6zkedvelt a haj\u00f3zok k\u00f6r\u00e9ben.<\/p>\n<p>A \u201eKremik\u201d Jachtkik\u00f6t\u0151 a haj\u00f3soknak 1986. \u00f3ta ny\u00fajtja szolg\u00e1ltat\u00e1sait, \u00e9s b\u00fcszke t\u00f6bb\u00e9ves hagyom\u00e1ny\u00e1ra \u00e9s szolg\u00e1ltat\u00e1sainak min\u0151s\u00e9g\u00e9re, \u00e9s folyamatosan munk\u00e1lkodik a jachtkik\u00f6t\u0151 ter\u00fclet\u00e9n az infrastrukt\u00fara \u00faj\u00edt\u00e1s\u00e1n \u00e9s szolg\u00e1ltat\u00e1sainak b\u0151v\u00edt\u00e9s\u00e9n a vend\u00e9gei sz\u00e1m\u00e1ra.<\/p>\n<p>A jachtkik\u00f6t\u0151 393 tengeri kik\u00f6t\u0151hellyel rendelkezik, amelyek \u201efingerrel\u201d rendelkeznek a k\u00f6nnyebb kik\u00f6t\u00e9s c\u00e9lj\u00e1b\u00f3l, \u00e9s 150 sz\u00e1razf\u00f6ldi kik\u00f6t\u0151hellyel, amelyek mindegyike v\u00edzzel \u00e9s elektromos \u00e1rammal van ell\u00e1tva (220V\/380V), \u00e9s maxim\u00e1lisan 26 m\u00e9ter hossz\u00fas\u00e1g\u00fa haj\u00f3kat tud befogadni. Ugyancsak rendelkezik mooring jachtkik\u00f6t\u0151 helyekkel, kisebb \u00e9s nagyobb jachtok sz\u00e1m\u00e1ra.<\/p>\n<p class=\"p1\">L\u00e9tes\u00edtm\u00e9nyek \u00e9s szolg\u00e1ltat\u00e1sok:<\/p>\n<ul class=\"ul1\">\n<li class=\"li1\">A nap 24 \u00f3r\u00e1j\u00e1ban \u0151rz\u00f6tt kik\u00f6t\u0151, vide\u00f3 megfigyel\u00e9s alatt<\/li>\n<li class=\"li1\">parkol\u00f3, amely a cs\u00f3nakkik\u00f6t\u0151 parti r\u00e9sze ment\u00e9n ny\u00falik v\u00e9gig, az \u00e9ves kik\u00f6t\u0151helyre szerz\u0151d\u00f6tt haj\u00f3tulajdonosok sz\u00e1m\u00e1ra egy ingyenes parkol\u00f3hellyel<\/li>\n<li class=\"li1\">biztos\u00edtott a sz\u00e9klettart\u00e1lyok \u00fcr\u00edt\u00e9se a kijel\u00f6lt helyeken<\/li>\n<li class=\"li1\">a behaj\u00f3z\u00e1s \u00e9s kihaj\u00f3z\u00e1s alkalm\u00e1val egy matr\u00f3z ny\u00fajt seg\u00edts\u00e9get a 17-es sz\u00e1m\u00fa VHF csatorn\u00e1n kereszt\u00fcl<\/li>\n<li class=\"li1\">k\u00e9r\u00e9sre b\u00fav\u00e1r \u00e1ll rendelkez\u00e9sre<\/li>\n<li class=\"li1\">jacht emel\u0151<\/li>\n<li class=\"li1\">WC-vel \u00e9s tusol\u00f3kkal rendelkez\u0151 k\u00e9t nagy szaniter blokk tal\u00e1lhat\u00f3 a kik\u00f6t\u0151helyek k\u00f6zel\u00e9ben<\/li>\n<li class=\"li1\">ingyenes WIFI hozz\u00e1f\u00e9r\u00e9s az eg\u00e9sz jachtkik\u00f6t\u0151 ter\u00fclet\u00e9n, jelsz\u00f3val, amelyet a jachtkik\u00f6t\u0151 recepci\u00f3j\u00e1n k\u00e9rhet<\/li>\n<li class=\"li1\">recepci\u00f3<\/li>\n<li class=\"li1\">\u00e9tterem<\/li>\n<li class=\"li1\">\u00f6nkiszolg\u00e1l\u00f3<\/li>\n<li class=\"li1\">haj\u00f3z\u00e1si felszerel\u00e9sek boltja<\/li>\n<li class=\"li1\">jachtok \u00e9rt\u00e9kes\u00edt\u00e9se<\/li>\n<li class=\"li1\">benzink\u00fat<\/li>\n<li class=\"li1\">haj\u00f3szerviz<\/li>\n<li class=\"li1\">bankautomata<\/li>\n<li class=\"li1\">haj\u00f3b\u00e9rl\u00e9s<\/li>\n<\/ul>\n<p>[\/vc_column_text][vc_separator sep_color=&#8221;,Default&#8221;][vc_custom_heading heading_semantic=&#8221;h3&#8243; text_size=&#8221;h3&#8243; text_weight=&#8221;700&#8243; uncode_shortcode_id=&#8221;278819&#8243;]A JACHTKIK\u00d6T\u0150BE VAL\u00d3 \u00c9RKEZ\u00c9SRE VONATKOZ\u00d3 INFORM\u00c1CI\u00d3K[\/vc_custom_heading][vc_column_text uncode_shortcode_id=&#8221;802327&#8243;]A jachtkik\u00f6t\u0151be \u00e9rkez\u00e9s sor\u00e1n, amikor m\u00e1r a k\u00f6zelben van, k\u00e9rj\u00fck l\u00e9pjen kapcsolatba a matr\u00f3zzal a 17-es sz\u00e1m\u00fa VHF csatorn\u00e1n kereszt\u00fcl, vagy a recepci\u00f3val a +38522570068 telefonsz\u00e1mon. Az els\u0151 pontonn\u00e1l az \u00fcgyeletes matr\u00f3z v\u00e1rja \u00d6nt, aki az \u00d6n sz\u00e1m\u00e1ra kijel\u00f6lt kik\u00f6t\u0151helyre ir\u00e1ny\u00edtja. Az \u00fcgyeletes matr\u00f3z seg\u00edt a kik\u00f6t\u00e9si folyamatban, \u00e9s megad minden sz\u00fcks\u00e9ges m\u0171szaki utas\u00edt\u00e1st \u00e9s inform\u00e1ci\u00f3t.<\/p>\n<p>Ha tr\u00e9leren hozza haj\u00f3j\u00e1t, k\u00e9rj\u00fck, el\u0151zetesen vegye fel vel\u00fcnk a kapcsolatot, hogy t\u00e1j\u00e9koz\u00f3dhasson a haj\u00f3 v\u00edzre ereszt\u00e9s\u00e9nek lehet\u0151s\u00e9geir\u0151l \u00e9s id\u0151pontj\u00e1r\u00f3l, valamint a haj\u00f3z\u00e1shoz sz\u00fcks\u00e9ges dokument\u00e1ci\u00f3 beszerz\u00e9s\u00e9r\u0151l. A jachtkik\u00f6t\u0151be val\u00f3 \u00e9rkez\u00e9skor k\u00e9rj\u00fck, a port\u00e1n besz\u00e9lje meg az \u00d6n tr\u00e9ler\u00e9nek parkol\u00e1si hely\u00e9t a szerviz z\u00f3na k\u00f6zel\u00e9ben.[\/vc_column_text][\/vc_column][\/vc_row]<\/p>\n<\/div>","protected":false},"excerpt":{"rendered":"<p>[vc_row row_height_percent=&#8221;0&#8243; override_padding=&#8221;yes&#8221; h_padding=&#8221;2&#8243; top_padding=&#8221;3&#8243; bottom_padding=&#8221;2&#8243; overlay_alpha=&#8221;50&#8243; gutter_size=&#8221;3&#8243; column_width_percent=&#8221;100&#8243; shift_y=&#8221;0&#8243; z_index=&#8221;0&#8243;][vc_column column_width_percent=&#8221;100&#8243; gutter_size=&#8221;2&#8243; override_padding=&#8221;yes&#8221; column_padding=&#8221;2&#8243; back_color=&#8221;color-207971&#8243; overlay_alpha=&#8221;50&#8243; border_color=&#8221;color-platinum&#8221; border_style=&#8221;solid&#8221; shift_x=&#8221;0&#8243; [&hellip;]<\/p>\n","protected":false},"author":1,"featured_media":0,"parent":0,"menu_order":0,"comment_status":"closed","ping_status":"closed","template":"","meta":{"footnotes":""},"class_list":["post-2159","page","type-page","status-publish","hentry"],"_links":{"self":[{"href":"https:\/\/marina-kremik.com\/hu\/wp-json\/wp\/v2\/pages\/2159","targetHints":{"allow":["GET"]}}],"collection":[{"href":"https:\/\/marina-kremik.com\/hu\/wp-json\/wp\/v2\/pages"}],"about":[{"href":"https:\/\/marina-kremik.com\/hu\/wp-json\/wp\/v2\/types\/page"}],"author":[{"embeddable":true,"href":"https:\/\/marina-kremik.com\/hu\/wp-json\/wp\/v2\/users\/1"}],"replies":[{"embeddable":true,"href":"https:\/\/marina-kremik.com\/hu\/wp-json\/wp\/v2\/comments?post=2159"}],"version-history":[{"count":4,"href":"https:\/\/marina-kremik.com\/hu\/wp-json\/wp\/v2\/pages\/2159\/revisions"}],"predecessor-version":[{"id":6941,"href":"https:\/\/marina-kremik.com\/hu\/wp-json\/wp\/v2\/pages\/2159\/revisions\/6941"}],"wp:attachment":[{"href":"https:\/\/marina-kremik.com\/hu\/wp-json\/wp\/v2\/media?parent=2159"}],"curies":[{"name":"wp","href":"https:\/\/api.w.org\/{rel}","templated":true}]}}