{"id":1057,"date":"2021-03-08T15:14:03","date_gmt":"2021-03-08T15:14:03","guid":{"rendered":"https:\/\/marina-kremik.com\/weddings\/"},"modified":"2023-10-11T16:36:07","modified_gmt":"2023-10-11T14:36:07","slug":"recepcio","status":"publish","type":"page","link":"https:\/\/marina-kremik.com\/hu\/ajanlat\/recepcio\/","title":{"rendered":"Recepci\u00f3"},"content":{"rendered":"<div class=\"wpb-content-wrapper\"><p>[vc_row row_height_percent=&#8221;0&#8243; override_padding=&#8221;yes&#8221; h_padding=&#8221;2&#8243; top_padding=&#8221;3&#8243; bottom_padding=&#8221;3&#8243; overlay_alpha=&#8221;50&#8243; gutter_size=&#8221;3&#8243; column_width_percent=&#8221;100&#8243; shift_y=&#8221;0&#8243; z_index=&#8221;0&#8243;][vc_column column_width_use_pixel=&#8221;yes&#8221; position_horizontal=&#8221;left&#8221; gutter_size=&#8221;2&#8243; back_color=&#8221;color-207971&#8243; overlay_alpha=&#8221;50&#8243; border_color=&#8221;color-platinum&#8221; border_style=&#8221;solid&#8221; shift_x=&#8221;0&#8243; shift_y=&#8221;0&#8243; shift_y_down=&#8221;0&#8243; z_index=&#8221;0&#8243; medium_width=&#8221;0&#8243; mobile_width=&#8221;0&#8243; radius=&#8221;xs&#8221; width=&#8221;1\/1&#8243; column_width_pixel=&#8221;900&#8243; css=&#8221;.vc_custom_1620908532082{border-left-width: 3px !important;}&#8221;][uncode_breadcrumbs text_lead=&#8221;small&#8221;][vc_custom_heading auto_text=&#8221;yes&#8221; heading_semantic=&#8221;h3&#8243; text_size=&#8221;h1&#8243; text_weight=&#8221;700&#8243;][\/vc_custom_heading][vc_column_text uncode_shortcode_id=&#8221;777889&#8243;]Poliglott csapatunk minden olyan inform\u00e1ci\u00f3val ell\u00e1tja \u00d6nt, amely egy kellemes \u00e9s felejthetetlen nyaral\u00e1shoz sz\u00fcks\u00e9ges a jachtkik\u00f6t\u0151ben, \u00e9s aj\u00e1nlatot \u00e1ll\u00edt \u00f6ssze \u00e9ves vagy m\u00e1s t\u00edpus\u00fa kik\u00f6t\u0151helyre vonatkoz\u00f3an, az \u00d6n ig\u00e9nyei szerint.<\/p>\n<p>A recepci\u00f3n bel\u00fcl sz\u00e1ml\u00e1z\u00e1s tal\u00e1lhat\u00f3 a kik\u00f6t\u0151i szolg\u00e1ltat\u00e1sok\u00e9rt.<\/p>\n<p>A recepci\u00f3n seg\u00edts\u00e9get kaphat taxi vagy aut\u00f3b\u00e9rl\u00e9s megrendel\u00e9s\u00e9hez, a jachtkik\u00f6t\u0151 k\u00f6zel\u00e9ben tal\u00e1lhat\u00f3 mosodai szolg\u00e1ltat\u00e1shoz, vagy egy\u00e9b szolg\u00e1ltat\u00e1sokhoz.<\/p>\n<p class=\"p1\"><strong>A recepci\u00f3 nyitvatart\u00e1sa:<\/strong><\/p>\n<ul class=\"ul1\">\n<li class=\"li1\">ny\u00e1ri nyitvatart\u00e1s (\u00e1prilis 1-t\u0151l okt\u00f3ber 31-ig): minden nap 07:00 \u00f3r\u00e1t\u00f3l 21:00 \u00f3r\u00e1ig,<\/li>\n<li class=\"li1\">t\u00e9li nyitvatart\u00e1s (november 1-t\u0151l m\u00e1rcius 31-ig): munkanapokon 08:00 \u00f3r\u00e1t\u00f3l 15:00 \u00f3r\u00e1ig, szombaton 08:00 \u00f3r\u00e1t\u00f3l 13:00 \u00f3r\u00e1ig; vas\u00e1rnap \u00e9s \u00fcnnepnap z\u00e1rva van.<\/li>\n<\/ul>\n<p class=\"p1\">Tel: +385 22 570 068<\/p>\n<p class=\"p1\">E-mail: <a href=\"mailto:marina-kremik@marina-kremik.com\">marina-kremik@marina-kremik.com<\/a><\/p>\n<p>[\/vc_column_text][vc_single_image media=&#8221;5744&#8243; media_width_percent=&#8221;100&#8243; shape=&#8221;img-round&#8221; radius=&#8221;std&#8221; uncode_shortcode_id=&#8221;958361&#8243;][\/vc_column][\/vc_row]<\/p>\n<\/div>","protected":false},"excerpt":{"rendered":"<p>[vc_row row_height_percent=&#8221;0&#8243; override_padding=&#8221;yes&#8221; h_padding=&#8221;2&#8243; top_padding=&#8221;3&#8243; bottom_padding=&#8221;3&#8243; overlay_alpha=&#8221;50&#8243; gutter_size=&#8221;3&#8243; column_width_percent=&#8221;100&#8243; shift_y=&#8221;0&#8243; z_index=&#8221;0&#8243;][vc_column column_width_use_pixel=&#8221;yes&#8221; position_horizontal=&#8221;left&#8221; gutter_size=&#8221;2&#8243; back_color=&#8221;color-207971&#8243; overlay_alpha=&#8221;50&#8243; border_color=&#8221;color-platinum&#8221; border_style=&#8221;solid&#8221; shift_x=&#8221;0&#8243; shift_y=&#8221;0&#8243; [&hellip;]<\/p>\n","protected":false},"author":1,"featured_media":5367,"parent":2301,"menu_order":0,"comment_status":"closed","ping_status":"closed","template":"","meta":{"footnotes":""},"class_list":["post-1057","page","type-page","status-publish","has-post-thumbnail","hentry","page_category-offer-hu"],"_links":{"self":[{"href":"https:\/\/marina-kremik.com\/hu\/wp-json\/wp\/v2\/pages\/1057","targetHints":{"allow":["GET"]}}],"collection":[{"href":"https:\/\/marina-kremik.com\/hu\/wp-json\/wp\/v2\/pages"}],"about":[{"href":"https:\/\/marina-kremik.com\/hu\/wp-json\/wp\/v2\/types\/page"}],"author":[{"embeddable":true,"href":"https:\/\/marina-kremik.com\/hu\/wp-json\/wp\/v2\/users\/1"}],"replies":[{"embeddable":true,"href":"https:\/\/marina-kremik.com\/hu\/wp-json\/wp\/v2\/comments?post=1057"}],"version-history":[{"count":3,"href":"https:\/\/marina-kremik.com\/hu\/wp-json\/wp\/v2\/pages\/1057\/revisions"}],"predecessor-version":[{"id":6945,"href":"https:\/\/marina-kremik.com\/hu\/wp-json\/wp\/v2\/pages\/1057\/revisions\/6945"}],"up":[{"embeddable":true,"href":"https:\/\/marina-kremik.com\/hu\/wp-json\/wp\/v2\/pages\/2301"}],"wp:featuredmedia":[{"embeddable":true,"href":"https:\/\/marina-kremik.com\/hu\/wp-json\/wp\/v2\/media\/5367"}],"wp:attachment":[{"href":"https:\/\/marina-kremik.com\/hu\/wp-json\/wp\/v2\/media?parent=1057"}],"curies":[{"name":"wp","href":"https:\/\/api.w.org\/{rel}","templated":true}]}}