{"id":834,"date":"2021-02-26T13:11:09","date_gmt":"2021-02-26T13:11:09","guid":{"rendered":"https:\/\/marina-kremik.com\/kids-club\/"},"modified":"2023-04-25T11:35:54","modified_gmt":"2023-04-25T09:35:54","slug":"boat-shop","status":"publish","type":"page","link":"https:\/\/marina-kremik.com\/hr\/ponuda\/boat-shop\/","title":{"rendered":"Boat shop"},"content":{"rendered":"<div class=\"wpb-content-wrapper\"><p>[vc_row row_height_percent=&#8221;0&#8243; override_padding=&#8221;yes&#8221; h_padding=&#8221;2&#8243; top_padding=&#8221;3&#8243; bottom_padding=&#8221;2&#8243; overlay_alpha=&#8221;50&#8243; gutter_size=&#8221;3&#8243; column_width_percent=&#8221;100&#8243; shift_y=&#8221;0&#8243; z_index=&#8221;0&#8243;][vc_column column_width_use_pixel=&#8221;yes&#8221; position_horizontal=&#8221;left&#8221; gutter_size=&#8221;2&#8243; back_color=&#8221;color-207971&#8243; overlay_alpha=&#8221;50&#8243; border_color=&#8221;color-platinum&#8221; border_style=&#8221;solid&#8221; shift_x=&#8221;0&#8243; shift_y=&#8221;0&#8243; shift_y_down=&#8221;0&#8243; z_index=&#8221;0&#8243; medium_width=&#8221;0&#8243; mobile_width=&#8221;0&#8243; radius=&#8221;xs&#8221; width=&#8221;1\/1&#8243; column_width_pixel=&#8221;900&#8243; css=&#8221;.vc_custom_1621594587946{border-left-width: 3px !important;}&#8221;][uncode_breadcrumbs text_lead=&#8221;small&#8221;][vc_custom_heading auto_text=&#8221;yes&#8221; heading_semantic=&#8221;h1&#8243; text_size=&#8221;h1&#8243; text_weight=&#8221;700&#8243;][\/vc_custom_heading][vc_column_text]U &#8220;Boat Shop&#8221; Marine Kremik mo\u017eete nabaviti sve \u0161to je potrebno za va\u0161e brodove, jedrilice, motornjake. Iz bogate ponude izdavajamo:<\/p>\n<p>&#8220;HARKEN&#8221; i &#8220;SPINLOCK&#8221; &#8211; najbolji koloturnici i \u0161toperi na svijetu, \u201eVICHARD&#8221; gambeti i karabinjeri<\/p>\n<p>&#8220;WHALE&#8221; i &#8220;JABSCO&#8221; &#8211; brodske pumpe svih namjena, Vrhunska odje\u0107a i obu\u0107a za nauti\u010dare &#8220;MUSTO&#8221;, &#8220;RUSTO&#8221; i &#8220;TBS&#8221;, Boje &#8220;HEMPEL&#8221;, Kozmetika &#8220;YAHTICON&#8221;, Baterije i brodska elektronika, Gumenjaci, Vanbrodski motori &#8220;HONDA&#8221;<\/p>\n<p>O\u010dekuje vas i stoji vam na usluzi ljubazno osoblje Boat shopa.[\/vc_column_text][\/vc_column][\/vc_row]<\/p>\n<\/div>","protected":false},"excerpt":{"rendered":"<p>[vc_row row_height_percent=&#8221;0&#8243; override_padding=&#8221;yes&#8221; h_padding=&#8221;2&#8243; top_padding=&#8221;3&#8243; bottom_padding=&#8221;2&#8243; overlay_alpha=&#8221;50&#8243; gutter_size=&#8221;3&#8243; column_width_percent=&#8221;100&#8243; shift_y=&#8221;0&#8243; z_index=&#8221;0&#8243;][vc_column column_width_use_pixel=&#8221;yes&#8221; position_horizontal=&#8221;left&#8221; gutter_size=&#8221;2&#8243; back_color=&#8221;color-207971&#8243; overlay_alpha=&#8221;50&#8243; border_color=&#8221;color-platinum&#8221; border_style=&#8221;solid&#8221; shift_x=&#8221;0&#8243; shift_y=&#8221;0&#8243; [&hellip;]<\/p>\n","protected":false},"author":1,"featured_media":5733,"parent":2299,"menu_order":0,"comment_status":"closed","ping_status":"closed","template":"","meta":{"footnotes":""},"class_list":["post-834","page","type-page","status-publish","has-post-thumbnail","hentry","page_category-offer-hr"],"_links":{"self":[{"href":"https:\/\/marina-kremik.com\/hr\/wp-json\/wp\/v2\/pages\/834","targetHints":{"allow":["GET"]}}],"collection":[{"href":"https:\/\/marina-kremik.com\/hr\/wp-json\/wp\/v2\/pages"}],"about":[{"href":"https:\/\/marina-kremik.com\/hr\/wp-json\/wp\/v2\/types\/page"}],"author":[{"embeddable":true,"href":"https:\/\/marina-kremik.com\/hr\/wp-json\/wp\/v2\/users\/1"}],"replies":[{"embeddable":true,"href":"https:\/\/marina-kremik.com\/hr\/wp-json\/wp\/v2\/comments?post=834"}],"version-history":[{"count":1,"href":"https:\/\/marina-kremik.com\/hr\/wp-json\/wp\/v2\/pages\/834\/revisions"}],"predecessor-version":[{"id":6864,"href":"https:\/\/marina-kremik.com\/hr\/wp-json\/wp\/v2\/pages\/834\/revisions\/6864"}],"up":[{"embeddable":true,"href":"https:\/\/marina-kremik.com\/hr\/wp-json\/wp\/v2\/pages\/2299"}],"wp:featuredmedia":[{"embeddable":true,"href":"https:\/\/marina-kremik.com\/hr\/wp-json\/wp\/v2\/media\/5733"}],"wp:attachment":[{"href":"https:\/\/marina-kremik.com\/hr\/wp-json\/wp\/v2\/media?parent=834"}],"curies":[{"name":"wp","href":"https:\/\/api.w.org\/{rel}","templated":true}]}}