{"id":6600,"date":"2022-07-18T13:33:14","date_gmt":"2022-07-18T11:33:14","guid":{"rendered":"https:\/\/marina-kremik.com\/?page_id=6600"},"modified":"2024-10-29T16:31:40","modified_gmt":"2024-10-29T14:31:40","slug":"obavijest-o-nacinu-podnosenja-prigovora-potrosaca","status":"publish","type":"page","link":"https:\/\/marina-kremik.com\/hr\/obavijest-o-nacinu-podnosenja-prigovora-potrosaca\/","title":{"rendered":"Obavijest o na\u010dinu podno\u0161enja prigovora potro\u0161a\u010da"},"content":{"rendered":"<div class=\"wpb-content-wrapper\"><p>[vc_row row_height_percent=&#8221;0&#8243; override_padding=&#8221;yes&#8221; h_padding=&#8221;2&#8243; top_padding=&#8221;3&#8243; bottom_padding=&#8221;2&#8243; overlay_alpha=&#8221;50&#8243; gutter_size=&#8221;3&#8243; column_width_percent=&#8221;100&#8243; shift_y=&#8221;0&#8243; z_index=&#8221;0&#8243;][vc_column column_width_use_pixel=&#8221;yes&#8221; position_horizontal=&#8221;left&#8221; gutter_size=&#8221;3&#8243; back_color=&#8221;color-207971&#8243; overlay_alpha=&#8221;50&#8243; border_color=&#8221;color-platinum&#8221; border_style=&#8221;solid&#8221; shift_x=&#8221;0&#8243; shift_y=&#8221;0&#8243; shift_y_down=&#8221;0&#8243; z_index=&#8221;0&#8243; medium_width=&#8221;0&#8243; mobile_width=&#8221;0&#8243; radius=&#8221;xs&#8221; width=&#8221;1\/1&#8243; column_width_pixel=&#8221;900&#8243; css=&#8221;.vc_custom_1615543737567{border-left-width: 3px !important;}&#8221;][uncode_breadcrumbs text_lead=&#8221;small&#8221;][vc_custom_heading auto_text=&#8221;yes&#8221; heading_semantic=&#8221;h3&#8243; text_size=&#8221;h1&#8243; text_weight=&#8221;700&#8243; uncode_shortcode_id=&#8221;281184&#8243;][\/vc_custom_heading][vc_column_text uncode_shortcode_id=&#8221;214271&#8243;]Temeljem \u010dl. 10, st.10 Zakona o ugostiteljskoj djelatnosti (85\/15), a u vezi sa \u010dl. 10, st.3 Zakona o za\u0161titi potro\u0161a\u010da (NN 79\/07, 125\/07, 79\/09 i 89\/09, 133\/09, 78\/12, 56\/13 i 41\/41, 110\/15) obavje\u0161tavamo potro\u0161a\u010de da pritu\u017ebe ili prigovor na kvalitetu na\u0161ih proizvoda ili usluga mogu dostaviti po\u0161tom u pisanom obliku na adresu sjedi\u0161ta:<\/p>\n<p>Marina Kremik d.o.o<br \/>\nSplitska 24<br \/>\n22 202 Primo\u0161ten \u2013 Hrvatska<br \/>\nOIB: 33994182010<\/p>\n<p>Uz prigovor molimo, dostaviti i ime i prezime i adresu, kako bismo Vam u roku od 15 dana mogli uputiti pismeni odgovor na Va\u0161u pritu\u017ebu, te tako utjecati na pobolj\u0161anje kvalitete i Va\u0161e zadovoljstvo.[\/vc_column_text][\/vc_column][\/vc_row]<\/p>\n<\/div>","protected":false},"excerpt":{"rendered":"<p>[vc_row row_height_percent=&#8221;0&#8243; override_padding=&#8221;yes&#8221; h_padding=&#8221;2&#8243; top_padding=&#8221;3&#8243; bottom_padding=&#8221;2&#8243; overlay_alpha=&#8221;50&#8243; gutter_size=&#8221;3&#8243; column_width_percent=&#8221;100&#8243; shift_y=&#8221;0&#8243; z_index=&#8221;0&#8243;][vc_column column_width_use_pixel=&#8221;yes&#8221; position_horizontal=&#8221;left&#8221; gutter_size=&#8221;3&#8243; back_color=&#8221;color-207971&#8243; overlay_alpha=&#8221;50&#8243; border_color=&#8221;color-platinum&#8221; border_style=&#8221;solid&#8221; shift_x=&#8221;0&#8243; shift_y=&#8221;0&#8243; [&hellip;]<\/p>\n","protected":false},"author":1,"featured_media":0,"parent":0,"menu_order":0,"comment_status":"closed","ping_status":"closed","template":"","meta":{"footnotes":""},"class_list":["post-6600","page","type-page","status-publish","hentry"],"_links":{"self":[{"href":"https:\/\/marina-kremik.com\/hr\/wp-json\/wp\/v2\/pages\/6600","targetHints":{"allow":["GET"]}}],"collection":[{"href":"https:\/\/marina-kremik.com\/hr\/wp-json\/wp\/v2\/pages"}],"about":[{"href":"https:\/\/marina-kremik.com\/hr\/wp-json\/wp\/v2\/types\/page"}],"author":[{"embeddable":true,"href":"https:\/\/marina-kremik.com\/hr\/wp-json\/wp\/v2\/users\/1"}],"replies":[{"embeddable":true,"href":"https:\/\/marina-kremik.com\/hr\/wp-json\/wp\/v2\/comments?post=6600"}],"version-history":[{"count":1,"href":"https:\/\/marina-kremik.com\/hr\/wp-json\/wp\/v2\/pages\/6600\/revisions"}],"predecessor-version":[{"id":7091,"href":"https:\/\/marina-kremik.com\/hr\/wp-json\/wp\/v2\/pages\/6600\/revisions\/7091"}],"wp:attachment":[{"href":"https:\/\/marina-kremik.com\/hr\/wp-json\/wp\/v2\/media?parent=6600"}],"curies":[{"name":"wp","href":"https:\/\/api.w.org\/{rel}","templated":true}]}}