{"id":336,"date":"2021-02-26T13:11:20","date_gmt":"2021-02-26T13:11:20","guid":{"rendered":"https:\/\/marina-kremik.com\/wellness\/"},"modified":"2023-04-06T13:59:57","modified_gmt":"2023-04-06T11:59:57","slug":"restoran","status":"publish","type":"page","link":"https:\/\/marina-kremik.com\/hr\/ponuda\/restoran\/","title":{"rendered":"Restoran"},"content":{"rendered":"<div class=\"wpb-content-wrapper\"><p>[vc_row row_height_percent=&#8221;0&#8243; override_padding=&#8221;yes&#8221; h_padding=&#8221;2&#8243; top_padding=&#8221;3&#8243; bottom_padding=&#8221;2&#8243; overlay_alpha=&#8221;50&#8243; gutter_size=&#8221;3&#8243; column_width_percent=&#8221;100&#8243; shift_y=&#8221;0&#8243; z_index=&#8221;0&#8243;][vc_column column_width_use_pixel=&#8221;yes&#8221; position_horizontal=&#8221;left&#8221; gutter_size=&#8221;3&#8243; back_color=&#8221;color-207971&#8243; overlay_alpha=&#8221;50&#8243; border_color=&#8221;color-platinum&#8221; border_style=&#8221;solid&#8221; shift_x=&#8221;0&#8243; shift_y=&#8221;0&#8243; shift_y_down=&#8221;0&#8243; z_index=&#8221;0&#8243; medium_width=&#8221;0&#8243; mobile_width=&#8221;0&#8243; radius=&#8221;xs&#8221; width=&#8221;1\/1&#8243; column_width_pixel=&#8221;900&#8243; css=&#8221;.vc_custom_1615543737567{border-left-width: 3px !important;}&#8221;][uncode_breadcrumbs text_lead=&#8221;small&#8221;][vc_custom_heading auto_text=&#8221;yes&#8221; heading_semantic=&#8221;h3&#8243; text_size=&#8221;h1&#8243; text_weight=&#8221;700&#8243;][\/vc_custom_heading][vc_column_text uncode_shortcode_id=&#8221;211507&#8243;]<\/p>\n<p class=\"p2\">Dan zapo\u010dnite opu\u0161teno uz miris jutarnje kave i svje\u017ei croissant na terasi restorana \u2018\u2019Domina\u2019\u2019 s smiruju\u0107im pogledom na jedrilice, pu\u010dinu i jutarnje sunce.<\/p>\n<p class=\"p2\">Restoran \u2018\u2019Domina\u2019\u2019 razmazit \u0107e vase nepce tradicionalnom dalmatinskom kuhinjom s iskorakom u modernije interpretacije, izvrsnim desertima od kojih izdavajamo doma\u0107e pala\u010dinke i sladoled od vanilije s bu\u0107inim uljem, i bogatim izborom lokalnih i regionalnih vina.<\/p>\n<p class=\"p2\">Bilo da ste raspolo\u017eeni za doru\u010dak, brunch, ru\u010dak, ve\u010deru ili jednostavno ispijanje koktela u\u017eivaju\u0107i u zalasku sunca na natkrivenoj terasi, restoran \u2018\u2019Domina\u2019\u2019 udovoljit \u0107e svim va\u0161im \u017eeljama i potrebama, uklju\u010duju\u0107i pripremu bezglutenske i vegetarijanske hrane na raznolik i ma\u0161tovit na\u010din.<\/p>\n<p class=\"p2\">Restoran \u2018\u2019Domina\u2019\u2019 ponosi se kori\u0161tenjem isklju\u010divo svje\u017eih i kvalitetnih namirnica i ribe za pripremu jela, kao i inovativnim spajanjem okusa baziraju\u0107i se na mediteranskoj kuhinji, uz zadr\u017eavanje tradicionalnih dalmatinskih jela kao baze svoje ponude.<\/p>\n<p class=\"p2\">U sklopu restorana nalazi se vinski bar u kojem mo\u017eete iz \u0161iroke selekcije dalmatinskih vina uz pomo\u0107 stru\u010dnog djelatnika odabrati vino koje savr\u0161eno prati odabrano jelo.<\/p>\n<p class=\"p2\">Restoran\u2019\u2019Domina\u2019\u2019 mo\u017ee organizirati regate, domjenke, vjen\u010danja i druge privatne proslave.<span class=\"Apple-converted-space\">\u00a0 <\/span>Raspola\u017ee sa 130 sjede\u0107ih mjesta u zatvorenom dijelu i isto toliko na terasi, te je u cijelosti klimatiziran s odvojenim pu\u0161a\u010dkim dijelom.<\/p>\n<p class=\"p2\">Gurmanske kreacije restorana \u2018\u2019Domina\u2019\u2019 i dodatne informacije o ponudi i uslugama mo\u017eete vidjeti na web stranici: <a href=\"https:\/\/restaurant-domina.eatbu.com\/?lang=hr\" target=\"_blank\" rel=\"noopener\"><span class=\"s1\">https:\/\/restaurant-domina.eatbu.com\/?lang=hr<\/span><\/a>.<\/p>\n<p>[\/vc_column_text][\/vc_column][\/vc_row][vc_row row_height_percent=&#8221;0&#8243; override_padding=&#8221;yes&#8221; h_padding=&#8221;2&#8243; top_padding=&#8221;2&#8243; bottom_padding=&#8221;4&#8243; overlay_alpha=&#8221;50&#8243; gutter_size=&#8221;3&#8243; column_width_percent=&#8221;100&#8243; shift_y=&#8221;0&#8243; z_index=&#8221;0&#8243;][vc_column width=&#8221;1\/1&#8243;][vc_gallery el_id=&#8221;gallery-221603&#8243; medias=&#8221;5591&#8243; explode_albums=&#8221;yes&#8221; gutter_size=&#8221;2&#8243; media_items=&#8221;media|lightbox|original&#8221; screen_lg=&#8221;1000&#8243; screen_md=&#8221;600&#8243; screen_sm=&#8221;480&#8243; images_size=&#8221;four-three&#8221; single_shape=&#8221;round&#8221; radius=&#8221;std&#8221; single_overlay_color=&#8221;color-jevc&#8221; single_overlay_coloration=&#8221;bottom_gradient&#8221; single_overlay_opacity=&#8221;50&#8243; single_padding=&#8221;2&#8243; single_shadow=&#8221;yes&#8221; shadow_weight=&#8221;sm&#8221; single_border=&#8221;yes&#8221; uncode_shortcode_id=&#8221;815512&#8243;][\/vc_column][\/vc_row]<\/p>\n<\/div>","protected":false},"excerpt":{"rendered":"<p>[vc_row row_height_percent=&#8221;0&#8243; override_padding=&#8221;yes&#8221; h_padding=&#8221;2&#8243; top_padding=&#8221;3&#8243; bottom_padding=&#8221;2&#8243; overlay_alpha=&#8221;50&#8243; gutter_size=&#8221;3&#8243; column_width_percent=&#8221;100&#8243; shift_y=&#8221;0&#8243; z_index=&#8221;0&#8243;][vc_column column_width_use_pixel=&#8221;yes&#8221; position_horizontal=&#8221;left&#8221; gutter_size=&#8221;3&#8243; back_color=&#8221;color-207971&#8243; overlay_alpha=&#8221;50&#8243; border_color=&#8221;color-platinum&#8221; border_style=&#8221;solid&#8221; shift_x=&#8221;0&#8243; shift_y=&#8221;0&#8243; [&hellip;]<\/p>\n","protected":false},"author":1,"featured_media":5499,"parent":2299,"menu_order":0,"comment_status":"closed","ping_status":"closed","template":"","meta":{"footnotes":""},"class_list":["post-336","page","type-page","status-publish","has-post-thumbnail","hentry","page_category-offer-hr"],"_links":{"self":[{"href":"https:\/\/marina-kremik.com\/hr\/wp-json\/wp\/v2\/pages\/336","targetHints":{"allow":["GET"]}}],"collection":[{"href":"https:\/\/marina-kremik.com\/hr\/wp-json\/wp\/v2\/pages"}],"about":[{"href":"https:\/\/marina-kremik.com\/hr\/wp-json\/wp\/v2\/types\/page"}],"author":[{"embeddable":true,"href":"https:\/\/marina-kremik.com\/hr\/wp-json\/wp\/v2\/users\/1"}],"replies":[{"embeddable":true,"href":"https:\/\/marina-kremik.com\/hr\/wp-json\/wp\/v2\/comments?post=336"}],"version-history":[{"count":1,"href":"https:\/\/marina-kremik.com\/hr\/wp-json\/wp\/v2\/pages\/336\/revisions"}],"predecessor-version":[{"id":6819,"href":"https:\/\/marina-kremik.com\/hr\/wp-json\/wp\/v2\/pages\/336\/revisions\/6819"}],"up":[{"embeddable":true,"href":"https:\/\/marina-kremik.com\/hr\/wp-json\/wp\/v2\/pages\/2299"}],"wp:featuredmedia":[{"embeddable":true,"href":"https:\/\/marina-kremik.com\/hr\/wp-json\/wp\/v2\/media\/5499"}],"wp:attachment":[{"href":"https:\/\/marina-kremik.com\/hr\/wp-json\/wp\/v2\/media?parent=336"}],"curies":[{"name":"wp","href":"https:\/\/api.w.org\/{rel}","templated":true}]}}