{"id":279,"date":"2021-02-24T12:13:01","date_gmt":"2021-02-24T12:13:01","guid":{"rendered":"https:\/\/marina-kremik.com\/contact\/"},"modified":"2024-03-04T13:48:48","modified_gmt":"2024-03-04T11:48:48","slug":"kontakt-lokacija","status":"publish","type":"page","link":"https:\/\/marina-kremik.com\/hr\/kontakt-lokacija\/","title":{"rendered":"Kontakt &#038; Lokacija"},"content":{"rendered":"<div class=\"wpb-content-wrapper\"><p>[vc_row row_height_percent=&#8221;0&#8243; override_padding=&#8221;yes&#8221; h_padding=&#8221;2&#8243; top_padding=&#8221;3&#8243; bottom_padding=&#8221;5&#8243; overlay_alpha=&#8221;50&#8243; gutter_size=&#8221;3&#8243; column_width_percent=&#8221;100&#8243; shift_y=&#8221;0&#8243; z_index=&#8221;0&#8243; el_class=&#8221;contact&#8211;widget&#8221; uncode_shortcode_id=&#8221;211406&#8243;][vc_column column_width_percent=&#8221;100&#8243; gutter_size=&#8221;4&#8243; overlay_alpha=&#8221;50&#8243; shift_x=&#8221;0&#8243; shift_y=&#8221;0&#8243; shift_y_down=&#8221;0&#8243; z_index=&#8221;0&#8243; medium_width=&#8221;0&#8243; mobile_width=&#8221;0&#8243; width=&#8221;1\/1&#8243;][vc_row_inner row_inner_height_percent=&#8221;0&#8243; overlay_alpha=&#8221;50&#8243; gutter_size=&#8221;3&#8243; shift_y=&#8221;0&#8243; z_index=&#8221;0&#8243; limit_content=&#8221;&#8221;][vc_column_inner column_width_percent=&#8221;100&#8243; gutter_size=&#8221;3&#8243; overlay_alpha=&#8221;50&#8243; shift_x=&#8221;0&#8243; shift_y=&#8221;0&#8243; shift_y_down=&#8221;0&#8243; z_index=&#8221;0&#8243; medium_width=&#8221;0&#8243; mobile_width=&#8221;0&#8243; sticky=&#8221;yes&#8221; width=&#8221;4\/12&#8243;][vc_empty_space empty_h=&#8221;2&#8243; mobile_visibility=&#8221;yes&#8221;][vc_custom_heading heading_semantic=&#8221;h6&#8243; text_size=&#8221;h6&#8243; text_transform=&#8221;uppercase&#8221;]KONTAKT INFORMACIJE[\/vc_custom_heading][vc_icon position=&#8221;left&#8221; title_aligned_icon=&#8221;yes&#8221; icon=&#8221;fa fa-map-marker&#8221; icon_color=&#8221;color-oxford&#8221; background_style=&#8221;fa-rounded&#8221; size=&#8221;fa-2x&#8221; outline=&#8221;yes&#8221; heading_semantic=&#8221;h4&#8243; text_size=&#8221;h4&#8243; title=&#8221;Lokacija&#8221; el_class=&#8221;contact&#8211;icon&#8221; uncode_shortcode_id=&#8221;232475&#8243; icon_color_type=&#8221;uncode-palette&#8221;]Marina Kremik<br \/>\nSplitska 24<br \/>\n22 202 Primo\u0161ten<br \/>\nHrvatska[\/vc_icon][vc_separator sep_color=&#8221;,Default&#8221;][vc_icon position=&#8221;left&#8221; title_aligned_icon=&#8221;yes&#8221; icon=&#8221;fa fa-info-circle&#8221; icon_color=&#8221;color-oxford&#8221; background_style=&#8221;fa-rounded&#8221; size=&#8221;fa-2x&#8221; outline=&#8221;yes&#8221; heading_semantic=&#8221;h4&#8243; text_size=&#8221;h4&#8243; title=&#8221;Recepcija&#8221; el_class=&#8221;contact&#8211;icon&#8221; uncode_shortcode_id=&#8221;216849&#8243; icon_color_type=&#8221;uncode-palette&#8221;]<strong>Tel:\u00a0<\/strong><a href=\"tel:38522570068\">+385 22 570 068<\/a><br \/>\n<strong>E-Mail<\/strong>: <br class=\"break-mobile\" \/><a href=\"mailto:marina-kremik@marina-kremik.com\">marina-kremik@marina-kremik.com<\/a>[\/vc_icon][vc_separator sep_color=&#8221;,Default&#8221;][vc_icon position=&#8221;left&#8221; title_aligned_icon=&#8221;yes&#8221; icon=&#8221;fa fa-cogs&#8221; icon_color=&#8221;color-oxford&#8221; background_style=&#8221;fa-rounded&#8221; size=&#8221;fa-2x&#8221; outline=&#8221;yes&#8221; heading_semantic=&#8221;h4&#8243; text_size=&#8221;h4&#8243; title=&#8221;Servis&#8221; el_class=&#8221;contact&#8211;icon&#8221; uncode_shortcode_id=&#8221;544790&#8243; icon_color_type=&#8221;uncode-palette&#8221;]<strong>Tel:\u00a0<\/strong><a href=\"tel:0038522571402\">00385 22 571 402<\/a><br \/>\n<strong>E-Mail<\/strong>:\u00a0<a class=\"mail-link\" href=\"mailto:info@kremik-nautic-center.hr\" data-enc-email=\"vasb[at]xerzvx-anhgvp-pragre.ue\" data-wpel-link=\"ignore\"><span id=\"eeb-490071-539392\">info@kremik-nautic-center.hr<\/span><\/a><br \/>\n<strong>Web:<\/strong>\u00a0<a href=\"https:\/\/kremik-nautic-center.com\/\" target=\"_blank\" rel=\"noopener\">kremik-nautic-center.com<\/a>[\/vc_icon][\/vc_column_inner][vc_column_inner column_width_percent=&#8221;100&#8243; gutter_size=&#8221;3&#8243; back_color=&#8221;color-xsdn&#8221; overlay_alpha=&#8221;50&#8243; shift_x=&#8221;0&#8243; shift_y=&#8221;0&#8243; shift_y_down=&#8221;0&#8243; z_index=&#8221;0&#8243; medium_width=&#8221;0&#8243; mobile_width=&#8221;0&#8243; radius=&#8221;std&#8221; shadow=&#8221;xs&#8221; width=&#8221;8\/12&#8243; uncode_shortcode_id=&#8221;176978&#8243; back_color_type=&#8221;uncode-palette&#8221;][vc_custom_heading heading_semantic=&#8221;h3&#8243; text_weight=&#8221;700&#8243;]PO\u0160ALJITE UPIT![\/vc_custom_heading]\n<div class=\"wpcf7 no-js\" id=\"wpcf7-f4482-o1\" lang=\"hr\" dir=\"ltr\" data-wpcf7-id=\"4482\">\n<div class=\"screen-reader-response\"><p role=\"status\" aria-live=\"polite\" aria-atomic=\"true\"><\/p> <ul><\/ul><\/div>\n<form action=\"\/hr\/wp-json\/wp\/v2\/pages\/279#wpcf7-f4482-o1\" method=\"post\" class=\"wpcf7-form init input-background\" aria-label=\"Kontakt obrazac\" novalidate=\"novalidate\" data-status=\"init\">\n<fieldset class=\"hidden-fields-container\"><input type=\"hidden\" name=\"_wpcf7\" value=\"4482\" \/><input type=\"hidden\" name=\"_wpcf7_version\" value=\"6.1.5\" \/><input type=\"hidden\" name=\"_wpcf7_locale\" value=\"hr\" \/><input type=\"hidden\" name=\"_wpcf7_unit_tag\" value=\"wpcf7-f4482-o1\" \/><input type=\"hidden\" name=\"_wpcf7_container_post\" value=\"0\" \/><input type=\"hidden\" name=\"_wpcf7_posted_data_hash\" value=\"\" \/><input type=\"hidden\" name=\"_wpcf7_recaptcha_response\" value=\"\" \/>\n<\/fieldset>\n<div class=\"wpcf7-inline-wrapper\">\n\t<p class=\"wpcf7-inline-field\"><span class=\"wpcf7-form-control-wrap\" data-name=\"your-firstname\"><input size=\"40\" maxlength=\"400\" class=\"wpcf7-form-control wpcf7-text wpcf7-validates-as-required\" aria-required=\"true\" aria-invalid=\"false\" placeholder=\"Ime*\" value=\"\" type=\"text\" name=\"your-firstname\" \/><\/span>\n\t<\/p>\n\t<p class=\"wpcf7-inline-field\"><span class=\"wpcf7-form-control-wrap\" data-name=\"your-lastname\"><input size=\"40\" maxlength=\"400\" class=\"wpcf7-form-control wpcf7-text\" aria-invalid=\"false\" placeholder=\"Prezime\" value=\"\" type=\"text\" name=\"your-lastname\" \/><\/span>\n\t<\/p>\n<\/div>\n<div class=\"wpcf7-inline-wrapper\">\n\t<p class=\"wpcf7-inline-field\"><span class=\"wpcf7-form-control-wrap\" data-name=\"your-email\"><input size=\"40\" maxlength=\"400\" class=\"wpcf7-form-control wpcf7-email wpcf7-validates-as-required wpcf7-text wpcf7-validates-as-email\" aria-required=\"true\" aria-invalid=\"false\" placeholder=\"Email*\" value=\"\" type=\"email\" name=\"your-email\" \/><\/span>\n\t<\/p>\n\t<p class=\"wpcf7-inline-field\"><span class=\"wpcf7-form-control-wrap\" data-name=\"your-subject\"><input size=\"40\" maxlength=\"400\" class=\"wpcf7-form-control wpcf7-text\" aria-invalid=\"false\" placeholder=\"Predmet\" value=\"\" type=\"text\" name=\"your-subject\" \/><\/span>\n\t<\/p>\n<\/div>\n<p><span class=\"wpcf7-form-control-wrap\" data-name=\"your-message\"><textarea cols=\"40\" rows=\"10\" maxlength=\"2000\" class=\"wpcf7-form-control wpcf7-textarea\" aria-invalid=\"false\" placeholder=\"Poruka\" name=\"your-message\"><\/textarea><\/span>\n<\/p>\n<p><span class=\"wpcf7-form-control-wrap\" data-name=\"accept-this-1\"><span class=\"wpcf7-form-control wpcf7-acceptance\"><span class=\"wpcf7-list-item\"><label><input type=\"checkbox\" name=\"accept-this-1\" value=\"1\" aria-invalid=\"false\" \/><span class=\"wpcf7-list-item-label\">Kliknite ovdje ukoliko prihva\u0107ate na\u0161u politiku privatnosti (<a href=\"\/privacy-policy\/\">Privacy Policy<\/a>)*<\/span><\/label><\/span><\/span><\/span>\n<\/p>\n<p><input class=\"wpcf7-form-control wpcf7-submit has-spinner btn btn-fluid btn-color-oxford btn-flat\" type=\"submit\" value=\"Po\u0161alji\" \/>\n<\/p><input type='hidden' class='wpcf7-pum' value='{\"closepopup\":false,\"closedelay\":0,\"openpopup\":false,\"openpopup_id\":0}' \/><div class=\"wpcf7-response-output\" aria-hidden=\"true\"><\/div>\n<\/form>\n<\/div>\n[vc_separator sep_color=&#8221;,Default&#8221;][vc_custom_heading text_weight=&#8221;700&#8243; sub_reduced=&#8221;yes&#8221; subheading=&#8221;Marina Kremik le\u017ei direktno uz Jadransku magistralu.<br \/>\nAerodrom Split je samo 30 km a autoput A1 samo 32 km udaljen od marine.<br \/>\nAko dolazite autoputem iza\u0111ite na izlazu \u0160ibenik i nastavite prema Rogoznici (Primo\u0161tenu).<br \/>\nAko dolazite iz smjera Splita vozite u smjeru \u0160ibenik \/ Zadar.&#8221;]Kako do nas:[\/vc_custom_heading][vc_separator sep_color=&#8221;,Default&#8221;][vc_custom_heading text_weight=&#8221;700&#8243; sub_reduced=&#8221;yes&#8221; subheading=&#8221;Marina Kremik \u2013Vodice 14 NM<br \/>\nMarina Kremik \u2013Kornati 20 NM<br \/>\nMarina Kremik \u2013 NP Krka 18 NM<br \/>\nMarina Kremik \u2013 \u0160ibenik 12 NM<br \/>\nMarina Kremik \u2013 Hvar 35 NM<br \/>\nMarina Kremik \u2013 Vis 30 NM<br \/>\nMarina Kremik \u2013 Zadar 40 NM<br \/>\nMarina Kremik \u2013 Kor\u010dula 50 NM&#8221;]Za planiranje Va\u0161eg odmora pogledajte slijede\u0107u listu sa udaljenostima u nauti\u010dkim miljama:[\/vc_custom_heading][vc_single_image media=&#8221;6496&#8243; media_lightbox=&#8221;yes&#8221; media_width_use_pixel=&#8221;yes&#8221; shape=&#8221;img-round&#8221; radius=&#8221;std&#8221; uncode_shortcode_id=&#8221;357165&#8243; media_width_pixel=&#8221;528&#8243;][vc_raw_html]JTNDaWZyYW1lJTIwc3JjJTNEJTIyaHR0cHMlM0ElMkYlMkZ3d3cuZ29vZ2xlLmNvbSUyRm1hcHMlMkZlbWJlZCUzRnBiJTNEJTIxMW0xOCUyMTFtMTIlMjExbTMlMjExZDE5NDQ1LjY5MTMyNTg2MjY3NCUyMTJkMTUuOTMyNzU0MTYzNzIyMDk1JTIxM2Q0My41NzI4MTUwNDA1Njc1MiUyMTJtMyUyMTFmMCUyMTJmMCUyMTNmMCUyMTNtMiUyMTFpMTAyNCUyMTJpNzY4JTIxNGYxMy4xJTIxM20zJTIxMW0yJTIxMXMweDEzMzUxOTFiMjU3YTc2M2IlMjUzQTB4ODU4ZDBkMmRiMGQyOTZjZiUyMTJzTWFyaW5hJTI1MjBLcmVtaWslMjUyMGQuby5vLiUyMTVlMCUyMTNtMiUyMTFzZW4lMjEyc2h1JTIxNHYxNjQ5NjYxNTAyMTU0JTIxNW0yJTIxMXNlbiUyMTJzaHUlMjIlMjB3aWR0aCUzRCUyMjgwMCUyMiUyMGhlaWdodCUzRCUyMjUyOCUyMiUyMHN0eWxlJTNEJTIyYm9yZGVyJTNBMCUzQiUyMiUyMGFsbG93ZnVsbHNjcmVlbiUzRCUyMiUyMiUyMGxvYWRpbmclM0QlMjJsYXp5JTIyJTIwcmVmZXJyZXJwb2xpY3klM0QlMjJuby1yZWZlcnJlci13aGVuLWRvd25ncmFkZSUyMiUzRSUzQyUyRmlmcmFtZSUzRQ==[\/vc_raw_html][\/vc_column_inner][\/vc_row_inner][\/vc_column][\/vc_row]<\/p>\n<\/div>","protected":false},"excerpt":{"rendered":"<p>[vc_row row_height_percent=&#8221;0&#8243; override_padding=&#8221;yes&#8221; h_padding=&#8221;2&#8243; top_padding=&#8221;3&#8243; bottom_padding=&#8221;5&#8243; overlay_alpha=&#8221;50&#8243; gutter_size=&#8221;3&#8243; column_width_percent=&#8221;100&#8243; shift_y=&#8221;0&#8243; z_index=&#8221;0&#8243; el_class=&#8221;contact&#8211;widget&#8221; uncode_shortcode_id=&#8221;211406&#8243;][vc_column column_width_percent=&#8221;100&#8243; gutter_size=&#8221;4&#8243; overlay_alpha=&#8221;50&#8243; shift_x=&#8221;0&#8243; shift_y=&#8221;0&#8243; shift_y_down=&#8221;0&#8243; z_index=&#8221;0&#8243; [&hellip;]<\/p>\n","protected":false},"author":1,"featured_media":0,"parent":0,"menu_order":0,"comment_status":"closed","ping_status":"closed","template":"","meta":{"footnotes":""},"class_list":["post-279","page","type-page","status-publish","hentry","page_category-subpage-hr"],"_links":{"self":[{"href":"https:\/\/marina-kremik.com\/hr\/wp-json\/wp\/v2\/pages\/279","targetHints":{"allow":["GET"]}}],"collection":[{"href":"https:\/\/marina-kremik.com\/hr\/wp-json\/wp\/v2\/pages"}],"about":[{"href":"https:\/\/marina-kremik.com\/hr\/wp-json\/wp\/v2\/types\/page"}],"author":[{"embeddable":true,"href":"https:\/\/marina-kremik.com\/hr\/wp-json\/wp\/v2\/users\/1"}],"replies":[{"embeddable":true,"href":"https:\/\/marina-kremik.com\/hr\/wp-json\/wp\/v2\/comments?post=279"}],"version-history":[{"count":2,"href":"https:\/\/marina-kremik.com\/hr\/wp-json\/wp\/v2\/pages\/279\/revisions"}],"predecessor-version":[{"id":7054,"href":"https:\/\/marina-kremik.com\/hr\/wp-json\/wp\/v2\/pages\/279\/revisions\/7054"}],"wp:attachment":[{"href":"https:\/\/marina-kremik.com\/hr\/wp-json\/wp\/v2\/media?parent=279"}],"curies":[{"name":"wp","href":"https:\/\/api.w.org\/{rel}","templated":true}]}}