{"id":2293,"date":"2021-03-09T11:45:54","date_gmt":"2021-03-09T11:45:54","guid":{"rendered":"https:\/\/marina-kremik.com\/accommodation\/"},"modified":"2023-04-06T14:34:25","modified_gmt":"2023-04-06T12:34:25","slug":"servis","status":"publish","type":"page","link":"https:\/\/marina-kremik.com\/hr\/servis\/","title":{"rendered":"Servis"},"content":{"rendered":"<div class=\"wpb-content-wrapper\"><p>[vc_row row_height_percent=&#8221;0&#8243; override_padding=&#8221;yes&#8221; h_padding=&#8221;2&#8243; top_padding=&#8221;3&#8243; bottom_padding=&#8221;3&#8243; overlay_alpha=&#8221;50&#8243; gutter_size=&#8221;3&#8243; column_width_percent=&#8221;100&#8243; shift_y=&#8221;0&#8243; z_index=&#8221;0&#8243;][vc_column column_width_percent=&#8221;100&#8243; gutter_size=&#8221;2&#8243; back_color=&#8221;color-207971&#8243; overlay_alpha=&#8221;50&#8243; border_color=&#8221;color-platinum&#8221; border_style=&#8221;solid&#8221; shift_x=&#8221;0&#8243; shift_y=&#8221;0&#8243; shift_y_down=&#8221;0&#8243; z_index=&#8221;0&#8243; medium_width=&#8221;0&#8243; mobile_width=&#8221;0&#8243; width=&#8221;1\/1&#8243; css=&#8221;.vc_custom_1620908452685{border-left-width: 3px !important;}&#8221;][uncode_breadcrumbs text_lead=&#8221;small&#8221;][vc_custom_heading auto_text=&#8221;yes&#8221; heading_semantic=&#8221;h1&#8243; text_size=&#8221;h1&#8243; text_weight=&#8221;700&#8243; el_class=&#8221;mobile-size&#8221;][\/vc_custom_heading][vc_column_text uncode_shortcode_id=&#8221;540472&#8243;]<\/p>\n<p class=\"p1\">SERVSNE USLUGE<\/p>\n<p class=\"p3\">Servisne usluge u marini Kremik, od kraja 2022.g. pru\u017ea Kremik Nautic Center d.o.o. specijaliziran za radove popravaka, odr\u017eavanja i unaprje\u0111enja svih vrsta plovila.<\/p>\n<p class=\"p3\">Vi\u0161e info mo\u017eete na\u0107i na web stranici:<\/p>\n<p class=\"p5\"><span class=\"s1\"><a href=\"https:\/\/kremik-nautic-center.com\/\" target=\"_blank\" rel=\"noopener\"><i>https:\/\/kremik-nautic-center.com\/<\/i><\/a><\/span><\/p>\n<p class=\"p6\"><b>OBNOVA SERVISNOG PLATOA <\/b><\/p>\n<p class=\"p3\">U skladu sa strategijom unaprije\u0111enja infrastrukture marine Kremik zapo\u010deli smo sa obnovom<span class=\"Apple-converted-space\">\u00a0 <\/span>servisnog platoa marine. U sklopu obnove predvi\u0111eno je podizanje betonske podloge, uklanjanje svih elemenata oborinske odvodnje, energetskih kanala te uklanjanje postoje\u0107e ograde koja ome\u0111uje predmetni zahvat. Plato \u0107e biti opremljen novim elektroenergetskim ormarima za priklju\u010dak opreme, novim rasvjetnim stupovima,<span class=\"Apple-converted-space\">\u00a0 <\/span>\u010dime \u0107e se ostvariti visok stupanj sigurnosti servisnog platoa u skladu sa tehni\u010dkim zahtjevima i standardima.<\/p>\n<p class=\"p3\">Tako\u0111er \u0107e se ugraditi dodatni separator, \u010dime \u0107e se osigurati visok stupanj ekolo\u0161kih standarda za zbrinjavanje otpadnih voda na prali\u0161tu plovila servisne zone.<\/p>\n<p>[\/vc_column_text][\/vc_column][\/vc_row]<\/p>\n<\/div>","protected":false},"excerpt":{"rendered":"<p>[vc_row row_height_percent=&#8221;0&#8243; override_padding=&#8221;yes&#8221; h_padding=&#8221;2&#8243; top_padding=&#8221;3&#8243; bottom_padding=&#8221;3&#8243; overlay_alpha=&#8221;50&#8243; gutter_size=&#8221;3&#8243; column_width_percent=&#8221;100&#8243; shift_y=&#8221;0&#8243; z_index=&#8221;0&#8243;][vc_column column_width_percent=&#8221;100&#8243; gutter_size=&#8221;2&#8243; back_color=&#8221;color-207971&#8243; overlay_alpha=&#8221;50&#8243; border_color=&#8221;color-platinum&#8221; border_style=&#8221;solid&#8221; shift_x=&#8221;0&#8243; shift_y=&#8221;0&#8243; shift_y_down=&#8221;0&#8243; [&hellip;]<\/p>\n","protected":false},"author":1,"featured_media":0,"parent":0,"menu_order":0,"comment_status":"closed","ping_status":"closed","template":"","meta":{"footnotes":""},"class_list":["post-2293","page","type-page","status-publish","hentry"],"_links":{"self":[{"href":"https:\/\/marina-kremik.com\/hr\/wp-json\/wp\/v2\/pages\/2293","targetHints":{"allow":["GET"]}}],"collection":[{"href":"https:\/\/marina-kremik.com\/hr\/wp-json\/wp\/v2\/pages"}],"about":[{"href":"https:\/\/marina-kremik.com\/hr\/wp-json\/wp\/v2\/types\/page"}],"author":[{"embeddable":true,"href":"https:\/\/marina-kremik.com\/hr\/wp-json\/wp\/v2\/users\/1"}],"replies":[{"embeddable":true,"href":"https:\/\/marina-kremik.com\/hr\/wp-json\/wp\/v2\/comments?post=2293"}],"version-history":[{"count":3,"href":"https:\/\/marina-kremik.com\/hr\/wp-json\/wp\/v2\/pages\/2293\/revisions"}],"predecessor-version":[{"id":6823,"href":"https:\/\/marina-kremik.com\/hr\/wp-json\/wp\/v2\/pages\/2293\/revisions\/6823"}],"wp:attachment":[{"href":"https:\/\/marina-kremik.com\/hr\/wp-json\/wp\/v2\/media?parent=2293"}],"curies":[{"name":"wp","href":"https:\/\/api.w.org\/{rel}","templated":true}]}}