{"id":2157,"date":"2021-03-12T11:32:37","date_gmt":"2021-03-12T11:32:37","guid":{"rendered":"https:\/\/marina-kremik.com\/general-info\/"},"modified":"2023-10-11T16:31:57","modified_gmt":"2023-10-11T14:31:57","slug":"o-nama","status":"publish","type":"page","link":"https:\/\/marina-kremik.com\/hr\/o-nama\/","title":{"rendered":"O Nama"},"content":{"rendered":"<div class=\"wpb-content-wrapper\"><p>[vc_row row_height_percent=&#8221;0&#8243; override_padding=&#8221;yes&#8221; h_padding=&#8221;2&#8243; top_padding=&#8221;3&#8243; bottom_padding=&#8221;2&#8243; overlay_alpha=&#8221;50&#8243; gutter_size=&#8221;3&#8243; column_width_percent=&#8221;100&#8243; shift_y=&#8221;0&#8243; z_index=&#8221;0&#8243;][vc_column column_width_percent=&#8221;100&#8243; gutter_size=&#8221;2&#8243; override_padding=&#8221;yes&#8221; column_padding=&#8221;2&#8243; back_color=&#8221;color-207971&#8243; overlay_alpha=&#8221;50&#8243; border_color=&#8221;color-platinum&#8221; border_style=&#8221;solid&#8221; shift_x=&#8221;0&#8243; shift_y=&#8221;0&#8243; shift_y_down=&#8221;0&#8243; z_index=&#8221;0&#8243; medium_width=&#8221;0&#8243; mobile_width=&#8221;0&#8243; width=&#8221;1\/1&#8243; css=&#8221;.vc_custom_1616154590204{border-left-width: 3px !important;}&#8221;][uncode_breadcrumbs text_lead=&#8221;small&#8221;][vc_custom_heading heading_semantic=&#8221;h1&#8243; text_size=&#8221;h1&#8243; text_weight=&#8221;700&#8243;]Kremik Marina[\/vc_custom_heading][vc_column_text uncode_shortcode_id=&#8221;112434&#8243;]<\/p>\n<p class=\"p1\">Marina \u2018\u2019Kremik\u2019\u2019 smje\u0161tena je kraj Primo\u0161tena u slikovitoj nenaseljenoj uvali Kremik po kojoj je dobila ime.<span class=\"Apple-converted-space\">\u00a0 <\/span>Budu\u0107i da se nalazi u uvali duboko uvu\u010denoj u kopno, jedna je od prirodno najza\u0161ti\u0107enijih luka na Jadranu te nudi jedrili\u010darima i vlasnicima motornih plovila visok stupanj sigurnosti i za\u0161titu tijekom cijele godine. Pozicija marine \u010dini ju idealnom za nauti\u010dare koji \u017eele pobje\u0107i iz buke i prenatrpanih marina u gradovima i u\u017eivati u privatnosti zatvorenog podru\u010dja okru\u017eenog vinogradima i prirodnim raslinjem, dok je grad Primo\u0161ten udalje nekoliko minuta vo\u017eenje autom. Pozicija marine je tako\u0111er idealna<span class=\"Apple-converted-space\">\u00a0 <\/span>polazi\u0161na to\u010dka za istra\u017eivanje srednjeg i ju\u017enog Jadrana budu\u0107i da se nalazi 30Nm od nacionalnog parka Kornati na sjevernoj strani, a isto toliko ju\u017eno od otoka Visa, radi \u010dega je omiljena nauti\u010darima.<\/p>\n<p class=\"p1\">Marina \u2018\u2019Kremik\u2019\u2019 pru\u017ea usluge nauti\u010darima od 1986.g. te se ponosi svojom dugogodi\u0161njom tradicijom i kvalitetom usluga, uz kontinuirani rad na pobolj\u0161anju infrastrukture i pro\u0161irenju usluga dostupnih gostima na podru\u010dju marine.<\/p>\n<p class=\"p1\">Marina raspola\u017ee sa 393 veza u moru opremljenima fingerima za lak\u0161e pristajanje i 150 vezova na kopnu, od kojih je svaki opskrbljen vodom i strujom (220V\/380V), te mo\u017ee primiti plovila du\u017eine do 26m. Tako\u0111er raspola\u017ee mooring vezovima za manje i ve\u0107e jahte.<\/p>\n<p class=\"p1\">Objekti i usluge:<\/p>\n<ul class=\"ul1\">\n<li class=\"li1\">24\/7 \u010duvana marina pod video nadzorom<\/li>\n<li class=\"li1\">parkirali\u0161te koje se prote\u017ee kroz cijeli obalni dio marine, besplatno jedno parkirno mjesto za vlasnike plovila koji su ugovorili godi\u0161nji vez<\/li>\n<li class=\"li1\">pra\u017enjenje fekalnih tankova osigurano je na za to predvi\u0111enim mjestima<\/li>\n<li class=\"li1\">asistenciju kod uplova i isplova pru\u017ea mornar preko VHF kanala broj 17<\/li>\n<li class=\"li1\">na zahtjev dostupan ronilac<\/li>\n<li class=\"li1\">travel lift<\/li>\n<li class=\"li1\">dva velika sanitarna bloka sa toaletom i tu\u0161evima nalaze se u blizini vezova<\/li>\n<li class=\"li1\">besplatni WIFI pristup u cijeloj marini uz lozinku dostupnu na recepciji marine<\/li>\n<li class=\"li1\">recepcija<\/li>\n<li class=\"li1\">restoran<\/li>\n<li class=\"li1\">market<\/li>\n<li class=\"li1\">du\u0107an nauti\u010dkom opremom<\/li>\n<li class=\"li1\">prodaja jahti<\/li>\n<li class=\"li1\">benzinska crpka<\/li>\n<li class=\"li1\">brodski servis<\/li>\n<li class=\"li1\">bankomati<\/li>\n<li class=\"li1\">charter baze<\/li>\n<\/ul>\n<p>[\/vc_column_text][vc_separator sep_color=&#8221;,Default&#8221;][vc_custom_heading heading_semantic=&#8221;h3&#8243; text_size=&#8221;h3&#8243; text_weight=&#8221;700&#8243; uncode_shortcode_id=&#8221;197329&#8243;]INFORMACIJE O DOLASKU U MARINU[\/vc_custom_heading][vc_column_text uncode_shortcode_id=&#8221;144593&#8243;]<\/p>\n<p class=\"p1\">Prilikom dolaska u marinu, kada ste u blizini,<span class=\"Apple-converted-space\">\u00a0 <\/span>molimo da kontaktirate mornara preko VHF kanala broj 17 ili recepciju na kontakt broj +38522570068. Na prvom pontonu do\u010dekati \u0107e vas de\u017eurni mornar, koji \u0107e Vas uputiti na dodijeljen vez. De\u017eurni mornar \u0107e Vam pru\u017eiti pomo\u0107 pri privezu i dati sve potrebne tehni\u010dke upute i informacije.<\/p>\n<p class=\"p1\">Ukoliko Va\u0161e plovilo dovozite na traileru, molimo da nas unaprijed kontaktirate radi informiranja o mogu\u0107nostima i vremenu spu\u0161tanja plovila u more te isho\u0111enju dokumentacije za isplovljavanje. Prilikom ulaska u marinu molimo da na porti dogovorite mjesto parkinga Va\u0161eg trailera blizu servisne zone.<\/p>\n<p>[\/vc_column_text][\/vc_column][\/vc_row]<\/p>\n<\/div>","protected":false},"excerpt":{"rendered":"<p>[vc_row row_height_percent=&#8221;0&#8243; override_padding=&#8221;yes&#8221; h_padding=&#8221;2&#8243; top_padding=&#8221;3&#8243; bottom_padding=&#8221;2&#8243; overlay_alpha=&#8221;50&#8243; gutter_size=&#8221;3&#8243; column_width_percent=&#8221;100&#8243; shift_y=&#8221;0&#8243; z_index=&#8221;0&#8243;][vc_column column_width_percent=&#8221;100&#8243; gutter_size=&#8221;2&#8243; override_padding=&#8221;yes&#8221; column_padding=&#8221;2&#8243; back_color=&#8221;color-207971&#8243; overlay_alpha=&#8221;50&#8243; border_color=&#8221;color-platinum&#8221; border_style=&#8221;solid&#8221; shift_x=&#8221;0&#8243; [&hellip;]<\/p>\n","protected":false},"author":1,"featured_media":0,"parent":0,"menu_order":0,"comment_status":"closed","ping_status":"closed","template":"","meta":{"footnotes":""},"class_list":["post-2157","page","type-page","status-publish","hentry"],"_links":{"self":[{"href":"https:\/\/marina-kremik.com\/hr\/wp-json\/wp\/v2\/pages\/2157","targetHints":{"allow":["GET"]}}],"collection":[{"href":"https:\/\/marina-kremik.com\/hr\/wp-json\/wp\/v2\/pages"}],"about":[{"href":"https:\/\/marina-kremik.com\/hr\/wp-json\/wp\/v2\/types\/page"}],"author":[{"embeddable":true,"href":"https:\/\/marina-kremik.com\/hr\/wp-json\/wp\/v2\/users\/1"}],"replies":[{"embeddable":true,"href":"https:\/\/marina-kremik.com\/hr\/wp-json\/wp\/v2\/comments?post=2157"}],"version-history":[{"count":2,"href":"https:\/\/marina-kremik.com\/hr\/wp-json\/wp\/v2\/pages\/2157\/revisions"}],"predecessor-version":[{"id":6940,"href":"https:\/\/marina-kremik.com\/hr\/wp-json\/wp\/v2\/pages\/2157\/revisions\/6940"}],"wp:attachment":[{"href":"https:\/\/marina-kremik.com\/hr\/wp-json\/wp\/v2\/media?parent=2157"}],"curies":[{"name":"wp","href":"https:\/\/api.w.org\/{rel}","templated":true}]}}