{"id":1055,"date":"2021-03-08T15:14:03","date_gmt":"2021-03-08T15:14:03","guid":{"rendered":"https:\/\/marina-kremik.com\/weddings\/"},"modified":"2023-10-11T16:35:21","modified_gmt":"2023-10-11T14:35:21","slug":"recepcija","status":"publish","type":"page","link":"https:\/\/marina-kremik.com\/hr\/ponuda\/recepcija\/","title":{"rendered":"Recepcija"},"content":{"rendered":"<div class=\"wpb-content-wrapper\"><p>[vc_row row_height_percent=&#8221;0&#8243; override_padding=&#8221;yes&#8221; h_padding=&#8221;2&#8243; top_padding=&#8221;3&#8243; bottom_padding=&#8221;3&#8243; overlay_alpha=&#8221;50&#8243; gutter_size=&#8221;3&#8243; column_width_percent=&#8221;100&#8243; shift_y=&#8221;0&#8243; z_index=&#8221;0&#8243;][vc_column column_width_use_pixel=&#8221;yes&#8221; position_horizontal=&#8221;left&#8221; gutter_size=&#8221;2&#8243; back_color=&#8221;color-207971&#8243; overlay_alpha=&#8221;50&#8243; border_color=&#8221;color-platinum&#8221; border_style=&#8221;solid&#8221; shift_x=&#8221;0&#8243; shift_y=&#8221;0&#8243; shift_y_down=&#8221;0&#8243; z_index=&#8221;0&#8243; medium_width=&#8221;0&#8243; mobile_width=&#8221;0&#8243; radius=&#8221;xs&#8221; width=&#8221;1\/1&#8243; column_width_pixel=&#8221;900&#8243; css=&#8221;.vc_custom_1620908532082{border-left-width: 3px !important;}&#8221;][uncode_breadcrumbs text_lead=&#8221;small&#8221;][vc_custom_heading auto_text=&#8221;yes&#8221; heading_semantic=&#8221;h3&#8243; text_size=&#8221;h1&#8243; text_weight=&#8221;700&#8243;][\/vc_custom_heading][vc_column_text uncode_shortcode_id=&#8221;763043&#8243;]<\/p>\n<p class=\"p1\">Na\u0161 poliglotski tim pru\u017eit \u0107e vam sve informacije potrebne kako bi u marini proveli ugodan i nezaboravan godi\u0161nji odmor, te \u0107e vam sastaviti ponudu za godi\u0161nji ili drugu vrstu veza, ovisno o Va\u0161im potrebama.<\/p>\n<p class=\"p1\">U sklopu recepcije nalazi se naplata usluga marine.<\/p>\n<p class=\"p1\">Na recepciji mo\u017eete dobiti asistenciju za naru\u010divanje taxi ili rent-a-car usluge, usluge praonice rublja koja se nalazi u blizini marine ili drugih usluga.<\/p>\n<p class=\"p1\"><strong>Radno vrijeme recepcije:<\/strong><\/p>\n<ul class=\"ul1\">\n<li class=\"li1\">ljetno radno vrijeme (od 1. travnja<span class=\"Apple-converted-space\">\u00a0 <\/span>do 31.listopada)<span class=\"Apple-converted-space\">\u00a0 <\/span>od 07,00-21,00 svakim danom,<\/li>\n<li class=\"li1\">zimsko radno vrijeme (od 1.studenog do 31.o\u017eujka) radnim danom od 08,00-15,00, subotom od 08,00-13,00;<span class=\"Apple-converted-space\">\u00a0 <\/span>nedeljom i praznikom zatvoreno.<\/li>\n<\/ul>\n<p class=\"p1\">Tel: +385 22 570 068<br \/>\n<span style=\"font-family: -apple-system, BlinkMacSystemFont, 'Segoe UI', Roboto, Oxygen-Sans, Ubuntu, Cantarell, 'Helvetica Neue', sans-serif;\">Mail: <\/span><a style=\"font-family: -apple-system, BlinkMacSystemFont, 'Segoe UI', Roboto, Oxygen-Sans, Ubuntu, Cantarell, 'Helvetica Neue', sans-serif;\" href=\"mailto:marina-kremik@marina-kremik.com\"><span class=\"s2\">marina-kremik@marina-kremik.com<\/span><\/a><\/p>\n<p>[\/vc_column_text][vc_single_image media=&#8221;5741&#8243; media_width_percent=&#8221;100&#8243; shape=&#8221;img-round&#8221; radius=&#8221;std&#8221; uncode_shortcode_id=&#8221;213411&#8243;][\/vc_column][\/vc_row]<\/p>\n<\/div>","protected":false},"excerpt":{"rendered":"<p>[vc_row row_height_percent=&#8221;0&#8243; override_padding=&#8221;yes&#8221; h_padding=&#8221;2&#8243; top_padding=&#8221;3&#8243; bottom_padding=&#8221;3&#8243; overlay_alpha=&#8221;50&#8243; gutter_size=&#8221;3&#8243; column_width_percent=&#8221;100&#8243; shift_y=&#8221;0&#8243; z_index=&#8221;0&#8243;][vc_column column_width_use_pixel=&#8221;yes&#8221; position_horizontal=&#8221;left&#8221; gutter_size=&#8221;2&#8243; back_color=&#8221;color-207971&#8243; overlay_alpha=&#8221;50&#8243; border_color=&#8221;color-platinum&#8221; border_style=&#8221;solid&#8221; shift_x=&#8221;0&#8243; shift_y=&#8221;0&#8243; [&hellip;]<\/p>\n","protected":false},"author":1,"featured_media":5364,"parent":2299,"menu_order":0,"comment_status":"closed","ping_status":"closed","template":"","meta":{"footnotes":""},"class_list":["post-1055","page","type-page","status-publish","has-post-thumbnail","hentry","page_category-offer-hr"],"_links":{"self":[{"href":"https:\/\/marina-kremik.com\/hr\/wp-json\/wp\/v2\/pages\/1055","targetHints":{"allow":["GET"]}}],"collection":[{"href":"https:\/\/marina-kremik.com\/hr\/wp-json\/wp\/v2\/pages"}],"about":[{"href":"https:\/\/marina-kremik.com\/hr\/wp-json\/wp\/v2\/types\/page"}],"author":[{"embeddable":true,"href":"https:\/\/marina-kremik.com\/hr\/wp-json\/wp\/v2\/users\/1"}],"replies":[{"embeddable":true,"href":"https:\/\/marina-kremik.com\/hr\/wp-json\/wp\/v2\/comments?post=1055"}],"version-history":[{"count":2,"href":"https:\/\/marina-kremik.com\/hr\/wp-json\/wp\/v2\/pages\/1055\/revisions"}],"predecessor-version":[{"id":6944,"href":"https:\/\/marina-kremik.com\/hr\/wp-json\/wp\/v2\/pages\/1055\/revisions\/6944"}],"up":[{"embeddable":true,"href":"https:\/\/marina-kremik.com\/hr\/wp-json\/wp\/v2\/pages\/2299"}],"wp:featuredmedia":[{"embeddable":true,"href":"https:\/\/marina-kremik.com\/hr\/wp-json\/wp\/v2\/media\/5364"}],"wp:attachment":[{"href":"https:\/\/marina-kremik.com\/hr\/wp-json\/wp\/v2\/media?parent=1055"}],"curies":[{"name":"wp","href":"https:\/\/api.w.org\/{rel}","templated":true}]}}