{"id":955,"date":"2021-02-26T13:35:31","date_gmt":"2021-02-26T13:35:31","guid":{"rendered":"https:\/\/marina-kremik.com\/seightseeing\/"},"modified":"2021-05-13T14:33:24","modified_gmt":"2021-05-13T14:33:24","slug":"attraktionen","status":"publish","type":"page","link":"https:\/\/marina-kremik.com\/de\/angebot\/petrol\/attraktionen\/","title":{"rendered":"Attraktionen"},"content":{"rendered":"<div class=\"wpb-content-wrapper\"><p>[vc_row row_height_percent=&#8220;0&#8243; override_padding=&#8220;yes&#8220; h_padding=&#8220;2&#8243; top_padding=&#8220;3&#8243; bottom_padding=&#8220;2&#8243; overlay_alpha=&#8220;50&#8243; gutter_size=&#8220;3&#8243; column_width_percent=&#8220;100&#8243; shift_y=&#8220;0&#8243; z_index=&#8220;0&#8243;][vc_column column_width_use_pixel=&#8220;yes&#8220; position_horizontal=&#8220;left&#8220; gutter_size=&#8220;3&#8243; back_color=&#8220;color-207971&#8243; overlay_alpha=&#8220;50&#8243; border_color=&#8220;color-platinum&#8220; border_style=&#8220;solid&#8220; shift_x=&#8220;0&#8243; shift_y=&#8220;0&#8243; shift_y_down=&#8220;0&#8243; z_index=&#8220;0&#8243; medium_width=&#8220;0&#8243; mobile_width=&#8220;0&#8243; radius=&#8220;xs&#8220; width=&#8220;1\/1&#8243; column_width_pixel=&#8220;900&#8243; css=&#8220;.vc_custom_1615543737567{border-left-width: 3px !important;}&#8220;][uncode_breadcrumbs text_lead=&#8220;small&#8220;][vc_custom_heading heading_semantic=&#8220;h3&#8243; text_size=&#8220;h1&#8243; text_weight=&#8220;700&#8243;]ATTRAKTIONE[\/vc_custom_heading][\/vc_column][\/vc_row][vc_row row_height_percent=&#8220;0&#8243; override_padding=&#8220;yes&#8220; h_padding=&#8220;2&#8243; top_padding=&#8220;2&#8243; bottom_padding=&#8220;2&#8243; overlay_alpha=&#8220;50&#8243; equal_height=&#8220;yes&#8220; gutter_size=&#8220;3&#8243; column_width_percent=&#8220;100&#8243; shift_y=&#8220;0&#8243; z_index=&#8220;0&#8243; bottom_divider=&#8220;step_1_2&#8243;][vc_column column_width_percent=&#8220;100&#8243; position_vertical=&#8220;middle&#8220; gutter_size=&#8220;0&#8243; overlay_alpha=&#8220;50&#8243; shift_x=&#8220;0&#8243; shift_y=&#8220;0&#8243; shift_y_down=&#8220;0&#8243; z_index=&#8220;0&#8243; medium_width=&#8220;0&#8243; mobile_width=&#8220;0&#8243; radius=&#8220;xs&#8220; width=&#8220;1\/2&#8243;][vc_single_image media=&#8220;4080&#8243; media_width_percent=&#8220;100&#8243; media_ratio=&#8220;four-three&#8220; advanced=&#8220;yes&#8220; media_items=&#8220;media|original,title&#8220; media_overlay_color=&#8220;color-jevc&#8220; media_overlay_coloration=&#8220;bottom_gradient&#8220; media_overlay_opacity=&#8220;50&#8243; media_text_visible=&#8220;yes&#8220; media_overlay_anim=&#8220;no&#8220; media_text_anim=&#8220;no&#8220; media_overlay_visible=&#8220;yes&#8220; media_image_anim=&#8220;no&#8220; media_v_position=&#8220;bottom&#8220; media_padding=&#8220;2&#8243; media_title_dimension=&#8220;h3&#8243; text_lead=&#8220;yes&#8220; media_title_custom=&#8220;WEINBERGE BUCAVAC&#8220;][vc_row_inner limit_content=&#8220;&#8220;][vc_column_inner column_width_percent=&#8220;100&#8243; gutter_size=&#8220;3&#8243; back_color=&#8220;color-lxmt&#8220; overlay_alpha=&#8220;50&#8243; shift_x=&#8220;0&#8243; shift_y=&#8220;0&#8243; shift_y_down=&#8220;0&#8243; z_index=&#8220;0&#8243; medium_width=&#8220;0&#8243; mobile_width=&#8220;0&#8243; width=&#8220;1\/1&#8243;][vc_column_text]Bekannte Weinberge von Primo\u0161ten , die durch ihre einzigartige Komposition der Reben, Steine und des Meers global touristisch erkennbar sind.Momentan ist das Einordnen der Weing\u00e4rten auf die UNESCO Liste des Kulturerbes im Gange und, sollte Bucavac auf die UNESCO Liste kommen, so wird dies der zweite gesch\u00fctzte Weinberg in der ganzen Welt sein.[\/vc_column_text][\/vc_column_inner][\/vc_row_inner][\/vc_column][vc_column column_width_percent=&#8220;100&#8243; gutter_size=&#8220;0&#8243; overlay_alpha=&#8220;50&#8243; shift_x=&#8220;0&#8243; shift_y=&#8220;0&#8243; shift_y_down=&#8220;0&#8243; z_index=&#8220;0&#8243; medium_width=&#8220;0&#8243; mobile_width=&#8220;0&#8243; radius=&#8220;xs&#8220; width=&#8220;1\/2&#8243;][vc_single_image media=&#8220;4088&#8243; media_width_percent=&#8220;100&#8243; media_ratio=&#8220;four-three&#8220; advanced=&#8220;yes&#8220; media_items=&#8220;media|original,title&#8220; media_overlay_color=&#8220;color-jevc&#8220; media_overlay_coloration=&#8220;bottom_gradient&#8220; media_overlay_opacity=&#8220;50&#8243; media_text_visible=&#8220;yes&#8220; media_overlay_anim=&#8220;no&#8220; media_text_anim=&#8220;no&#8220; media_overlay_visible=&#8220;yes&#8220; media_image_anim=&#8220;no&#8220; media_v_position=&#8220;bottom&#8220; media_padding=&#8220;2&#8243; media_title_dimension=&#8220;h3&#8243; text_lead=&#8220;yes&#8220; media_title_custom=&#8220;BABI\u0106&#8220;][vc_row_inner limit_content=&#8220;&#8220;][vc_column_inner column_width_percent=&#8220;100&#8243; gutter_size=&#8220;3&#8243; back_color=&#8220;color-lxmt&#8220; overlay_alpha=&#8220;50&#8243; shift_x=&#8220;0&#8243; shift_y=&#8220;0&#8243; shift_y_down=&#8220;0&#8243; z_index=&#8220;0&#8243; medium_width=&#8220;0&#8243; mobile_width=&#8220;0&#8243; width=&#8220;1\/1&#8243;][vc_column_text]Der Spitzenwein Babi\u0107, der aus der gleichnamigen Traubensorte, die von den Weinberglagen der weinbebauten H\u00fcgel von Primo\u0161ten stammt, hergestellt wird. Die Lage der Weinberge ist der beste Beweis f\u00fcr die Kraft und den Willen des Menschen aus &#8222;purem Stein&#8220; kargen, aber edlen Weinbergboden zu schaffen, wovon auch die Anerkennung der Vereinten Nationen zeugt.[\/vc_column_text][\/vc_column_inner][\/vc_row_inner][\/vc_column][\/vc_row][vc_row row_height_percent=&#8220;0&#8243; override_padding=&#8220;yes&#8220; h_padding=&#8220;2&#8243; top_padding=&#8220;2&#8243; bottom_padding=&#8220;2&#8243; overlay_alpha=&#8220;50&#8243; equal_height=&#8220;yes&#8220; gutter_size=&#8220;3&#8243; column_width_percent=&#8220;100&#8243; shift_y=&#8220;0&#8243; z_index=&#8220;0&#8243; bottom_divider=&#8220;step_1_2&#8243;][vc_column column_width_percent=&#8220;100&#8243; position_vertical=&#8220;middle&#8220; gutter_size=&#8220;0&#8243; overlay_alpha=&#8220;50&#8243; shift_x=&#8220;0&#8243; shift_y=&#8220;0&#8243; shift_y_down=&#8220;0&#8243; z_index=&#8220;0&#8243; medium_width=&#8220;0&#8243; mobile_width=&#8220;0&#8243; radius=&#8220;xs&#8220; width=&#8220;1\/2&#8243;][vc_single_image media=&#8220;2265&#8243; media_width_percent=&#8220;100&#8243; media_ratio=&#8220;four-three&#8220; advanced=&#8220;yes&#8220; media_items=&#8220;media|original,title&#8220; media_overlay_color=&#8220;color-jevc&#8220; media_overlay_coloration=&#8220;bottom_gradient&#8220; media_overlay_opacity=&#8220;50&#8243; media_text_visible=&#8220;yes&#8220; media_overlay_anim=&#8220;no&#8220; media_text_anim=&#8220;no&#8220; media_overlay_visible=&#8220;yes&#8220; media_image_anim=&#8220;no&#8220; media_v_position=&#8220;bottom&#8220; media_padding=&#8220;2&#8243; media_title_dimension=&#8220;h3&#8243; text_lead=&#8220;yes&#8220; media_title_custom=&#8220;DIE KIRCHE DES HEILIGEN GEORG (sv. Juraj) IN PRHOVO&#8220;][vc_row_inner limit_content=&#8220;&#8220;][vc_column_inner column_width_percent=&#8220;100&#8243; gutter_size=&#8220;3&#8243; back_color=&#8220;color-lxmt&#8220; overlay_alpha=&#8220;50&#8243; shift_x=&#8220;0&#8243; shift_y=&#8220;0&#8243; shift_y_down=&#8220;0&#8243; z_index=&#8220;0&#8243; medium_width=&#8220;0&#8243; mobile_width=&#8220;0&#8243; width=&#8220;1\/1&#8243;][vc_column_text]Prhovo existierte als Pfarrsitz, zu dem die D\u00f6rfer \u0160iroke und Rogoznica geh\u00f6ren, bereits zur Zeit der Gr\u00fcndung der Di\u00f6zese in \u0160ibenik im Jahr 1298 .[\/vc_column_text][\/vc_column_inner][\/vc_row_inner][\/vc_column][vc_column column_width_percent=&#8220;100&#8243; gutter_size=&#8220;0&#8243; overlay_alpha=&#8220;50&#8243; shift_x=&#8220;0&#8243; shift_y=&#8220;0&#8243; shift_y_down=&#8220;0&#8243; z_index=&#8220;0&#8243; medium_width=&#8220;0&#8243; mobile_width=&#8220;0&#8243; radius=&#8220;xs&#8220; width=&#8220;1\/2&#8243;][vc_single_image media=&#8220;945&#8243; media_width_percent=&#8220;100&#8243; media_ratio=&#8220;four-three&#8220; advanced=&#8220;yes&#8220; media_items=&#8220;media|original,title&#8220; media_overlay_color=&#8220;color-jevc&#8220; media_overlay_coloration=&#8220;bottom_gradient&#8220; media_overlay_opacity=&#8220;50&#8243; media_text_visible=&#8220;yes&#8220; media_overlay_anim=&#8220;no&#8220; media_text_anim=&#8220;no&#8220; media_overlay_visible=&#8220;yes&#8220; media_image_anim=&#8220;no&#8220; media_v_position=&#8220;bottom&#8220; media_padding=&#8220;2&#8243; media_title_dimension=&#8220;h3&#8243; text_lead=&#8220;yes&#8220; media_title_custom=&#8220;DIE KIRCHE DES HEILIGEN GEORG (sv. Juraj) IN PRIMO\u0160TEN&#8220;][vc_row_inner row_inner_height_percent=&#8220;0&#8243; overlay_alpha=&#8220;50&#8243; gutter_size=&#8220;3&#8243; shift_y=&#8220;0&#8243; z_index=&#8220;0&#8243; limit_content=&#8220;&#8220;][vc_column_inner column_width_percent=&#8220;100&#8243; gutter_size=&#8220;3&#8243; back_color=&#8220;color-lxmt&#8220; overlay_alpha=&#8220;50&#8243; shift_x=&#8220;0&#8243; shift_y=&#8220;0&#8243; shift_y_down=&#8220;0&#8243; z_index=&#8220;0&#8243; medium_width=&#8220;0&#8243; mobile_width=&#8220;0&#8243; width=&#8220;1\/1&#8243;][vc_column_text]Im Zentrum des alten Teils von Primo\u0161ten befindet sich die Kirche des heiligen Georgs (Sv. Juraj), die auf der Spitze der Erh\u00f6hung im 15. Jahrhundert gebaut wurde. 1760 wurde die Kirche gr\u00fcndlich umgebaut. In ihr wird die Ikone der Heilligen Muttergottes Maria mit einer silbernen Fassung und dem Bild der heiligen Maria mit dem heiligen Lucas und Georg (Luka und Juraj), das Werk des Meisters Cusi aus dem Jahr 1719, aufbewahrt.[\/vc_column_text][\/vc_column_inner][\/vc_row_inner][\/vc_column][\/vc_row][vc_row row_height_percent=&#8220;0&#8243; override_padding=&#8220;yes&#8220; h_padding=&#8220;2&#8243; top_padding=&#8220;2&#8243; bottom_padding=&#8220;2&#8243; overlay_alpha=&#8220;50&#8243; equal_height=&#8220;yes&#8220; gutter_size=&#8220;3&#8243; column_width_percent=&#8220;100&#8243; shift_y=&#8220;0&#8243; z_index=&#8220;0&#8243; bottom_divider=&#8220;step_1_2&#8243;][vc_column column_width_percent=&#8220;100&#8243; position_vertical=&#8220;middle&#8220; gutter_size=&#8220;0&#8243; overlay_alpha=&#8220;50&#8243; shift_x=&#8220;0&#8243; shift_y=&#8220;0&#8243; shift_y_down=&#8220;0&#8243; z_index=&#8220;0&#8243; medium_width=&#8220;0&#8243; mobile_width=&#8220;0&#8243; radius=&#8220;xs&#8220; width=&#8220;1\/2&#8243;][vc_single_image media=&#8220;941&#8243; media_width_percent=&#8220;100&#8243; media_ratio=&#8220;four-three&#8220; advanced=&#8220;yes&#8220; media_items=&#8220;media|original,title&#8220; media_overlay_color=&#8220;color-jevc&#8220; media_overlay_coloration=&#8220;bottom_gradient&#8220; media_overlay_opacity=&#8220;50&#8243; media_text_visible=&#8220;yes&#8220; media_overlay_anim=&#8220;no&#8220; media_text_anim=&#8220;no&#8220; media_overlay_visible=&#8220;yes&#8220; media_image_anim=&#8220;no&#8220; media_v_position=&#8220;bottom&#8220; media_padding=&#8220;2&#8243; media_title_dimension=&#8220;h3&#8243; text_lead=&#8220;yes&#8220; media_title_custom=&#8220;UNSERE LIEBE FRAU VON LORETO&#8220;][vc_row_inner limit_content=&#8220;&#8220;][vc_column_inner column_width_percent=&#8220;100&#8243; gutter_size=&#8220;3&#8243; back_color=&#8220;color-lxmt&#8220; overlay_alpha=&#8220;50&#8243; shift_x=&#8220;0&#8243; shift_y=&#8220;0&#8243; shift_y_down=&#8220;0&#8243; z_index=&#8220;0&#8243; medium_width=&#8220;0&#8243; mobile_width=&#8220;0&#8243; width=&#8220;1\/1&#8243;][vc_column_text]Einer der gr\u00f6\u00dften Marienschreine der Welt, eine riesige 17 Meter hohe Marienstatue auf dem Gaj-H\u00fcgel, der Primosten \u00fcberragt, mit faszinierendem Blick auf den Teil der dalmatinischen K\u00fcste, besonders bei Sonnenuntergang.[\/vc_column_text][\/vc_column_inner][\/vc_row_inner][\/vc_column][vc_column column_width_percent=&#8220;100&#8243; gutter_size=&#8220;0&#8243; overlay_alpha=&#8220;50&#8243; shift_x=&#8220;0&#8243; shift_y=&#8220;0&#8243; shift_y_down=&#8220;0&#8243; z_index=&#8220;0&#8243; medium_width=&#8220;0&#8243; mobile_width=&#8220;0&#8243; radius=&#8220;xs&#8220; width=&#8220;1\/2&#8243;][vc_single_image media=&#8220;4075&#8243; media_width_percent=&#8220;100&#8243; media_ratio=&#8220;four-three&#8220; advanced=&#8220;yes&#8220; media_items=&#8220;media|original,title&#8220; media_overlay_color=&#8220;color-jevc&#8220; media_overlay_coloration=&#8220;bottom_gradient&#8220; media_overlay_opacity=&#8220;50&#8243; media_text_visible=&#8220;yes&#8220; media_overlay_anim=&#8220;no&#8220; media_text_anim=&#8220;no&#8220; media_overlay_visible=&#8220;yes&#8220; media_image_anim=&#8220;no&#8220; media_v_position=&#8220;bottom&#8220; media_padding=&#8220;2&#8243; media_title_dimension=&#8220;h3&#8243; text_lead=&#8220;yes&#8220; media_title_custom=&#8220;L\u00c4NDLICHE HAUSHALTE&#8220;][vc_row_inner row_inner_height_percent=&#8220;0&#8243; overlay_alpha=&#8220;50&#8243; gutter_size=&#8220;3&#8243; shift_y=&#8220;0&#8243; z_index=&#8220;0&#8243; limit_content=&#8220;&#8220;][vc_column_inner column_width_percent=&#8220;100&#8243; gutter_size=&#8220;3&#8243; back_color=&#8220;color-lxmt&#8220; overlay_alpha=&#8220;50&#8243; shift_x=&#8220;0&#8243; shift_y=&#8220;0&#8243; shift_y_down=&#8220;0&#8243; z_index=&#8220;0&#8243; medium_width=&#8220;0&#8243; mobile_width=&#8220;0&#8243; width=&#8220;1\/1&#8243;][vc_column_text]Im Hinterland von Primo\u0161ten befinden sich ca. drei\u00dfig D\u00f6rfer und Geh\u00f6fte von Primo\u0161ten Burnji und Primo\u0161ten Ju\u017eni, wo die Touristen die nat\u00fcrliche Harmonie der vergangenen Zeiten in Verbindung mit den gastronomischen Geschm\u00e4ckern und D\u00fcften genie\u00dfen k\u00f6nnen.[\/vc_column_text][\/vc_column_inner][\/vc_row_inner][\/vc_column][\/vc_row][vc_row row_height_percent=&#8220;0&#8243; override_padding=&#8220;yes&#8220; h_padding=&#8220;2&#8243; top_padding=&#8220;2&#8243; bottom_padding=&#8220;2&#8243; overlay_alpha=&#8220;50&#8243; equal_height=&#8220;yes&#8220; gutter_size=&#8220;3&#8243; column_width_percent=&#8220;100&#8243; shift_y=&#8220;0&#8243; z_index=&#8220;0&#8243; bottom_divider=&#8220;step_1_2&#8243;][vc_column column_width_percent=&#8220;100&#8243; position_vertical=&#8220;middle&#8220; gutter_size=&#8220;0&#8243; overlay_alpha=&#8220;50&#8243; shift_x=&#8220;0&#8243; shift_y=&#8220;0&#8243; shift_y_down=&#8220;0&#8243; z_index=&#8220;0&#8243; medium_width=&#8220;0&#8243; mobile_width=&#8220;0&#8243; radius=&#8220;xs&#8220; width=&#8220;1\/2&#8243;][vc_single_image media=&#8220;4096&#8243; media_width_percent=&#8220;100&#8243; media_ratio=&#8220;four-three&#8220; advanced=&#8220;yes&#8220; media_items=&#8220;media|original,title&#8220; media_overlay_color=&#8220;color-jevc&#8220; media_overlay_coloration=&#8220;bottom_gradient&#8220; media_overlay_opacity=&#8220;50&#8243; media_text_visible=&#8220;yes&#8220; media_overlay_anim=&#8220;no&#8220; media_text_anim=&#8220;no&#8220; media_overlay_visible=&#8220;yes&#8220; media_image_anim=&#8220;no&#8220; media_v_position=&#8220;bottom&#8220; media_padding=&#8220;2&#8243; media_title_dimension=&#8220;h3&#8243; text_lead=&#8220;yes&#8220; media_title_custom=&#8220;DIE WEINSTRA\u00dfE VON PRIMO\u0160TEN&#8220;][vc_row_inner limit_content=&#8220;&#8220;][vc_column_inner column_width_percent=&#8220;100&#8243; gutter_size=&#8220;3&#8243; back_color=&#8220;color-lxmt&#8220; overlay_alpha=&#8220;50&#8243; shift_x=&#8220;0&#8243; shift_y=&#8220;0&#8243; shift_y_down=&#8220;0&#8243; z_index=&#8220;0&#8243; medium_width=&#8220;0&#8243; mobile_width=&#8220;0&#8243; width=&#8220;1\/1&#8243;][vc_column_text]Besichtigung der D\u00f6rfer in Primo\u0161ten Burnji und das Kennenlernen der Weinherstellung und \u2013verarbeitung.[\/vc_column_text][\/vc_column_inner][\/vc_row_inner][\/vc_column][vc_column column_width_percent=&#8220;100&#8243; gutter_size=&#8220;0&#8243; overlay_alpha=&#8220;50&#8243; shift_x=&#8220;0&#8243; shift_y=&#8220;0&#8243; shift_y_down=&#8220;0&#8243; z_index=&#8220;0&#8243; medium_width=&#8220;0&#8243; mobile_width=&#8220;0&#8243; radius=&#8220;xs&#8220; width=&#8220;1\/2&#8243;][vc_single_image media=&#8220;924&#8243; media_width_percent=&#8220;100&#8243; media_ratio=&#8220;four-three&#8220; advanced=&#8220;yes&#8220; media_items=&#8220;media|original,title&#8220; media_overlay_color=&#8220;color-jevc&#8220; media_overlay_coloration=&#8220;bottom_gradient&#8220; media_overlay_opacity=&#8220;50&#8243; media_text_visible=&#8220;yes&#8220; media_overlay_anim=&#8220;no&#8220; media_text_anim=&#8220;no&#8220; media_overlay_visible=&#8220;yes&#8220; media_image_anim=&#8220;no&#8220; media_v_position=&#8220;bottom&#8220; media_padding=&#8220;2&#8243; media_title_dimension=&#8220;h3&#8243; text_lead=&#8220;yes&#8220; media_title_custom=&#8220;DIE DISCOTHEKE AURORA&#8220;][vc_row_inner row_inner_height_percent=&#8220;0&#8243; overlay_alpha=&#8220;50&#8243; gutter_size=&#8220;3&#8243; shift_y=&#8220;0&#8243; z_index=&#8220;0&#8243; limit_content=&#8220;&#8220;][vc_column_inner column_width_percent=&#8220;100&#8243; gutter_size=&#8220;3&#8243; back_color=&#8220;color-lxmt&#8220; overlay_alpha=&#8220;50&#8243; shift_x=&#8220;0&#8243; shift_y=&#8220;0&#8243; shift_y_down=&#8220;0&#8243; z_index=&#8220;0&#8243; medium_width=&#8220;0&#8243; mobile_width=&#8220;0&#8243; width=&#8220;1\/1&#8243;][vc_column_text]Eine der sch\u00f6nsten Discos an der Adria K\u00fcste, aber auch in der weiteren Umgebung!!![\/vc_column_text][\/vc_column_inner][\/vc_row_inner][\/vc_column][\/vc_row][vc_row row_height_percent=&#8220;0&#8243; override_padding=&#8220;yes&#8220; h_padding=&#8220;2&#8243; top_padding=&#8220;2&#8243; bottom_padding=&#8220;4&#8243; overlay_alpha=&#8220;50&#8243; equal_height=&#8220;yes&#8220; gutter_size=&#8220;3&#8243; column_width_percent=&#8220;100&#8243; shift_y=&#8220;0&#8243; z_index=&#8220;0&#8243; bottom_divider=&#8220;step_1_2&#8243;][vc_column column_width_percent=&#8220;100&#8243; position_vertical=&#8220;middle&#8220; gutter_size=&#8220;0&#8243; overlay_alpha=&#8220;50&#8243; shift_x=&#8220;0&#8243; shift_y=&#8220;0&#8243; shift_y_down=&#8220;0&#8243; z_index=&#8220;0&#8243; medium_width=&#8220;0&#8243; mobile_width=&#8220;0&#8243; radius=&#8220;xs&#8220; width=&#8220;1\/2&#8243;][vc_single_image media=&#8220;1535&#8243; media_width_percent=&#8220;100&#8243; media_ratio=&#8220;four-three&#8220; advanced=&#8220;yes&#8220; media_items=&#8220;media|original,title&#8220; media_overlay_color=&#8220;color-jevc&#8220; media_overlay_coloration=&#8220;bottom_gradient&#8220; media_overlay_opacity=&#8220;50&#8243; media_text_visible=&#8220;yes&#8220; media_overlay_anim=&#8220;no&#8220; media_text_anim=&#8220;no&#8220; media_overlay_visible=&#8220;yes&#8220; media_image_anim=&#8220;no&#8220; media_v_position=&#8220;bottom&#8220; media_padding=&#8220;2&#8243; media_title_dimension=&#8220;h3&#8243; text_lead=&#8220;yes&#8220; media_title_custom=&#8220;DIE PROMENADE&#8220;][vc_row_inner limit_content=&#8220;&#8220;][vc_column_inner column_width_percent=&#8220;100&#8243; gutter_size=&#8220;3&#8243; back_color=&#8220;color-lxmt&#8220; overlay_alpha=&#8220;50&#8243; shift_x=&#8220;0&#8243; shift_y=&#8220;0&#8243; shift_y_down=&#8220;0&#8243; z_index=&#8220;0&#8243; medium_width=&#8220;0&#8243; mobile_width=&#8220;0&#8243; width=&#8220;1\/1&#8243;][vc_column_text]L\u00e4ngs des wundersch\u00f6nen Strandes von Primo\u0161ten, wo sie die Aussicht und die Natursch\u00f6nheiten genie\u00dfen werden.[\/vc_column_text][\/vc_column_inner][\/vc_row_inner][\/vc_column][vc_column column_width_percent=&#8220;100&#8243; gutter_size=&#8220;0&#8243; overlay_alpha=&#8220;50&#8243; shift_x=&#8220;0&#8243; shift_y=&#8220;0&#8243; shift_y_down=&#8220;0&#8243; z_index=&#8220;0&#8243; medium_width=&#8220;0&#8243; mobile_width=&#8220;0&#8243; radius=&#8220;xs&#8220; width=&#8220;1\/2&#8243;][vc_single_image media=&#8220;911&#8243; media_width_percent=&#8220;100&#8243; media_ratio=&#8220;four-three&#8220; advanced=&#8220;yes&#8220; media_items=&#8220;media|original,title&#8220; media_overlay_color=&#8220;color-jevc&#8220; media_overlay_coloration=&#8220;bottom_gradient&#8220; media_overlay_opacity=&#8220;50&#8243; media_text_visible=&#8220;yes&#8220; media_overlay_anim=&#8220;no&#8220; media_text_anim=&#8220;no&#8220; media_overlay_visible=&#8220;yes&#8220; media_image_anim=&#8220;no&#8220; media_v_position=&#8220;bottom&#8220; media_padding=&#8220;2&#8243; media_title_dimension=&#8220;h3&#8243; text_lead=&#8220;yes&#8220; media_title_custom=&#8220;VERSCHIEDENE F\u00dcR DAS TAUCHEN ATTRAKTIVE LOKATIONS&#8220;][vc_row_inner row_inner_height_percent=&#8220;0&#8243; overlay_alpha=&#8220;50&#8243; gutter_size=&#8220;3&#8243; shift_y=&#8220;0&#8243; z_index=&#8220;0&#8243; limit_content=&#8220;&#8220;][vc_column_inner column_width_percent=&#8220;100&#8243; gutter_size=&#8220;3&#8243; back_color=&#8220;color-lxmt&#8220; overlay_alpha=&#8220;50&#8243; shift_x=&#8220;0&#8243; shift_y=&#8220;0&#8243; shift_y_down=&#8220;0&#8243; z_index=&#8220;0&#8243; medium_width=&#8220;0&#8243; mobile_width=&#8220;0&#8243; width=&#8220;1\/1&#8243;][vc_column_text]Eine der sch\u00f6nsten Unterwasserwelten der Welt wird Sie ohne Atem lassen und wird Ihnen die M\u00f6glichkeit der Erforschung des an Fischen reichen Aquatoriums, der Unterwassergrotten, der Klippen, Schiffsreste u. A. bieten.[\/vc_column_text][\/vc_column_inner][\/vc_row_inner][\/vc_column][\/vc_row][vc_row row_height_percent=&#8220;0&#8243; override_padding=&#8220;yes&#8220; h_padding=&#8220;2&#8243; top_padding=&#8220;2&#8243; bottom_padding=&#8220;4&#8243; overlay_alpha=&#8220;50&#8243; equal_height=&#8220;yes&#8220; gutter_size=&#8220;3&#8243; column_width_percent=&#8220;100&#8243; shift_y=&#8220;0&#8243; z_index=&#8220;0&#8243; bottom_divider=&#8220;step_1_2&#8243;][vc_column column_width_percent=&#8220;100&#8243; position_vertical=&#8220;middle&#8220; gutter_size=&#8220;0&#8243; overlay_alpha=&#8220;50&#8243; shift_x=&#8220;0&#8243; shift_y=&#8220;0&#8243; shift_y_down=&#8220;0&#8243; z_index=&#8220;0&#8243; medium_width=&#8220;0&#8243; mobile_width=&#8220;0&#8243; radius=&#8220;xs&#8220; width=&#8220;1\/2&#8243;][vc_single_image media=&#8220;4104&#8243; media_width_percent=&#8220;100&#8243; media_ratio=&#8220;four-three&#8220; advanced=&#8220;yes&#8220; media_items=&#8220;media|original,title&#8220; media_overlay_color=&#8220;color-jevc&#8220; media_overlay_coloration=&#8220;bottom_gradient&#8220; media_overlay_opacity=&#8220;50&#8243; media_text_visible=&#8220;yes&#8220; media_overlay_anim=&#8220;no&#8220; media_text_anim=&#8220;no&#8220; media_overlay_visible=&#8220;yes&#8220; media_image_anim=&#8220;no&#8220; media_v_position=&#8220;bottom&#8220; media_padding=&#8220;2&#8243; media_title_dimension=&#8220;h3&#8243; text_lead=&#8220;yes&#8220; media_title_custom=&#8220;FAHRRASTRECKEN&#8220;][vc_row_inner limit_content=&#8220;&#8220;][vc_column_inner column_width_percent=&#8220;100&#8243; gutter_size=&#8220;3&#8243; back_color=&#8220;color-lxmt&#8220; overlay_alpha=&#8220;50&#8243; shift_x=&#8220;0&#8243; shift_y=&#8220;0&#8243; shift_y_down=&#8220;0&#8243; z_index=&#8220;0&#8243; medium_width=&#8220;0&#8243; mobile_width=&#8220;0&#8243; width=&#8220;1\/1&#8243;][vc_column_text]Mit der Besichtigung der wundersch\u00f6nen Aussichtst\u00fcrme.[\/vc_column_text][\/vc_column_inner][\/vc_row_inner][\/vc_column][vc_column column_width_percent=&#8220;100&#8243; gutter_size=&#8220;0&#8243; overlay_alpha=&#8220;50&#8243; shift_x=&#8220;0&#8243; shift_y=&#8220;0&#8243; shift_y_down=&#8220;0&#8243; z_index=&#8220;0&#8243; medium_visibility=&#8220;yes&#8220; medium_width=&#8220;0&#8243; mobile_visibility=&#8220;yes&#8220; mobile_width=&#8220;0&#8243; radius=&#8220;xs&#8220; width=&#8220;1\/2&#8243;][vc_row_inner row_inner_height_percent=&#8220;0&#8243; overlay_alpha=&#8220;50&#8243; gutter_size=&#8220;3&#8243; shift_y=&#8220;0&#8243; z_index=&#8220;0&#8243; limit_content=&#8220;&#8220;][vc_column_inner column_width_percent=&#8220;100&#8243; gutter_size=&#8220;3&#8243; overlay_alpha=&#8220;50&#8243; shift_x=&#8220;0&#8243; shift_y=&#8220;0&#8243; shift_y_down=&#8220;0&#8243; z_index=&#8220;0&#8243; medium_width=&#8220;0&#8243; mobile_width=&#8220;0&#8243; width=&#8220;1\/1&#8243;][\/vc_column_inner][\/vc_row_inner][\/vc_column][\/vc_row]<\/p>\n<\/div>","protected":false},"excerpt":{"rendered":"<p>[vc_row row_height_percent=&#8220;0&#8243; override_padding=&#8220;yes&#8220; h_padding=&#8220;2&#8243; top_padding=&#8220;3&#8243; bottom_padding=&#8220;2&#8243; overlay_alpha=&#8220;50&#8243; gutter_size=&#8220;3&#8243; column_width_percent=&#8220;100&#8243; shift_y=&#8220;0&#8243; z_index=&#8220;0&#8243;][vc_column column_width_use_pixel=&#8220;yes&#8220; position_horizontal=&#8220;left&#8220; gutter_size=&#8220;3&#8243; back_color=&#8220;color-207971&#8243; overlay_alpha=&#8220;50&#8243; border_color=&#8220;color-platinum&#8220; border_style=&#8220;solid&#8220; shift_x=&#8220;0&#8243; shift_y=&#8220;0&#8243; [&hellip;]<\/p>\n","protected":false},"author":1,"featured_media":943,"parent":2313,"menu_order":0,"comment_status":"closed","ping_status":"closed","template":"","meta":{"footnotes":""},"class_list":["post-955","page","type-page","status-publish","has-post-thumbnail","hentry"],"_links":{"self":[{"href":"https:\/\/marina-kremik.com\/de\/wp-json\/wp\/v2\/pages\/955","targetHints":{"allow":["GET"]}}],"collection":[{"href":"https:\/\/marina-kremik.com\/de\/wp-json\/wp\/v2\/pages"}],"about":[{"href":"https:\/\/marina-kremik.com\/de\/wp-json\/wp\/v2\/types\/page"}],"author":[{"embeddable":true,"href":"https:\/\/marina-kremik.com\/de\/wp-json\/wp\/v2\/users\/1"}],"replies":[{"embeddable":true,"href":"https:\/\/marina-kremik.com\/de\/wp-json\/wp\/v2\/comments?post=955"}],"version-history":[{"count":0,"href":"https:\/\/marina-kremik.com\/de\/wp-json\/wp\/v2\/pages\/955\/revisions"}],"up":[{"embeddable":true,"href":"https:\/\/marina-kremik.com\/de\/wp-json\/wp\/v2\/pages\/2313"}],"wp:featuredmedia":[{"embeddable":true,"href":"https:\/\/marina-kremik.com\/de\/wp-json\/wp\/v2\/media\/943"}],"wp:attachment":[{"href":"https:\/\/marina-kremik.com\/de\/wp-json\/wp\/v2\/media?parent=955"}],"curies":[{"name":"wp","href":"https:\/\/api.w.org\/{rel}","templated":true}]}}