{"id":855,"date":"2021-02-26T13:10:58","date_gmt":"2021-02-26T13:10:58","guid":{"rendered":"https:\/\/marina-kremik.com\/beach\/"},"modified":"2023-04-12T23:17:13","modified_gmt":"2023-04-12T21:17:13","slug":"supermarkt","status":"publish","type":"page","link":"https:\/\/marina-kremik.com\/de\/angebot\/supermarkt\/","title":{"rendered":"Supermarkt"},"content":{"rendered":"<div class=\"wpb-content-wrapper\"><p>[vc_row row_height_percent=&#8220;0&#8243; override_padding=&#8220;yes&#8220; h_padding=&#8220;2&#8243; top_padding=&#8220;3&#8243; bottom_padding=&#8220;2&#8243; overlay_alpha=&#8220;50&#8243; gutter_size=&#8220;3&#8243; column_width_percent=&#8220;100&#8243; shift_y=&#8220;0&#8243; z_index=&#8220;0&#8243; top_divider=&#8220;ray-opacity&#8220;][vc_column column_width_use_pixel=&#8220;yes&#8220; position_horizontal=&#8220;left&#8220; gutter_size=&#8220;2&#8243; back_color=&#8220;color-207971&#8243; overlay_alpha=&#8220;50&#8243; border_color=&#8220;color-platinum&#8220; border_style=&#8220;solid&#8220; shift_x=&#8220;0&#8243; shift_y=&#8220;0&#8243; shift_y_down=&#8220;0&#8243; z_index=&#8220;0&#8243; medium_width=&#8220;0&#8243; mobile_width=&#8220;0&#8243; radius=&#8220;xs&#8220; width=&#8220;1\/1&#8243; column_width_pixel=&#8220;900&#8243; css=&#8220;.vc_custom_1621594354890{border-left-width: 3px !important;}&#8220;][uncode_breadcrumbs text_lead=&#8220;small&#8220;][vc_custom_heading auto_text=&#8220;yes&#8220; heading_semantic=&#8220;h1&#8243; text_size=&#8220;h1&#8243; text_weight=&#8220;700&#8243;][\/vc_custom_heading][vc_column_text uncode_shortcode_id=&#8220;159671&#8243;]Ein reichhaltiges und vielf\u00e4ltiges Angebot an Mischwaren finden Sie im Supermarkt \u201eRibola\u201c, einem der f\u00fchrenden regionalen Konsumg\u00fcterketten in Kroatien. In Ribola finden Sie eine gro\u00dfe Auswahl an Speisen und Getr\u00e4nken, Haushalts- und Hygieneartikeln.<\/p>\n<p>Weitere Informationen finden Sie auf der Website: <a href=\"http:\/\/www.ribola.hr\/\" target=\"_blank\" rel=\"noopener\">http:\/\/www.ribola.hr\/<\/a>[\/vc_column_text][\/vc_column][\/vc_row]<\/p>\n<\/div>","protected":false},"excerpt":{"rendered":"<p>[vc_row row_height_percent=&#8220;0&#8243; override_padding=&#8220;yes&#8220; h_padding=&#8220;2&#8243; top_padding=&#8220;3&#8243; bottom_padding=&#8220;2&#8243; overlay_alpha=&#8220;50&#8243; gutter_size=&#8220;3&#8243; column_width_percent=&#8220;100&#8243; shift_y=&#8220;0&#8243; z_index=&#8220;0&#8243; top_divider=&#8220;ray-opacity&#8220;][vc_column column_width_use_pixel=&#8220;yes&#8220; position_horizontal=&#8220;left&#8220; gutter_size=&#8220;2&#8243; back_color=&#8220;color-207971&#8243; overlay_alpha=&#8220;50&#8243; border_color=&#8220;color-platinum&#8220; border_style=&#8220;solid&#8220; shift_x=&#8220;0&#8243; [&hellip;]<\/p>\n","protected":false},"author":1,"featured_media":5825,"parent":2300,"menu_order":0,"comment_status":"closed","ping_status":"closed","template":"","meta":{"footnotes":""},"class_list":["post-855","page","type-page","status-publish","has-post-thumbnail","hentry","page_category-offer-de"],"_links":{"self":[{"href":"https:\/\/marina-kremik.com\/de\/wp-json\/wp\/v2\/pages\/855","targetHints":{"allow":["GET"]}}],"collection":[{"href":"https:\/\/marina-kremik.com\/de\/wp-json\/wp\/v2\/pages"}],"about":[{"href":"https:\/\/marina-kremik.com\/de\/wp-json\/wp\/v2\/types\/page"}],"author":[{"embeddable":true,"href":"https:\/\/marina-kremik.com\/de\/wp-json\/wp\/v2\/users\/1"}],"replies":[{"embeddable":true,"href":"https:\/\/marina-kremik.com\/de\/wp-json\/wp\/v2\/comments?post=855"}],"version-history":[{"count":2,"href":"https:\/\/marina-kremik.com\/de\/wp-json\/wp\/v2\/pages\/855\/revisions"}],"predecessor-version":[{"id":6858,"href":"https:\/\/marina-kremik.com\/de\/wp-json\/wp\/v2\/pages\/855\/revisions\/6858"}],"up":[{"embeddable":true,"href":"https:\/\/marina-kremik.com\/de\/wp-json\/wp\/v2\/pages\/2300"}],"wp:featuredmedia":[{"embeddable":true,"href":"https:\/\/marina-kremik.com\/de\/wp-json\/wp\/v2\/media\/5825"}],"wp:attachment":[{"href":"https:\/\/marina-kremik.com\/de\/wp-json\/wp\/v2\/media?parent=855"}],"curies":[{"name":"wp","href":"https:\/\/api.w.org\/{rel}","templated":true}]}}