{"id":835,"date":"2021-02-26T13:11:09","date_gmt":"2021-02-26T13:11:09","guid":{"rendered":"https:\/\/marina-kremik.com\/kids-club\/"},"modified":"2021-07-19T13:10:32","modified_gmt":"2021-07-19T11:10:32","slug":"bootsgeschaeft","status":"publish","type":"page","link":"https:\/\/marina-kremik.com\/de\/angebot\/bootsgeschaeft\/","title":{"rendered":"Bootsgesch\u00e4ft"},"content":{"rendered":"<div class=\"wpb-content-wrapper\"><p>[vc_row row_height_percent=&#8220;0&#8243; override_padding=&#8220;yes&#8220; h_padding=&#8220;2&#8243; top_padding=&#8220;3&#8243; bottom_padding=&#8220;2&#8243; overlay_alpha=&#8220;50&#8243; gutter_size=&#8220;3&#8243; column_width_percent=&#8220;100&#8243; shift_y=&#8220;0&#8243; z_index=&#8220;0&#8243;][vc_column column_width_use_pixel=&#8220;yes&#8220; position_horizontal=&#8220;left&#8220; gutter_size=&#8220;2&#8243; back_color=&#8220;color-207971&#8243; overlay_alpha=&#8220;50&#8243; border_color=&#8220;color-platinum&#8220; border_style=&#8220;solid&#8220; shift_x=&#8220;0&#8243; shift_y=&#8220;0&#8243; shift_y_down=&#8220;0&#8243; z_index=&#8220;0&#8243; medium_width=&#8220;0&#8243; mobile_width=&#8220;0&#8243; radius=&#8220;xs&#8220; width=&#8220;1\/1&#8243; column_width_pixel=&#8220;900&#8243; css=&#8220;.vc_custom_1621594307609{border-left-width: 3px !important;}&#8220;][uncode_breadcrumbs text_lead=&#8220;small&#8220;][vc_custom_heading auto_text=&#8220;yes&#8220; heading_semantic=&#8220;h1&#8243; text_size=&#8220;h1&#8243; text_weight=&#8220;700&#8243;][\/vc_custom_heading][vc_column_text]Im &#8222;Boat Shop&#8220; der Marina Kremik bekommen Sie alles, was Sie f\u00fcr Ihre Boote, Segelboote, Motorboote ben\u00f6tigen. Aus dem reichhaltigen Angebot heben wir besonders vor:<\/p>\n<p>&#8222;HARKEN&#8220; und &#8222;SPINLOCK&#8220; &#8211; die besten Flaschenz\u00fcge (Winden) und Stopper der Welt, &#8222;VICHARD&#8220; Gameten und Karabiner<\/p>\n<p>\u201eWHALE\u201c und \u201eJABSCO\u201c \u2013 Bootspumpen f\u00fcr alle Anwendungen,<\/p>\n<p>Kleidung und Schuhe h\u00f6chster Qualit\u00e4t f\u00fcr Nautiker \u201eMUSTO\u201c, \u201eRUSTO\u201c und \u201eTBS\u201c, Farben \u201eHEMPEL\u201c, \u200b\u200bKosmetik \u201eYAHTICON\u201c, Batterien und Schiffselektronik, Schlauchboote, Au\u00dfenbordmotoren \u201eHONDA\u201c<\/p>\n<p>Das freundliche Personal des Bootsshops erwartet Sie und steht zu Ihren Diensten.[\/vc_column_text][\/vc_column][\/vc_row]<\/p>\n<\/div>","protected":false},"excerpt":{"rendered":"<p>[vc_row row_height_percent=&#8220;0&#8243; override_padding=&#8220;yes&#8220; h_padding=&#8220;2&#8243; top_padding=&#8220;3&#8243; bottom_padding=&#8220;2&#8243; overlay_alpha=&#8220;50&#8243; gutter_size=&#8220;3&#8243; column_width_percent=&#8220;100&#8243; shift_y=&#8220;0&#8243; z_index=&#8220;0&#8243;][vc_column column_width_use_pixel=&#8220;yes&#8220; position_horizontal=&#8220;left&#8220; gutter_size=&#8220;2&#8243; back_color=&#8220;color-207971&#8243; overlay_alpha=&#8220;50&#8243; border_color=&#8220;color-platinum&#8220; border_style=&#8220;solid&#8220; shift_x=&#8220;0&#8243; shift_y=&#8220;0&#8243; [&hellip;]<\/p>\n","protected":false},"author":1,"featured_media":5735,"parent":2300,"menu_order":0,"comment_status":"closed","ping_status":"closed","template":"","meta":{"footnotes":""},"class_list":["post-835","page","type-page","status-publish","has-post-thumbnail","hentry","page_category-offer-de"],"_links":{"self":[{"href":"https:\/\/marina-kremik.com\/de\/wp-json\/wp\/v2\/pages\/835","targetHints":{"allow":["GET"]}}],"collection":[{"href":"https:\/\/marina-kremik.com\/de\/wp-json\/wp\/v2\/pages"}],"about":[{"href":"https:\/\/marina-kremik.com\/de\/wp-json\/wp\/v2\/types\/page"}],"author":[{"embeddable":true,"href":"https:\/\/marina-kremik.com\/de\/wp-json\/wp\/v2\/users\/1"}],"replies":[{"embeddable":true,"href":"https:\/\/marina-kremik.com\/de\/wp-json\/wp\/v2\/comments?post=835"}],"version-history":[{"count":0,"href":"https:\/\/marina-kremik.com\/de\/wp-json\/wp\/v2\/pages\/835\/revisions"}],"up":[{"embeddable":true,"href":"https:\/\/marina-kremik.com\/de\/wp-json\/wp\/v2\/pages\/2300"}],"wp:featuredmedia":[{"embeddable":true,"href":"https:\/\/marina-kremik.com\/de\/wp-json\/wp\/v2\/media\/5735"}],"wp:attachment":[{"href":"https:\/\/marina-kremik.com\/de\/wp-json\/wp\/v2\/media?parent=835"}],"curies":[{"name":"wp","href":"https:\/\/api.w.org\/{rel}","templated":true}]}}