{"id":338,"date":"2021-02-26T13:11:20","date_gmt":"2021-02-26T13:11:20","guid":{"rendered":"https:\/\/marina-kremik.com\/wellness\/"},"modified":"2023-04-06T15:08:27","modified_gmt":"2023-04-06T13:08:27","slug":"restaurant","status":"publish","type":"page","link":"https:\/\/marina-kremik.com\/de\/angebot\/restaurant\/","title":{"rendered":"Restaurant"},"content":{"rendered":"<div class=\"wpb-content-wrapper\"><p>[vc_row row_height_percent=&#8220;0&#8243; override_padding=&#8220;yes&#8220; h_padding=&#8220;2&#8243; top_padding=&#8220;3&#8243; bottom_padding=&#8220;2&#8243; overlay_alpha=&#8220;50&#8243; gutter_size=&#8220;3&#8243; column_width_percent=&#8220;100&#8243; shift_y=&#8220;0&#8243; z_index=&#8220;0&#8243;][vc_column column_width_use_pixel=&#8220;yes&#8220; position_horizontal=&#8220;left&#8220; gutter_size=&#8220;2&#8243; back_color=&#8220;color-207971&#8243; overlay_alpha=&#8220;50&#8243; border_color=&#8220;color-platinum&#8220; border_style=&#8220;solid&#8220; shift_x=&#8220;0&#8243; shift_y=&#8220;0&#8243; shift_y_down=&#8220;0&#8243; z_index=&#8220;0&#8243; medium_width=&#8220;0&#8243; mobile_width=&#8220;0&#8243; radius=&#8220;xs&#8220; width=&#8220;1\/1&#8243; column_width_pixel=&#8220;900&#8243; css=&#8220;.vc_custom_1621594300112{border-left-width: 3px !important;}&#8220;][uncode_breadcrumbs text_lead=&#8220;small&#8220;][vc_custom_heading auto_text=&#8220;yes&#8220; heading_semantic=&#8220;h3&#8243; text_size=&#8220;h1&#8243; text_weight=&#8220;700&#8243;][\/vc_custom_heading][vc_column_text uncode_shortcode_id=&#8220;994280&#8243;]<\/p>\n<p class=\"p1\">Starten Sie entspannt in den Tag mit dem Duft von Morgenkaffee und einem frischen Croissant auf der Terrasse des Restaurants \u201eDomina\u201c mit beruhigendem Blick auf Segelboote, das offene Meer und die Morgensonne.<\/p>\n<p class=\"p1\">Das Restaurant &#8222;Domina&#8220; verw\u00f6hnt Ihren Gaumen mit traditioneller dalmatinischer K\u00fcche mit einem Schritt nach vorne in modernere Interpretationen, exzellenten Desserts, darunter hausgemachte Pfannkuchen und Vanilleeis mit K\u00fcrbis\u00f6l, sowie einer reichen Auswahl an lokalen und regionalen Weinen.<\/p>\n<p class=\"p1\">Ob Sie Lust auf Fr\u00fchst\u00fcck, Brunch, Mittagessen, Abendessen oder einfach nur einen Cocktail haben, w\u00e4hrend Sie den Sonnenuntergang auf der \u00fcberdachten Terrasse genie\u00dfen, das Restaurant &#8222;Domina&#8220; erf\u00fcllt alle Ihre W\u00fcnsche und Bed\u00fcrfnisse, einschlie\u00dflich der Zubereitung von glutenfreien und vegetarischen Gerichten auf abwechslungsreiche und fantasievolle Weise.<\/p>\n<p class=\"p1\">Das Restaurant &#8222;Domina&#8220; ist stolz darauf, nur frische und hochwertige Zutaten und Fisch f\u00fcr die Zubereitung der Gerichte sowie eine innovative Kombination von Aromen auf der Grundlage der mediterranen K\u00fcche zu verwenden, w\u00e4hrend traditionelle dalmatinische Gerichte als Grundlage seines Angebots beibehalten werden.<\/p>\n<p class=\"p1\">Innerhalb des Restaurants gibt es eine Weinbar, wo Sie aus einer gro\u00dfen Auswahl an dalmatinischen Weinen mit Hilfe eines professionellen Mitarbeiters den Wein ausw\u00e4hlen k\u00f6nnen, der das gew\u00e4hlte Gericht perfekt begleitet.<\/p>\n<p class=\"p1\">Das Restaurant &#8222;Domina&#8220; kann Regatten, Empf\u00e4nge, Hochzeiten und andere private Feiern organisieren. Es verf\u00fcgt \u00fcber 130 Sitzpl\u00e4tze im geschlossenen Teil und die gleiche Anzahl auf der Terrasse und ist voll klimatisiert mit separatem Raucherbereich.<\/p>\n<p class=\"p1\">Die Gourmet-Kreationen des Restaurants \u201eDomina\u201c und weitere Informationen zu Angebot und Service k\u00f6nnen Sie auf der Website einsehen: <a href=\"https:\/\/restaurant-domina.eatbu.com\/?lang=hr\" target=\"_blank\" rel=\"noopener\"><span class=\"s1\">https:\/\/restaurant-domina.eatbu.com\/?lang=hr<\/span><\/a>.<\/p>\n<p>[\/vc_column_text][\/vc_column][\/vc_row][vc_row row_height_percent=&#8220;0&#8243; override_padding=&#8220;yes&#8220; h_padding=&#8220;2&#8243; top_padding=&#8220;2&#8243; bottom_padding=&#8220;4&#8243; overlay_alpha=&#8220;50&#8243; gutter_size=&#8220;3&#8243; column_width_percent=&#8220;100&#8243; shift_y=&#8220;0&#8243; z_index=&#8220;0&#8243;][vc_column width=&#8220;1\/1&#8243;][vc_gallery el_id=&#8220;gallery-221603&#8243; medias=&#8220;5591&#8243; explode_albums=&#8220;yes&#8220; gutter_size=&#8220;2&#8243; media_items=&#8220;media|lightbox|original&#8220; screen_lg=&#8220;1000&#8243; screen_md=&#8220;600&#8243; screen_sm=&#8220;480&#8243; images_size=&#8220;four-three&#8220; single_shape=&#8220;round&#8220; radius=&#8220;std&#8220; single_overlay_color=&#8220;color-jevc&#8220; single_overlay_coloration=&#8220;bottom_gradient&#8220; single_overlay_opacity=&#8220;50&#8243; single_padding=&#8220;2&#8243; single_shadow=&#8220;yes&#8220; shadow_weight=&#8220;sm&#8220; single_border=&#8220;yes&#8220; uncode_shortcode_id=&#8220;108602&#8243;][\/vc_column][\/vc_row]<\/p>\n<\/div>","protected":false},"excerpt":{"rendered":"<p>[vc_row row_height_percent=&#8220;0&#8243; override_padding=&#8220;yes&#8220; h_padding=&#8220;2&#8243; top_padding=&#8220;3&#8243; bottom_padding=&#8220;2&#8243; overlay_alpha=&#8220;50&#8243; gutter_size=&#8220;3&#8243; column_width_percent=&#8220;100&#8243; shift_y=&#8220;0&#8243; z_index=&#8220;0&#8243;][vc_column column_width_use_pixel=&#8220;yes&#8220; position_horizontal=&#8220;left&#8220; gutter_size=&#8220;2&#8243; back_color=&#8220;color-207971&#8243; overlay_alpha=&#8220;50&#8243; border_color=&#8220;color-platinum&#8220; border_style=&#8220;solid&#8220; shift_x=&#8220;0&#8243; shift_y=&#8220;0&#8243; [&hellip;]<\/p>\n","protected":false},"author":1,"featured_media":5500,"parent":2300,"menu_order":0,"comment_status":"closed","ping_status":"closed","template":"","meta":{"footnotes":""},"class_list":["post-338","page","type-page","status-publish","has-post-thumbnail","hentry","page_category-offer-de"],"_links":{"self":[{"href":"https:\/\/marina-kremik.com\/de\/wp-json\/wp\/v2\/pages\/338","targetHints":{"allow":["GET"]}}],"collection":[{"href":"https:\/\/marina-kremik.com\/de\/wp-json\/wp\/v2\/pages"}],"about":[{"href":"https:\/\/marina-kremik.com\/de\/wp-json\/wp\/v2\/types\/page"}],"author":[{"embeddable":true,"href":"https:\/\/marina-kremik.com\/de\/wp-json\/wp\/v2\/users\/1"}],"replies":[{"embeddable":true,"href":"https:\/\/marina-kremik.com\/de\/wp-json\/wp\/v2\/comments?post=338"}],"version-history":[{"count":1,"href":"https:\/\/marina-kremik.com\/de\/wp-json\/wp\/v2\/pages\/338\/revisions"}],"predecessor-version":[{"id":6842,"href":"https:\/\/marina-kremik.com\/de\/wp-json\/wp\/v2\/pages\/338\/revisions\/6842"}],"up":[{"embeddable":true,"href":"https:\/\/marina-kremik.com\/de\/wp-json\/wp\/v2\/pages\/2300"}],"wp:featuredmedia":[{"embeddable":true,"href":"https:\/\/marina-kremik.com\/de\/wp-json\/wp\/v2\/media\/5500"}],"wp:attachment":[{"href":"https:\/\/marina-kremik.com\/de\/wp-json\/wp\/v2\/media?parent=338"}],"curies":[{"name":"wp","href":"https:\/\/api.w.org\/{rel}","templated":true}]}}