{"id":2294,"date":"2021-03-09T11:45:54","date_gmt":"2021-03-09T11:45:54","guid":{"rendered":"https:\/\/marina-kremik.com\/accommodation\/"},"modified":"2023-04-06T15:10:21","modified_gmt":"2023-04-06T13:10:21","slug":"service","status":"publish","type":"page","link":"https:\/\/marina-kremik.com\/de\/service\/","title":{"rendered":"Service"},"content":{"rendered":"<div class=\"wpb-content-wrapper\"><p>[vc_row row_height_percent=&#8220;0&#8243; override_padding=&#8220;yes&#8220; h_padding=&#8220;2&#8243; top_padding=&#8220;3&#8243; bottom_padding=&#8220;3&#8243; overlay_alpha=&#8220;50&#8243; gutter_size=&#8220;3&#8243; column_width_percent=&#8220;100&#8243; shift_y=&#8220;0&#8243; z_index=&#8220;0&#8243;][vc_column column_width_percent=&#8220;100&#8243; gutter_size=&#8220;2&#8243; back_color=&#8220;color-207971&#8243; overlay_alpha=&#8220;50&#8243; border_color=&#8220;color-platinum&#8220; border_style=&#8220;solid&#8220; shift_x=&#8220;0&#8243; shift_y=&#8220;0&#8243; shift_y_down=&#8220;0&#8243; z_index=&#8220;0&#8243; medium_width=&#8220;0&#8243; mobile_width=&#8220;0&#8243; width=&#8220;1\/1&#8243; css=&#8220;.vc_custom_1620908452685{border-left-width: 3px !important;}&#8220;][uncode_breadcrumbs text_lead=&#8220;small&#8220;][vc_custom_heading auto_text=&#8220;yes&#8220; heading_semantic=&#8220;h1&#8243; text_size=&#8220;h1&#8243; text_weight=&#8220;700&#8243; el_class=&#8220;mobile-size&#8220;][\/vc_custom_heading][vc_column_text uncode_shortcode_id=&#8220;575193&#8243;]<\/p>\n<p class=\"p1\">Ab Ende 2022 bietet Kremik Nautic Center d.o.o., spezialisiert auf Reparatur, Wartung und Verbesserung aller Arten von Schiffen, Service in der Marina Kremik.<\/p>\n<p class=\"p1\">Weitere Informationen finden Sie auf der Website:<\/p>\n<p class=\"p3\"><span class=\"s1\"><a href=\"https:\/\/kremik-nautic-center.com\/\" target=\"_blank\" rel=\"noopener\"><i>https:\/\/kremik-nautic-center.com\/<\/i><\/a><\/span><i> <\/i><\/p>\n<p class=\"p5\"><b>ERNEUERUNG DES SERVICE PLATEAU<\/b><\/p>\n<p class=\"p1\">Gem\u00e4\u00df der Strategie zur Verbesserung der Infrastruktur der Marina Kremik haben wir mit der Renovierung des Service-Plateaus der Marina begonnen. Im Rahmen der Sanierung ist geplant, den Betonsockel anzuheben, alle Entw\u00e4sserungselemente und Energiekan\u00e4le zu entfernen und den bestehenden Zaun zu entfernen, der das betreffende Projekt begrenzt. Das Plateau wird mit neuen Schaltschr\u00e4nken f\u00fcr den Anschluss von Ger\u00e4ten und neuen Lichtmasten ausgestattet, die ein hohes Ma\u00df an Sicherheit des Serviceplateaus gem\u00e4\u00df den technischen Anforderungen und Standards erreichen.<\/p>\n<p class=\"p1\">Au\u00dferdem wird ein zus\u00e4tzlicher Separator installiert, der einen hohen Umweltstandard f\u00fcr die Entsorgung des Abwassers bei der Schiffsw\u00e4sche des Servicebereichs gew\u00e4hrleistet.<\/p>\n<p>[\/vc_column_text][\/vc_column][\/vc_row]<\/p>\n<\/div>","protected":false},"excerpt":{"rendered":"<p>[vc_row row_height_percent=&#8220;0&#8243; override_padding=&#8220;yes&#8220; h_padding=&#8220;2&#8243; top_padding=&#8220;3&#8243; bottom_padding=&#8220;3&#8243; overlay_alpha=&#8220;50&#8243; gutter_size=&#8220;3&#8243; column_width_percent=&#8220;100&#8243; shift_y=&#8220;0&#8243; z_index=&#8220;0&#8243;][vc_column column_width_percent=&#8220;100&#8243; gutter_size=&#8220;2&#8243; back_color=&#8220;color-207971&#8243; overlay_alpha=&#8220;50&#8243; border_color=&#8220;color-platinum&#8220; border_style=&#8220;solid&#8220; shift_x=&#8220;0&#8243; shift_y=&#8220;0&#8243; shift_y_down=&#8220;0&#8243; [&hellip;]<\/p>\n","protected":false},"author":1,"featured_media":0,"parent":0,"menu_order":0,"comment_status":"closed","ping_status":"closed","template":"","meta":{"footnotes":""},"class_list":["post-2294","page","type-page","status-publish","hentry"],"_links":{"self":[{"href":"https:\/\/marina-kremik.com\/de\/wp-json\/wp\/v2\/pages\/2294","targetHints":{"allow":["GET"]}}],"collection":[{"href":"https:\/\/marina-kremik.com\/de\/wp-json\/wp\/v2\/pages"}],"about":[{"href":"https:\/\/marina-kremik.com\/de\/wp-json\/wp\/v2\/types\/page"}],"author":[{"embeddable":true,"href":"https:\/\/marina-kremik.com\/de\/wp-json\/wp\/v2\/users\/1"}],"replies":[{"embeddable":true,"href":"https:\/\/marina-kremik.com\/de\/wp-json\/wp\/v2\/comments?post=2294"}],"version-history":[{"count":2,"href":"https:\/\/marina-kremik.com\/de\/wp-json\/wp\/v2\/pages\/2294\/revisions"}],"predecessor-version":[{"id":6846,"href":"https:\/\/marina-kremik.com\/de\/wp-json\/wp\/v2\/pages\/2294\/revisions\/6846"}],"wp:attachment":[{"href":"https:\/\/marina-kremik.com\/de\/wp-json\/wp\/v2\/media?parent=2294"}],"curies":[{"name":"wp","href":"https:\/\/api.w.org\/{rel}","templated":true}]}}