{"id":2158,"date":"2021-03-12T11:32:37","date_gmt":"2021-03-12T11:32:37","guid":{"rendered":"https:\/\/marina-kremik.com\/general-info\/"},"modified":"2023-10-11T16:33:09","modified_gmt":"2023-10-11T14:33:09","slug":"uber-uns","status":"publish","type":"page","link":"https:\/\/marina-kremik.com\/de\/uber-uns\/","title":{"rendered":"\u00dcber Uns"},"content":{"rendered":"<div class=\"wpb-content-wrapper\"><p>[vc_row row_height_percent=&#8220;0&#8243; override_padding=&#8220;yes&#8220; h_padding=&#8220;2&#8243; top_padding=&#8220;3&#8243; bottom_padding=&#8220;2&#8243; overlay_alpha=&#8220;50&#8243; gutter_size=&#8220;3&#8243; column_width_percent=&#8220;100&#8243; shift_y=&#8220;0&#8243; z_index=&#8220;0&#8243;][vc_column column_width_percent=&#8220;100&#8243; gutter_size=&#8220;2&#8243; override_padding=&#8220;yes&#8220; column_padding=&#8220;2&#8243; back_color=&#8220;color-207971&#8243; overlay_alpha=&#8220;50&#8243; border_color=&#8220;color-platinum&#8220; border_style=&#8220;solid&#8220; shift_x=&#8220;0&#8243; shift_y=&#8220;0&#8243; shift_y_down=&#8220;0&#8243; z_index=&#8220;0&#8243; medium_width=&#8220;0&#8243; mobile_width=&#8220;0&#8243; width=&#8220;1\/1&#8243; css=&#8220;.vc_custom_1616154590204{border-left-width: 3px !important;}&#8220;][uncode_breadcrumbs text_lead=&#8220;small&#8220;][vc_custom_heading heading_semantic=&#8220;h1&#8243; text_size=&#8220;h1&#8243; text_weight=&#8220;700&#8243;]Kremik Marina[\/vc_custom_heading][vc_column_text uncode_shortcode_id=&#8220;955155&#8243;]<\/p>\n<p class=\"p1\">Die Marina \u201eKremik\u201c befindet sich in der N\u00e4he von Primo\u0161ten in der malerischen unbewohnten Bucht von Kremik, nach der sie ihren Namen erhielt. Da sie in einer tief ins Festland eingezogenen Bucht liegt, ist sie einer der am besten gesch\u00fctzten H\u00e4fen an der Adria und bietet Seglern und Eignern von Motorschiffen das ganze Jahr \u00fcber ein hohes Ma\u00df an Sicherheit und Schutz. Die Lage der Marina macht sie ideal f\u00fcr Segler, die dem L\u00e4rm und den \u00fcberf\u00fcllten Yachth\u00e4fen in den St\u00e4dten entfliehen und die Privatsph\u00e4re eines geschlossenen Bereichs genie\u00dfen m\u00f6chten, der von Weinbergen und nat\u00fcrlicher Vegetation umgeben ist, w\u00e4hrend die Stadt Primo\u0161ten nur wenige Autominuten entfernt ist. Die Position der Marina ist auch ein idealer Ausgangspunkt f\u00fcr die Erkundung der zentralen und s\u00fcdlichen Adria, da sie 30 Seemeilen vom Kornati-Nationalpark auf der Nordseite und 30 Seemeilen s\u00fcdlich der Insel Vis liegt, weshalb sie ein Favorit unter Bootsfahrern ist.<\/p>\n<p class=\"p1\">Die Marina &#8222;Kremik&#8220; bietet Bootsfahrern seit 1986 Dienstleistungen an und ist stolz auf ihre langj\u00e4hrige Tradition und Qualit\u00e4t der Dienstleistungen sowie auf die kontinuierliche Arbeit an der Verbesserung der Infrastruktur und der Erweiterung der Dienstleistungen f\u00fcr die G\u00e4ste im Hafengebiet.<\/p>\n<p class=\"p1\">Die Marina verf\u00fcgt \u00fcber 393 Liegepl\u00e4tze im Meer, die mit Fingern zum leichteren Andocken ausgestattet sind, und 150 Liegepl\u00e4tze an Land, von denen jeder mit Wasser und Strom (220 V\/380 V) versorgt ist und Schiffe mit einer L\u00e4nge von bis zu 26 m aufnehmen kann. Sie hat auch Liegepl\u00e4tze f\u00fcr kleinere und gr\u00f6\u00dfere Yachten.<\/p>\n<p class=\"p1\"><strong>Einrichtungen und Dienstleistungen:<\/strong><\/p>\n<ul>\n<li class=\"p1\">rund um die Uhr bewachte Marina mit Video\u00fcberwachung<\/li>\n<li class=\"p1\">Parkplatz, der sich \u00fcber den gesamten K\u00fcstenteil der Marina erstreckt, ein kostenloser Parkplatz f\u00fcr Bootsbesitzer, die einen Jahresliegeplatz gebucht haben<\/li>\n<li class=\"p1\">die Entleerung von F\u00e4kalientanks ist an den daf\u00fcr vorgesehenen Stellen sichergestellt<\/li>\n<li class=\"p1\">Hilfestellung beim Ein- und Ausschiffen wird vom Matrosen \u00fcber den VHF-Kanal Nummer 17 geleistet<\/li>\n<li class=\"p1\">Taucher auf Anfrage erh\u00e4ltlich<\/li>\n<li class=\"p1\">Travellift<\/li>\n<li class=\"p1\">zwei gro\u00dfe Sanit\u00e4rbl\u00f6cke mit Toiletten und Duschen befinden sich in der N\u00e4he der Liegepl\u00e4tze<\/li>\n<li class=\"p1\">kostenloser WLAN-Zugang in der gesamten Marina mit einem Passwort, das an der Rezeption der Marina erh\u00e4ltlich ist<\/li>\n<li class=\"p1\">Rezeption<\/li>\n<li class=\"p1\">Restaurant<\/li>\n<li class=\"p1\">Supermarkt<\/li>\n<li class=\"p1\">Gesch\u00e4ft f\u00fcr nautische Ausr\u00fcstung<\/li>\n<li class=\"p1\">Verkauf von Yachten<\/li>\n<li class=\"p1\">Tankstelle<\/li>\n<li class=\"p1\">Schiffsservice<\/li>\n<li class=\"p1\">Geldautomaten<\/li>\n<li class=\"p1\">Charterbasen<\/li>\n<\/ul>\n<p>[\/vc_column_text][vc_separator sep_color=&#8220;,Default&#8220;][vc_custom_heading heading_semantic=&#8220;h3&#8243; text_size=&#8220;h3&#8243; text_weight=&#8220;700&#8243; uncode_shortcode_id=&#8220;471694&#8243;]INFORMATIONEN ZUR ANKUNFT IN DER MARINA[\/vc_custom_heading][vc_column_text uncode_shortcode_id=&#8220;203714&#8243;]<\/p>\n<p class=\"p1\">Bei Ihrer Ankunft in der Marina, wenn Sie sich in der N\u00e4he befinden, kontaktieren Sie bitte den Matrosen \u00fcber den VHF-Kanal Nummer 17 oder die Rezeption unter der Telefonnummer +38522570068. Der diensthabende Matrose wird Sie am ersten Ponton abholen, der Sie zum zugewiesenen Liegeplatz f\u00fchrt. Der diensthabende Matrose hilft Ihnen beim Festmachen und gibt Ihnen alle notwendigen technischen Anweisungen und Informationen.<\/p>\n<p class=\"p1\">Wenn Sie Ihr Schiff auf einem Anh\u00e4nger bringen, kontaktieren Sie uns bitte im Voraus, um Informationen \u00fcber die M\u00f6glichkeiten und den Zeitpunkt des Absenkens des Schiffes ins Meer und den Erhalt der Unterlagen f\u00fcr die Abfahrt zu erhalten. Bitte vereinbaren Sie bei der Einfahrt in die Marina einen Stellplatz f\u00fcr Ihren Trailer in der N\u00e4he des Servicebereichs am Hafen.<\/p>\n<p>[\/vc_column_text][\/vc_column][\/vc_row]<\/p>\n<\/div>","protected":false},"excerpt":{"rendered":"<p>[vc_row row_height_percent=&#8220;0&#8243; override_padding=&#8220;yes&#8220; h_padding=&#8220;2&#8243; top_padding=&#8220;3&#8243; bottom_padding=&#8220;2&#8243; overlay_alpha=&#8220;50&#8243; gutter_size=&#8220;3&#8243; column_width_percent=&#8220;100&#8243; shift_y=&#8220;0&#8243; z_index=&#8220;0&#8243;][vc_column column_width_percent=&#8220;100&#8243; gutter_size=&#8220;2&#8243; override_padding=&#8220;yes&#8220; column_padding=&#8220;2&#8243; back_color=&#8220;color-207971&#8243; overlay_alpha=&#8220;50&#8243; border_color=&#8220;color-platinum&#8220; border_style=&#8220;solid&#8220; shift_x=&#8220;0&#8243; [&hellip;]<\/p>\n","protected":false},"author":1,"featured_media":0,"parent":0,"menu_order":0,"comment_status":"closed","ping_status":"closed","template":"","meta":{"footnotes":""},"class_list":["post-2158","page","type-page","status-publish","hentry"],"_links":{"self":[{"href":"https:\/\/marina-kremik.com\/de\/wp-json\/wp\/v2\/pages\/2158","targetHints":{"allow":["GET"]}}],"collection":[{"href":"https:\/\/marina-kremik.com\/de\/wp-json\/wp\/v2\/pages"}],"about":[{"href":"https:\/\/marina-kremik.com\/de\/wp-json\/wp\/v2\/types\/page"}],"author":[{"embeddable":true,"href":"https:\/\/marina-kremik.com\/de\/wp-json\/wp\/v2\/users\/1"}],"replies":[{"embeddable":true,"href":"https:\/\/marina-kremik.com\/de\/wp-json\/wp\/v2\/comments?post=2158"}],"version-history":[{"count":3,"href":"https:\/\/marina-kremik.com\/de\/wp-json\/wp\/v2\/pages\/2158\/revisions"}],"predecessor-version":[{"id":6942,"href":"https:\/\/marina-kremik.com\/de\/wp-json\/wp\/v2\/pages\/2158\/revisions\/6942"}],"wp:attachment":[{"href":"https:\/\/marina-kremik.com\/de\/wp-json\/wp\/v2\/media?parent=2158"}],"curies":[{"name":"wp","href":"https:\/\/api.w.org\/{rel}","templated":true}]}}