{"id":1056,"date":"2021-03-08T15:14:03","date_gmt":"2021-03-08T15:14:03","guid":{"rendered":"https:\/\/marina-kremik.com\/weddings\/"},"modified":"2023-10-11T16:36:55","modified_gmt":"2023-10-11T14:36:55","slug":"rezeption","status":"publish","type":"page","link":"https:\/\/marina-kremik.com\/de\/angebot\/rezeption\/","title":{"rendered":"Rezeption"},"content":{"rendered":"<div class=\"wpb-content-wrapper\"><p>[vc_row row_height_percent=&#8220;0&#8243; override_padding=&#8220;yes&#8220; h_padding=&#8220;2&#8243; top_padding=&#8220;3&#8243; bottom_padding=&#8220;3&#8243; overlay_alpha=&#8220;50&#8243; gutter_size=&#8220;3&#8243; column_width_percent=&#8220;100&#8243; shift_y=&#8220;0&#8243; z_index=&#8220;0&#8243;][vc_column column_width_use_pixel=&#8220;yes&#8220; position_horizontal=&#8220;left&#8220; gutter_size=&#8220;2&#8243; back_color=&#8220;color-207971&#8243; overlay_alpha=&#8220;50&#8243; border_color=&#8220;color-platinum&#8220; border_style=&#8220;solid&#8220; shift_x=&#8220;0&#8243; shift_y=&#8220;0&#8243; shift_y_down=&#8220;0&#8243; z_index=&#8220;0&#8243; medium_width=&#8220;0&#8243; mobile_width=&#8220;0&#8243; radius=&#8220;xs&#8220; width=&#8220;1\/1&#8243; column_width_pixel=&#8220;900&#8243; css=&#8220;.vc_custom_1620908532082{border-left-width: 3px !important;}&#8220;][uncode_breadcrumbs text_lead=&#8220;small&#8220;][vc_custom_heading auto_text=&#8220;yes&#8220; heading_semantic=&#8220;h3&#8243; text_size=&#8220;h1&#8243; text_weight=&#8220;700&#8243;][\/vc_custom_heading][vc_column_text uncode_shortcode_id=&#8220;187927&#8243;]<\/p>\n<p class=\"p1\">Unser mehrsprachiges Team stellt Ihnen alle Informationen zur Verf\u00fcgung, die Sie f\u00fcr einen angenehmen und unvergesslichen Urlaub in der Marina ben\u00f6tigen, und stellt Ihnen je nach Bedarf ein Angebot f\u00fcr j\u00e4hrliche oder andere Liegepl\u00e4tze zusammen.<\/p>\n<p class=\"p1\">Im Rezeptionsbereich gibt es einen Abrechnungsservice f\u00fcr die Marina.<\/p>\n<p class=\"p1\">An der Rezeption erhalten Sie Unterst\u00fctzung bei der Bestellung eines Taxi- oder Mietwagenservices, eines W\u00e4scheservices in der N\u00e4he der Marina oder anderer Dienstleistungen.<\/p>\n<p class=\"p1\"><strong>\u00d6ffnungszeiten der Rezeption:<\/strong><\/p>\n<p class=\"p1\">&#8211; Sommerarbeitszeit (vom 1. April bis 31. Oktober) t\u00e4glich von 07:00 bis 21:00 Uhr,<\/p>\n<p class=\"p1\">&#8211; Winterarbeitszeit (vom 1. November bis 31. M\u00e4rz) wochentags von 08:00 bis 15:00 Uhr, samstags von 08:00 bis 13:00 Uhr; an Sonn- und Feiertagen geschlossen.<\/p>\n<p class=\"p1\">Telefon: +385 22 570 068<\/p>\n<p class=\"p1\">Mail: marina-kremik@marina-kremik.com<\/p>\n<p>[\/vc_column_text][vc_single_image media=&#8220;5743&#8243; media_width_percent=&#8220;100&#8243; shape=&#8220;img-round&#8220; radius=&#8220;std&#8220; uncode_shortcode_id=&#8220;193030&#8243;][\/vc_column][\/vc_row]<\/p>\n<\/div>","protected":false},"excerpt":{"rendered":"<p>[vc_row row_height_percent=&#8220;0&#8243; override_padding=&#8220;yes&#8220; h_padding=&#8220;2&#8243; top_padding=&#8220;3&#8243; bottom_padding=&#8220;3&#8243; overlay_alpha=&#8220;50&#8243; gutter_size=&#8220;3&#8243; column_width_percent=&#8220;100&#8243; shift_y=&#8220;0&#8243; z_index=&#8220;0&#8243;][vc_column column_width_use_pixel=&#8220;yes&#8220; position_horizontal=&#8220;left&#8220; gutter_size=&#8220;2&#8243; back_color=&#8220;color-207971&#8243; overlay_alpha=&#8220;50&#8243; border_color=&#8220;color-platinum&#8220; border_style=&#8220;solid&#8220; shift_x=&#8220;0&#8243; shift_y=&#8220;0&#8243; [&hellip;]<\/p>\n","protected":false},"author":1,"featured_media":5366,"parent":2300,"menu_order":0,"comment_status":"closed","ping_status":"closed","template":"","meta":{"footnotes":""},"class_list":["post-1056","page","type-page","status-publish","has-post-thumbnail","hentry","page_category-offer-de"],"_links":{"self":[{"href":"https:\/\/marina-kremik.com\/de\/wp-json\/wp\/v2\/pages\/1056","targetHints":{"allow":["GET"]}}],"collection":[{"href":"https:\/\/marina-kremik.com\/de\/wp-json\/wp\/v2\/pages"}],"about":[{"href":"https:\/\/marina-kremik.com\/de\/wp-json\/wp\/v2\/types\/page"}],"author":[{"embeddable":true,"href":"https:\/\/marina-kremik.com\/de\/wp-json\/wp\/v2\/users\/1"}],"replies":[{"embeddable":true,"href":"https:\/\/marina-kremik.com\/de\/wp-json\/wp\/v2\/comments?post=1056"}],"version-history":[{"count":2,"href":"https:\/\/marina-kremik.com\/de\/wp-json\/wp\/v2\/pages\/1056\/revisions"}],"predecessor-version":[{"id":6946,"href":"https:\/\/marina-kremik.com\/de\/wp-json\/wp\/v2\/pages\/1056\/revisions\/6946"}],"up":[{"embeddable":true,"href":"https:\/\/marina-kremik.com\/de\/wp-json\/wp\/v2\/pages\/2300"}],"wp:featuredmedia":[{"embeddable":true,"href":"https:\/\/marina-kremik.com\/de\/wp-json\/wp\/v2\/media\/5366"}],"wp:attachment":[{"href":"https:\/\/marina-kremik.com\/de\/wp-json\/wp\/v2\/media?parent=1056"}],"curies":[{"name":"wp","href":"https:\/\/api.w.org\/{rel}","templated":true}]}}